{"id":2729,"date":"2018-03-27T08:00:44","date_gmt":"2018-03-27T07:00:44","guid":{"rendered":"https:\/\/www.fordesi.pt\/?page_id=2729"},"modified":"2018-06-15T14:34:29","modified_gmt":"2018-06-15T14:34:29","slug":"businesses","status":"publish","type":"page","link":"https:\/\/www.fordesi.pt\/en\/businesses\/","title":{"rendered":"Businesses"},"content":{"rendered":"<p>[vc_row][vc_column]<div id=\"ultimate-heading-627369f48a516df43\" class=\"uvc-heading ult-adjust-bottom-margin ultimate-heading-627369f48a516df43 uvc-637  uvc-heading-default-font-sizes\" data-hspacer=\"no_spacer\"  data-halign=\"left\" style=\"text-align:left\"><div class=\"uvc-heading-spacer no_spacer\" style=\"top\"><\/div><div class=\"uvc-main-heading ult-responsive\"  data-ultimate-target='.uvc-heading.ultimate-heading-627369f48a516df43 h3'  data-responsive-json-new='{\"font-size\":\"\",\"line-height\":\"\"}' ><h3 style=\"--font-weight:theme;margin-bottom:5px;\">Em tudo o que fazemos<\/h3><\/div><div class=\"uvc-sub-heading ult-responsive\"  data-ultimate-target='.uvc-heading.ultimate-heading-627369f48a516df43 .uvc-sub-heading '  data-responsive-json-new='{\"font-size\":\"desktop:20px;\",\"line-height\":\"desktop:30px;\"}'  style=\"font-weight:normal;margin-bottom:15px;\">privilegiamos fatores de inova\u00e7\u00e3o e desenvolvimento tecnol\u00f3gico como catalisadores da automatiza\u00e7\u00e3o e melhoria cont\u00ednua dos processos nos setores da log\u00edstica e transportes.<\/div><\/div><div id=\"ultimate-heading-714069f48a516dfe9\" class=\"uvc-heading ult-adjust-bottom-margin ultimate-heading-714069f48a516dfe9 uvc-5957  uvc-heading-default-font-sizes\" data-hspacer=\"no_spacer\"  data-halign=\"left\" style=\"text-align:left\"><div class=\"uvc-heading-spacer no_spacer\" style=\"top\"><\/div><div class=\"uvc-sub-heading ult-responsive\"  data-ultimate-target='.uvc-heading.ultimate-heading-714069f48a516dfe9 .uvc-sub-heading '  data-responsive-json-new='{\"font-size\":\"desktop:16px;\",\"line-height\":\"desktop:24px;\"}'  style=\"font-weight:normal;margin-bottom:30px;\">Esta abordagem est\u00e1 espelhada nas 3 \u00e1reas de atua\u00e7\u00e3o que representam a forma como procuramos sempre acrescentar valor:<\/div><\/div>[\/vc_column][\/vc_row][vc_row type=&#8221;vc_default&#8221; equal_height=&#8221;yes&#8221; margin_top=&#8221;-50&#8243; margin_bottom=&#8221;40&#8243; bg_type=&#8221;bg_color&#8221; bg_override=&#8221;ex-full&#8221; bg_color_value=&#8221;#ffffff&#8221; css=&#8221;.vc_custom_1522226557203{margin-top: 60px !important;}&#8221;][vc_column width=&#8221;1\/2&#8243;]<div class=\"aio-icon-component  vc_custom_1525971019414  accent-icon-color style_1\"><div id=\"Info-box-wrap-4623\" class=\"aio-icon-box left-icon\" style=\"\"  ><div class=\"aio-icon-left\"><div class=\"ult-just-icon-wrapper  \"><div class=\"align-icon\" style=\"text-align:center;\">\n<div class=\"aio-icon none \" data-animation=\"fadeIn\" data-animation-delay=\"03\" style=\"font-size:60px;display:inline-block;\">\n\t<i class=\"icomoon-numbers-32x32-number\"><\/i>\n<\/div><\/div><\/div><\/div><div class=\"aio-ibd-block\"><div class=\"aio-icon-header\" ><h3 class=\"aio-icon-title ult-responsive\"  data-ultimate-target='#Info-box-wrap-4623 .aio-icon-title'  data-responsive-json-new='{\"font-size\":\"desktop:34px;\",\"line-height\":\"desktop:40px;\"}'  style=\"font-weight:300;color:#08bfdd;\">Consultoria e Inova\u00e7\u00e3o<\/h3><\/div> <!-- header --><div class=\"aio-icon-description ult-responsive\"  data-ultimate-target='#Info-box-wrap-4623 .aio-icon-description'  data-responsive-json-new='{\"font-size\":\"\",\"line-height\":\"\"}'  style=\"\"><\/p>\n<ul>\n<li>Planeamento Estrat\u00e9gico e Organizacional<\/li>\n<li>An\u00e1lise, Reengenharia de Processos e Gest\u00e3o da Mudan\u00e7a<\/li>\n<li>Gest\u00e3o de projetos e implementa\u00e7\u00e3o de solu\u00e7\u00f5es e localiza\u00e7\u00e3o de produtos<\/li>\n<li>Gest\u00e3o do Conhecimento e Business Intelligence<\/li>\n<li>Forma\u00e7\u00e3o &#8220;On-The-Job&#8221; \/ Capacity Building<\/li>\n<\/ul>\n<p><\/div> <!-- description --><\/div> <!-- aio-ibd-block --><\/div> <!-- aio-icon-box --><\/div> <!-- aio-icon-component -->[\/vc_column][vc_column width=&#8221;1\/2&#8243; offset=&#8221;vc_hidden-sm vc_hidden-xs&#8221;][vc_single_image image=&#8221;2580&#8243; img_size=&#8221;large&#8221; alignment=&#8221;right&#8221; css_animation=&#8221;fadeInRight&#8221; image_hovers=&#8221;false&#8221; lazy_loading=&#8221;true&#8221;][\/vc_column][\/vc_row][vc_row type=&#8221;vc_default&#8221; margin_top=&#8221;-50&#8243; margin_bottom=&#8221;40&#8243; bg_type=&#8221;bg_color&#8221; bg_override=&#8221;ex-full&#8221; css=&#8221;.vc_custom_1522226567800{padding-top: 15px !important;}&#8221; bg_color_value=&#8221;#ffffff&#8221;][vc_column offset=&#8221;vc_hidden-lg vc_hidden-md&#8221;][vc_single_image image=&#8221;2580&#8243; img_size=&#8221;large&#8221; alignment=&#8221;center&#8221; css_animation=&#8221;none&#8221; image_hovers=&#8221;false&#8221; lazy_loading=&#8221;true&#8221;][\/vc_column][\/vc_row][vc_row type=&#8221;vc_default&#8221; equal_height=&#8221;yes&#8221; margin_top=&#8221;-50&#8243; margin_bottom=&#8221;40&#8243; bg_type=&#8221;bg_color&#8221; bg_override=&#8221;ex-full&#8221; bg_color_value=&#8221;#ffffff&#8221; css=&#8221;.vc_custom_1522226640722{margin-top: 60px !important;}&#8221;][vc_column width=&#8221;1\/2&#8243; offset=&#8221;vc_hidden-sm vc_hidden-xs&#8221;][vc_single_image image=&#8221;2581&#8243; img_size=&#8221;large&#8221; css_animation=&#8221;fadeInLeft&#8221; image_hovers=&#8221;false&#8221; lazy_loading=&#8221;true&#8221;][\/vc_column][vc_column width=&#8221;1\/2&#8243;]<div class=\"aio-icon-component  vc_custom_1525970959663  accent-icon-color style_1\"><div id=\"Info-box-wrap-6094\" class=\"aio-icon-box left-icon\" style=\"\"  ><div class=\"aio-icon-left\"><div class=\"ult-just-icon-wrapper  \"><div class=\"align-icon\" style=\"text-align:center;\">\n<div class=\"aio-icon none \" data-animation=\"fadeIn\" data-animation-delay=\"03\" style=\"font-size:60px;display:inline-block;\">\n\t<i class=\"icomoon-numbers-32x32-number2\"><\/i>\n<\/div><\/div><\/div><\/div><div class=\"aio-ibd-block\"><div class=\"aio-icon-header\" ><h3 class=\"aio-icon-title ult-responsive\"  data-ultimate-target='#Info-box-wrap-6094 .aio-icon-title'  data-responsive-json-new='{\"font-size\":\"desktop:34px;\",\"line-height\":\"desktop:40px;\"}'  style=\"font-weight:300;color:#08bfdd;\">Sistemas e Tecnologias de Informa\u00e7\u00e3o<\/h3><\/div> <!-- header --><div class=\"aio-icon-description ult-responsive\"  data-ultimate-target='#Info-box-wrap-6094 .aio-icon-description'  data-responsive-json-new='{\"font-size\":\"\",\"line-height\":\"\"}'  style=\"\"><\/p>\n<ul>\n<li>Sistemas integrados para terminais log\u00edsticos, rodovi\u00e1rios, ferrovi\u00e1rios e gran\u00e9is<\/li>\n<li>Constru\u00e7\u00e3o de datawarehouses para a explora\u00e7\u00e3o de informa\u00e7\u00e3o<\/li>\n<li>Plataformas Gest\u00e3o de Indicadores, Balanced Scorecard e Business Intelligence<\/li>\n<li>Servi\u00e7os e plataformas de integra\u00e7\u00e3o digital B2B, B2C e HUBs EAI<\/li>\n<li>Solu\u00e7\u00f5es de mobilidade instruais dedicadas para conting\u00eancia e de alta performance<\/li>\n<li>Plataformas de desmaterializa\u00e7\u00e3o, recolha e tratamento de inqu\u00e9ritos em larga escala<\/li>\n<li>Plataformas de suporte \u00e0 estrat\u00e9gia e gest\u00e3o da forma\u00e7\u00e3o, quadros e compet\u00eancias<\/li>\n<\/ul>\n<p><\/div> <!-- description --><\/div> <!-- aio-ibd-block --><\/div> <!-- aio-icon-box --><\/div> <!-- aio-icon-component -->[\/vc_column][\/vc_row][vc_row type=&#8221;vc_default&#8221; margin_top=&#8221;-50&#8243; margin_bottom=&#8221;40&#8243; bg_type=&#8221;bg_color&#8221; bg_override=&#8221;ex-full&#8221; css=&#8221;.vc_custom_1522226584225{padding-top: 15px !important;}&#8221; bg_color_value=&#8221;#ffffff&#8221;][vc_column offset=&#8221;vc_hidden-lg vc_hidden-md&#8221;][vc_single_image image=&#8221;2581&#8243; img_size=&#8221;large&#8221; alignment=&#8221;center&#8221; css_animation=&#8221;none&#8221; image_hovers=&#8221;false&#8221; lazy_loading=&#8221;true&#8221;][\/vc_column][\/vc_row][vc_row type=&#8221;vc_default&#8221; equal_height=&#8221;yes&#8221; margin_top=&#8221;-50&#8243; margin_bottom=&#8221;40&#8243; bg_type=&#8221;bg_color&#8221; bg_override=&#8221;ex-full&#8221; bg_color_value=&#8221;#ffffff&#8221; css=&#8221;.vc_custom_1522226649554{margin-top: 60px !important;}&#8221;][vc_column width=&#8221;1\/2&#8243;]<div class=\"aio-icon-component  vc_custom_1525971112446  accent-icon-color style_1\"><div id=\"Info-box-wrap-5784\" class=\"aio-icon-box left-icon\" style=\"\"  ><div class=\"aio-icon-left\"><div class=\"ult-just-icon-wrapper  \"><div class=\"align-icon\" style=\"text-align:center;\">\n<div class=\"aio-icon none \" data-animation=\"fadeIn\" data-animation-delay=\"03\" style=\"font-size:60px;display:inline-block;\">\n\t<i class=\"icomoon-numbers-32x32-number3\"><\/i>\n<\/div><\/div><\/div><\/div><div class=\"aio-ibd-block\"><div class=\"aio-icon-header\" ><h3 class=\"aio-icon-title ult-responsive\"  data-ultimate-target='#Info-box-wrap-5784 .aio-icon-title'  data-responsive-json-new='{\"font-size\":\"desktop:34px;\",\"line-height\":\"desktop:40px;\"}'  style=\"font-weight:300;color:#08bfdd;\">Investiga\u00e7\u00e3o e Desenvolvimento<\/h3><\/div> <!-- header --><div class=\"aio-icon-description ult-responsive\"  data-ultimate-target='#Info-box-wrap-5784 .aio-icon-description'  data-responsive-json-new='{\"font-size\":\"\",\"line-height\":\"\"}'  style=\"\"><\/p>\n<ul>\n<li>Promotor e\/ou participante em projetos de Investiga\u00e7\u00e3o e Inova\u00e7\u00e3o nacionais e internacionais<\/li>\n<li>Associado \u00e0 rede de ID&amp;T que inclui Universidades, Polit\u00e9cnicos e Laborat\u00f3rios Associados<\/li>\n<li>Inova\u00e7\u00e3o para cadeias log\u00edsticas suportadas em plataformas IoT e Bigdata<\/li>\n<li>Promo\u00e7\u00e3o de frameworks abertos para a implementa\u00e7\u00e3o de sistemas log\u00edsticos e de transportes<\/li>\n<li>Plataformas de processamento de standards digitais para a log\u00edstica<\/li>\n<li>Business services e web portals para clients e stakeholders<\/li>\n<\/ul>\n<p><\/div> <!-- description --><\/div> <!-- aio-ibd-block --><\/div> <!-- aio-icon-box --><\/div> <!-- aio-icon-component -->[\/vc_column][vc_column width=&#8221;1\/2&#8243; offset=&#8221;vc_hidden-sm vc_hidden-xs&#8221;][vc_single_image image=&#8221;2582&#8243; img_size=&#8221;large&#8221; alignment=&#8221;right&#8221; css_animation=&#8221;fadeInRight&#8221; image_hovers=&#8221;false&#8221; lazy_loading=&#8221;true&#8221;][\/vc_column][\/vc_row][vc_row type=&#8221;vc_default&#8221; margin_top=&#8221;-50&#8243; margin_bottom=&#8221;40&#8243; bg_type=&#8221;bg_color&#8221; bg_override=&#8221;ex-full&#8221; css=&#8221;.vc_custom_1522226473169{padding-top: 15px !important;}&#8221; bg_color_value=&#8221;#ffffff&#8221;][vc_column offset=&#8221;vc_hidden-lg vc_hidden-md&#8221;][vc_single_image image=&#8221;2582&#8243; img_size=&#8221;large&#8221; alignment=&#8221;center&#8221; css_animation=&#8221;none&#8221; image_hovers=&#8221;false&#8221; lazy_loading=&#8221;true&#8221;][\/vc_column][\/vc_row][vc_row type=&#8221;5&#8243; equal_height=&#8221;yes&#8221; content_placement=&#8221;middle&#8221; parallax=&#8221;content-moving&#8221; parallax_image=&#8221;2125&#8243; padding_top=&#8221;60&#8243; padding_bottom=&#8221;60&#8243; bg_cover=&#8221;true&#8221; enable_parallax=&#8221;false&#8221; css=&#8221;.vc_custom_1526033038594{padding-top: 60px !important;padding-bottom: 60px !important;}&#8221; bg_image=&#8221;https:\/\/www.fordesi.pt\/wp-content\/uploads\/2018\/05\/cta-footer.jpg&#8221;][vc_column width=&#8221;2\/3&#8243;]<div id=\"ultimate-heading-304169f48a516e45c\" class=\"uvc-heading ult-adjust-bottom-margin ultimate-heading-304169f48a516e45c uvc-8550 \" data-hspacer=\"no_spacer\"  data-halign=\"left\" style=\"text-align:left\"><div class=\"uvc-heading-spacer no_spacer\" style=\"top\"><\/div><div class=\"uvc-main-heading ult-responsive\"  data-ultimate-target='.uvc-heading.ultimate-heading-304169f48a516e45c h2'  data-responsive-json-new='{\"font-size\":\"desktop:48px;\",\"line-height\":\"desktop:58px;\"}' ><h2 style=\"--font-weight:theme;\">PRECISA DE UMA SOLU\u00c7\u00c3O \u00c0 MEDIDA?<\/h2><\/div><div class=\"uvc-sub-heading ult-responsive\"  data-ultimate-target='.uvc-heading.ultimate-heading-304169f48a516e45c .uvc-sub-heading '  data-responsive-json-new='{\"font-size\":\"desktop:20px;\",\"line-height\":\"desktop:30px;\"}'  style=\"font-weight:normal;\">Contacte-nos para podermos ajud\u00e1-lo.<\/div><\/div>[\/vc_column][vc_column width=&#8221;1\/3&#8243;][vc_empty_space height=&#8221;30px&#8221;]<style type=\"text\/css\" data-type=\"the7_shortcodes-inline-css\">#default-btn-b3794f0929706d8324fbb60160203912.ico-right-side > i {\n  margin-right: 0px;\n  margin-left: 8px;\n}\n#default-btn-b3794f0929706d8324fbb60160203912 > i {\n  margin-right: 8px;\n}\n#default-btn-b3794f0929706d8324fbb60160203912 * {\n  vertical-align: middle;\n}\n<\/style><a href=\"https:\/\/www.fordesi.pt\/quem-somos\/contactos\/\" class=\"default-btn-shortcode dt-btn dt-btn-l link-hover-off ico-right-side btn-inline-left \" id=\"default-btn-b3794f0929706d8324fbb60160203912\" title=\"Contacte-nos\"><span>CONTACTE-NOS<\/span><i class=\"fa fa-arrow-circle-right\"><\/i><\/a>[\/vc_column][\/vc_row]<\/p>\n","protected":false},"excerpt":{"rendered":"<p>[vc_row][vc_column][\/vc_column][\/vc_row][vc_row type=&#8221;vc_default&#8221; equal_height=&#8221;yes&#8221; margin_top=&#8221;-50&#8243; margin_bottom=&#8221;40&#8243; bg_type=&#8221;bg_color&#8221; bg_override=&#8221;ex-full&#8221; bg_color_value=&#8221;#ffffff&#8221; css=&#8221;.vc_custom_1522226557203{margin-top: 60px !important;}&#8221;][vc_column width=&#8221;1\/2&#8243;][\/vc_column][vc_column width=&#8221;1\/2&#8243; offset=&#8221;vc_hidden-sm vc_hidden-xs&#8221;][vc_single_image image=&#8221;2580&#8243; img_size=&#8221;large&#8221; alignment=&#8221;right&#8221; css_animation=&#8221;fadeInRight&#8221; image_hovers=&#8221;false&#8221; lazy_loading=&#8221;true&#8221;][\/vc_column][\/vc_row][vc_row type=&#8221;vc_default&#8221; margin_top=&#8221;-50&#8243; margin_bottom=&#8221;40&#8243; bg_type=&#8221;bg_color&#8221; bg_override=&#8221;ex-full&#8221; css=&#8221;.vc_custom_1522226567800{padding-top: 15px !important;}&#8221; bg_color_value=&#8221;#ffffff&#8221;][vc_column offset=&#8221;vc_hidden-lg vc_hidden-md&#8221;][vc_single_image image=&#8221;2580&#8243; img_size=&#8221;large&#8221; alignment=&#8221;center&#8221; css_animation=&#8221;none&#8221; image_hovers=&#8221;false&#8221; lazy_loading=&#8221;true&#8221;][\/vc_column][\/vc_row][vc_row type=&#8221;vc_default&#8221; equal_height=&#8221;yes&#8221; margin_top=&#8221;-50&#8243; margin_bottom=&#8221;40&#8243; bg_type=&#8221;bg_color&#8221; bg_override=&#8221;ex-full&#8221; bg_color_value=&#8221;#ffffff&#8221; css=&#8221;.vc_custom_1522226640722{margin-top: 60px !important;}&#8221;][vc_column width=&#8221;1\/2&#8243; offset=&#8221;vc_hidden-sm vc_hidden-xs&#8221;][vc_single_image image=&#8221;2581&#8243; img_size=&#8221;large&#8221; css_animation=&#8221;fadeInLeft&#8221; image_hovers=&#8221;false&#8221;&hellip;<\/p>\n","protected":false},"author":1,"featured_media":2701,"parent":0,"menu_order":20,"comment_status":"closed","ping_status":"closed","template":"","meta":[],"_links":{"self":[{"href":"https:\/\/www.fordesi.pt\/en\/wp-json\/wp\/v2\/pages\/2729\/"}],"collection":[{"href":"https:\/\/www.fordesi.pt\/en\/wp-json\/wp\/v2\/pages\/"}],"about":[{"href":"https:\/\/www.fordesi.pt\/en\/wp-json\/wp\/v2\/types\/page\/"}],"author":[{"embeddable":true,"href":"https:\/\/www.fordesi.pt\/en\/wp-json\/wp\/v2\/users\/1\/"}],"replies":[{"embeddable":true,"href":"https:\/\/www.fordesi.pt\/en\/wp-json\/wp\/v2\/comments\/?post=2729"}],"version-history":[{"count":3,"href":"https:\/\/www.fordesi.pt\/en\/wp-json\/wp\/v2\/pages\/2729\/revisions\/"}],"predecessor-version":[{"id":2732,"href":"https:\/\/www.fordesi.pt\/en\/wp-json\/wp\/v2\/pages\/2729\/revisions\/2732\/"}],"wp:featuredmedia":[{"embeddable":true,"href":"https:\/\/www.fordesi.pt\/en\/wp-json\/wp\/v2\/media\/2701\/"}],"wp:attachment":[{"href":"https:\/\/www.fordesi.pt\/en\/wp-json\/wp\/v2\/media\/?parent=2729"}],"curies":[{"name":"wp","href":"https:\/\/api.w.org\/{rel}","templated":true}]}}