{"id":2740,"date":"2018-05-08T18:46:46","date_gmt":"2018-05-08T17:46:46","guid":{"rendered":"https:\/\/www.fordesi.pt\/solutions\/multimodal-terminal-management\/"},"modified":"2019-02-01T17:27:24","modified_gmt":"2019-02-01T17:27:24","slug":"gestao-para-terminais-multimodais-de-mercadorias","status":"publish","type":"page","link":"https:\/\/www.fordesi.pt\/en\/solucoes\/gestao-para-terminais-multimodais-de-mercadorias\/","title":{"rendered":"Multimodal Terminal Management"},"content":{"rendered":"<p>[vc_row][vc_column][vc_row_inner equal_height=&#8221;yes&#8221; content_placement=&#8221;middle&#8221;][vc_column_inner width=&#8221;2\/3&#8243;]<div id=\"ultimate-heading-598769f48d040dbfe\" class=\"uvc-heading ult-adjust-bottom-margin ultimate-heading-598769f48d040dbfe uvc-7904 accent-title-color uvc-heading-default-font-sizes\" data-hspacer=\"no_spacer\"  data-halign=\"left\" style=\"text-align:left\"><div class=\"uvc-heading-spacer no_spacer\" style=\"top\"><\/div><div class=\"uvc-main-heading ult-responsive\"  data-ultimate-target='.uvc-heading.ultimate-heading-598769f48d040dbfe h2'  data-responsive-json-new='{\"font-size\":\"\",\"line-height\":\"\"}' ><h2 style=\"--font-weight:theme;margin-top:5px;margin-bottom:5px;\">Desafios e Motiva\u00e7\u00e3o<\/h2><\/div><\/div>[vc_empty_space height=&#8221;15px&#8221;][vc_column_text]<\/p>\n<ul>\n<li>Gest\u00e3o integrada dos terminais de mercadorias e da sua intermodalidade;<\/li>\n<li>Integra\u00e7\u00e3o de portarias, parqueamento e mercadorias e expedi\u00e7\u00e3o rodovi\u00e1ria e ferrovi\u00e1ria;<\/li>\n<li>Melhoria no servi\u00e7o prestado aos clientes e pela efici\u00eancia de atendimento nas portarias;<\/li>\n<li>Rapidez na carga e descarga de ve\u00edculo rodovi\u00e1rios e ferrovi\u00e1rios assim como redu\u00e7\u00e3o da carga administrativa;<\/li>\n<li>Estrat\u00e9gia de desmaterializa\u00e7\u00e3o 100% da documenta\u00e7\u00e3o &#8211; \u201csem papel\u201d e \u201csem emails\u201d;<\/li>\n<li>Participa\u00e7\u00e3o das alf\u00e2ndegas nos processos reduzindo a carga administrativa;<\/li>\n<li>Qualidade e quantidade dos eventos de rastreabilidade das opera\u00e7\u00f5es e processos com localiza\u00e7\u00e3o das unidades em parque, por via do uso de solu\u00e7\u00f5es m\u00f3veis;<\/li>\n<li>Fatura\u00e7\u00e3o integrada e liga\u00e7\u00e3o ao ERP.<\/li>\n<\/ul>\n<p>[\/vc_column_text][vc_empty_space height=&#8221;15px&#8221;][\/vc_column_inner][vc_column_inner width=&#8221;1\/3&#8243;][vc_single_image image=&#8221;2593&#8243; img_size=&#8221;large&#8221; image_hovers=&#8221;false&#8221; lazy_loading=&#8221;true&#8221;][vc_empty_space height=&#8221;30px&#8221;][\/vc_column_inner][\/vc_row_inner][vc_empty_space height=&#8221;30px&#8221;]<div id=\"ultimate-heading-543069f48d040dc91\" class=\"uvc-heading ult-adjust-bottom-margin ultimate-heading-543069f48d040dc91 uvc-8430 accent-title-color uvc-heading-default-font-sizes\" data-hspacer=\"no_spacer\"  data-halign=\"left\" style=\"text-align:left\"><div class=\"uvc-heading-spacer no_spacer\" style=\"top\"><\/div><div class=\"uvc-main-heading ult-responsive\"  data-ultimate-target='.uvc-heading.ultimate-heading-543069f48d040dc91 h2'  data-responsive-json-new='{\"font-size\":\"\",\"line-height\":\"\"}' ><h2 style=\"--font-weight:theme;margin-top:5px;margin-bottom:5px;\">Why this solution ?<\/h2><\/div><\/div>[vc_empty_space height=&#8221;15px&#8221;]<div id=\"advanced-tabs-desc-wrap-1943\" class=\"ult_tabs \" style=\" margin-top:15px;margin-right:0px;margin-bottom:30px;margin-left:0px;\" data-tabsstyle=\"style3\"\r\n data-titlebg=\"#ffffff\" data-titlecolor=\"#b0bec5\" data-fullheight=\"off\"\r\n data-titlehoverbg=\"#ffffff\" data-titlehovercolor=\"#62727d\"\r\n data-rotatetabs=\"0\" data-responsivemode=\"Both\" data-animation=\"Fade\"\r\ndata-activetitle=\"#08bfdd\" data-activeicon=\"\" data-activebg=\"#ffffff\"  data-respmode=\"Accordion\" data-respwidth=\"768\" data-scroll = \"on\" data-activeindex=\"1\"><ul id=advanced-tabs-wrap-7359 class=\"ult_tabmenu style3 \" style=\"\"><li class=\"ult_tab_li  \" data-iconcolor=\"#74777b\" data-iconhover=\"#ffffff\" style=\"background-color:#ffffff;border-color:transparent;border-width:0px;border-style:solid;border-top-left-radius:0px;\">\r\n\t\t\t\t\t<a href=\"#1525538013266-2\"  id=\"1525538013266-2\"  style=\"color:#b0bec5;; padding:15px; \" class=\"ult_a  \">\r\n\t\t\t\t\t     <span class=\"ult_tab_main Both \">\r\n\t\t\t\t\t \t\t <span class=\"ult_tab_section\">\r\n\t\t\t\t\t   \t\t\t<span  data-ultimate-target='#advanced-tabs-wrap-7359 .ult-span-text'  data-responsive-json-new='{\"font-size\":\"desktop:18px;\",\"line-height\":\"\"}'  class=\"ult-span-text no_icon ult_tab_display_text ult-responsive\" style=\"font-family:Raleway;font-weight:500;;\">Benef\u00edcios<\/span>\r\n\t\t\t\t\t   \t\t<\/span>\r\n\t\t\t\t\t\t<\/span>\r\n\t\t\t\t\t<\/a>\r\n\t\t\t\t\t<\/li><li class=\"ult_tab_li  \" data-iconcolor=\"#74777b\" data-iconhover=\"#ffffff\" style=\"background-color:#ffffff;border-color:transparent;border-width:0px;border-style:solid;border-top-right-radius:0px;\">\r\n\t\t\t\t\t<a href=\"#1525538013339-10\"  id=\"1525538013339-10\"  style=\"color:#b0bec5;; padding:15px; \" class=\"ult_a  \">\r\n\t\t\t\t\t     <span class=\"ult_tab_main Both \">\r\n\t\t\t\t\t \t\t <span class=\"ult_tab_section\">\r\n\t\t\t\t\t   \t\t\t<span  data-ultimate-target='#advanced-tabs-wrap-7359 .ult-span-text'  data-responsive-json-new='{\"font-size\":\"desktop:18px;\",\"line-height\":\"\"}'  class=\"ult-span-text no_icon ult_tab_display_text ult-responsive\" style=\"font-family:Raleway;font-weight:500;;\">Solu\u00e7\u00e3o<\/span>\r\n\t\t\t\t\t   \t\t<\/span>\r\n\t\t\t\t\t\t<\/span>\r\n\t\t\t\t\t<\/a>\r\n\t\t\t\t\t<\/li><\/ul><div  data-ultimate-target='#advanced-tabs-desc-wrap-1943 .ult_tabcontent .ult_tab_min_contain  p'  data-responsive-json-new='{\"font-size\":\"\",\"line-height\":\"\"}' class=\"ult_tabcontent ult-responsive style3\" style=\"background-color:#ffffff;color:#74777b;\"><div class=\"ult_tab_min_contain \" >\n\t\t\t<div  class=\"ult_tabitemname\"  >\n\t\t\t\t[vc_empty_space height=&#8221;30px&#8221;][vc_column_text]<\/p>\n<h3>Benef\u00edcios:<\/h3>\n<ul>\n<li>Rapidez de atendimento nas portarias, por via das pr\u00e9-autoriza\u00e7\u00f5es online;<\/li>\n<li>Rapidez na carga e descarga de comboios e redu\u00e7\u00e3o da carga administrativa por via da desmaterializa\u00e7\u00e3o da documenta\u00e7\u00e3o;<\/li>\n<li>Portal Web com self-service para servi\u00e7os e tracking das mercadorias;<\/li>\n<li>Acesso Web para clientes, agentes, despachantes, transportadores e alf\u00e2ndegas com crit\u00e9rios de acesso adequados;<\/li>\n<li>Atendimento, comunica\u00e7\u00f5es e tracking em funcionamento 24 horas x 365 dias;<\/li>\n<li>Melhoria no servi\u00e7o prestado aos clientes, fornecedores e parceiros;<\/li>\n<li>Redu\u00e7\u00e3o de erros administrativos e dos pontos \u00fanicos de falha;<\/li>\n<li>Aplica\u00e7\u00e3o mobile com funcionamento offline que suporta processos realizados no parque, nomeadamente: conferir comboios, registar ve\u00edculos, mercadorias, danos e temperaturas;<\/li>\n<li>Rapidez no tratamento dos processos para Alf\u00e2ndega e regimes alfandeg\u00e1rios;<\/li>\n<li>Liga\u00e7\u00e3o \u00e0 JUP\/JUL para mensagens operativas de autoriza\u00e7\u00f5es de levante e entrega de mercadoria, carga e descarga de comboios com desmaterializa\u00e7\u00e3o total da sua documenta\u00e7\u00e3o;<\/li>\n<li>Gest\u00e3o do parqueamento das mercadorias com configura\u00e7\u00e3o din\u00e2mica de layout e registo de movimentos internos;<\/li>\n<\/ul>\n<p>[\/vc_column_text]\n\t\t\t<\/div>\n\t\t\t<div  class=\"ult_tabitemname\"  >\n\t\t\t\t[vc_column_text]<\/p>\n<h3>Solu\u00e7\u00e3o:<\/h3>\n<ul>\n<li>Portal de gest\u00e3o integrado dos processos log\u00edsticos de ve\u00edculos rodovi\u00e1rios e ferrovi\u00e1rios e das mercadorias;<\/li>\n<li>Acesso para clientes, agentes, despachantes, transportadores e alf\u00e2ndegas com crit\u00e9rios de acesso adequados;<\/li>\n<li>Desmaterializa\u00e7\u00e3o de toda a documenta\u00e7\u00e3o, nomeadamente documenta\u00e7\u00e3o alfandeg\u00e1ria;<\/li>\n<li>Aplica\u00e7\u00e3o mobile para as funcionalidades de consulta e gest\u00e3o de ve\u00edculos rodovi\u00e1rios e ferrovi\u00e1rios, assim como danos, emperaturas e movimentos de mercadorias;<\/li>\n<li>Integra\u00e7\u00e3o com JUP\/JUL para mensagens operativas de autoriza\u00e7\u00f5es de levante e entrega de mercadoria, carga e descarga de comboios com desmaterializa\u00e7\u00e3o total da sua documenta\u00e7\u00e3o;<\/li>\n<li>Integra\u00e7\u00e3o com operadores ferrovi\u00e1rios para produ\u00e7\u00e3o de documenta\u00e7\u00e3o de transporte;<\/li>\n<li>Gest\u00e3o do parqueamento das mercadorias com configura\u00e7\u00e3o din\u00e2mica de layout e registo de movimentos internos;<\/li>\n<li>Gest\u00e3o de contratos e fatura\u00e7\u00e3o com liga\u00e7\u00e3o a ERP externo.<\/li>\n<\/ul>\n<p>[\/vc_column_text][vc_empty_space height=&#8221;30px&#8221;]\n\t\t\t<\/div><\/div><\/div><\/div><div class=\"ult_acord advanced-tabs-desc-wrap-1943\">\r\n   <div class=\"ult-tabto-accordion \" style=\"width:;\"\r\n    data-titlecolor=\"#b0bec5\"  data-titlebg=\"#ffffff\"\r\n     data-titlehoverbg=\"#ffffff\" data-titlehovercolor=\"#62727d\" data-animation=\"Fade\"\r\n     data-activetitle=\"#08bfdd\" data-activeicon=\"\" data-activebg=\"#ffffff\" data-scroll = \"on\" data-activeindex=\"1\" >\r\n     <dl><dt class=\"\">\r\n\t        \t<a class=\"ult-tabto-actitle withBorder ult_a \" id=\"1525538013266-2\" style=\"color:#b0bec5;;background-color:#ffffff;border-bottom-color:transparent;border-bottom-width:0px;border-bottom-style:solid;\" href=\"#1525538013266-2\">\r\n\t        \t\t<i class=\"accordion-icon\"><\/i>\r\n\t        \t\t\t<span class=\"ult_tab_main ult_ac_main ult_noacordicnBoth\">\r\n\r\n\t\t\t\t\t\t<span  data-ultimate-target='#advanced-tabs-wrap-7359 .ult-span-text'  data-responsive-json-new='{\"font-size\":\"desktop:18px;\",\"line-height\":\"\"}'  class=\"ult-span-text no_icon ult_acordian-text ult-responsive\" style=\"font-family:Raleway;font-weight:500;;color:inherit \" >Benef\u00edcios<\/span>\r\n\t\t\t\t\t\t<\/span><\/a><\/dt>\r\n\t            \t\t<dd class=\"ult-tabto-accordionItem ult-tabto-accolapsed\">\r\n\t\t\t\t            <div class=\"ult-tabto-acontent\" style=\"background-color:#ffffff;color:#74777b;\">\r\n\t\t\t\t               [vc_empty_space height=&#8221;30px&#8221;][vc_column_text]<\/p>\n<h3>Benef\u00edcios:<\/h3>\n<ul>\n<li>Rapidez de atendimento nas portarias, por via das pr\u00e9-autoriza\u00e7\u00f5es online;<\/li>\n<li>Rapidez na carga e descarga de comboios e redu\u00e7\u00e3o da carga administrativa por via da desmaterializa\u00e7\u00e3o da documenta\u00e7\u00e3o;<\/li>\n<li>Portal Web com self-service para servi\u00e7os e tracking das mercadorias;<\/li>\n<li>Acesso Web para clientes, agentes, despachantes, transportadores e alf\u00e2ndegas com crit\u00e9rios de acesso adequados;<\/li>\n<li>Atendimento, comunica\u00e7\u00f5es e tracking em funcionamento 24 horas x 365 dias;<\/li>\n<li>Melhoria no servi\u00e7o prestado aos clientes, fornecedores e parceiros;<\/li>\n<li>Redu\u00e7\u00e3o de erros administrativos e dos pontos \u00fanicos de falha;<\/li>\n<li>Aplica\u00e7\u00e3o mobile com funcionamento offline que suporta processos realizados no parque, nomeadamente: conferir comboios, registar ve\u00edculos, mercadorias, danos e temperaturas;<\/li>\n<li>Rapidez no tratamento dos processos para Alf\u00e2ndega e regimes alfandeg\u00e1rios;<\/li>\n<li>Liga\u00e7\u00e3o \u00e0 JUP\/JUL para mensagens operativas de autoriza\u00e7\u00f5es de levante e entrega de mercadoria, carga e descarga de comboios com desmaterializa\u00e7\u00e3o total da sua documenta\u00e7\u00e3o;<\/li>\n<li>Gest\u00e3o do parqueamento das mercadorias com configura\u00e7\u00e3o din\u00e2mica de layout e registo de movimentos internos;<\/li>\n<\/ul>\n<p>[\/vc_column_text]\r\n\t\t\t\t            <\/div>\r\n\t        \t\t\t<\/dd><dt class=\"\">\r\n\t        \t<a class=\"ult-tabto-actitle withBorder ult_a \" id=\"1525538013339-10\" style=\"color:#b0bec5;;background-color:#ffffff;border-bottom-color:transparent;border-bottom-width:0px;border-bottom-style:solid;border-bottom-color:transparent;border-bottom-width:0px;border-bottom-style:solid;\" href=\"#1525538013339-10\">\r\n\t        \t\t<i class=\"accordion-icon\"><\/i>\r\n\t        \t\t\t<span class=\"ult_tab_main ult_ac_main ult_noacordicnBoth\">\r\n\r\n\t\t\t\t\t\t<span  data-ultimate-target='#advanced-tabs-wrap-7359 .ult-span-text'  data-responsive-json-new='{\"font-size\":\"desktop:18px;\",\"line-height\":\"\"}'  class=\"ult-span-text no_icon ult_acordian-text ult-responsive\" style=\"font-family:Raleway;font-weight:500;;color:inherit \" >Solu\u00e7\u00e3o<\/span>\r\n\t\t\t\t\t\t<\/span><\/a><\/dt>\r\n\t            \t\t<dd class=\"ult-tabto-accordionItem ult-tabto-accolapsed\">\r\n\t\t\t\t            <div class=\"ult-tabto-acontent\" style=\"background-color:#ffffff;color:#74777b;\">\r\n\t\t\t\t               [vc_column_text]<\/p>\n<h3>Solu\u00e7\u00e3o:<\/h3>\n<ul>\n<li>Portal de gest\u00e3o integrado dos processos log\u00edsticos de ve\u00edculos rodovi\u00e1rios e ferrovi\u00e1rios e das mercadorias;<\/li>\n<li>Acesso para clientes, agentes, despachantes, transportadores e alf\u00e2ndegas com crit\u00e9rios de acesso adequados;<\/li>\n<li>Desmaterializa\u00e7\u00e3o de toda a documenta\u00e7\u00e3o, nomeadamente documenta\u00e7\u00e3o alfandeg\u00e1ria;<\/li>\n<li>Aplica\u00e7\u00e3o mobile para as funcionalidades de consulta e gest\u00e3o de ve\u00edculos rodovi\u00e1rios e ferrovi\u00e1rios, assim como danos, emperaturas e movimentos de mercadorias;<\/li>\n<li>Integra\u00e7\u00e3o com JUP\/JUL para mensagens operativas de autoriza\u00e7\u00f5es de levante e entrega de mercadoria, carga e descarga de comboios com desmaterializa\u00e7\u00e3o total da sua documenta\u00e7\u00e3o;<\/li>\n<li>Integra\u00e7\u00e3o com operadores ferrovi\u00e1rios para produ\u00e7\u00e3o de documenta\u00e7\u00e3o de transporte;<\/li>\n<li>Gest\u00e3o do parqueamento das mercadorias com configura\u00e7\u00e3o din\u00e2mica de layout e registo de movimentos internos;<\/li>\n<li>Gest\u00e3o de contratos e fatura\u00e7\u00e3o com liga\u00e7\u00e3o a ERP externo.<\/li>\n<\/ul>\n<p>[\/vc_column_text][vc_empty_space height=&#8221;30px&#8221;]\r\n\t\t\t\t            <\/div>\r\n\t        \t\t\t<\/dd>\r\n    \t<\/dl>\r\n    <!--<div class=\"extraborder\" style=\"background-color:#ffffff\"><\/div>-->\r\n<\/div>\r\n\r\n<\/div>[vc_empty_space height=&#8221;30px&#8221;]<div id=\"ultimate-heading-731669f48d040e2d1\" class=\"uvc-heading ult-adjust-bottom-margin ultimate-heading-731669f48d040e2d1 uvc-9353  uvc-heading-default-font-sizes\" data-hspacer=\"no_spacer\"  data-halign=\"left\" style=\"text-align:left\"><div class=\"uvc-heading-spacer no_spacer\" style=\"top\"><\/div><div class=\"uvc-main-heading ult-responsive\"  data-ultimate-target='.uvc-heading.ultimate-heading-731669f48d040e2d1 h5'  data-responsive-json-new='{\"font-size\":\"\",\"line-height\":\"\"}' ><h5 style=\"--font-weight:theme;margin-top:5px;margin-bottom:5px;\">Terminais Portu\u00e1rios com esta solu\u00e7\u00e3o da FORDESI:<\/h5><\/div><\/div>[vc_empty_space height=&#8221;15px&#8221;][vc_column_text]<\/p>\n<ul>\n<li>I.P. \u2013 Terminal de Ferrovi\u00e1rio de Mercadorias da Bobadela;<\/li>\n<li>I.P. \u2013 Terminal de Ferrovi\u00e1rio de Mercadorias de Leix\u00f5es;<\/li>\n<\/ul>\n<p>[\/vc_column_text][vc_empty_space height=&#8221;60px&#8221;][\/vc_column][\/vc_row][vc_row type=&#8221;5&#8243; equal_height=&#8221;yes&#8221; content_placement=&#8221;middle&#8221; parallax=&#8221;content-moving&#8221; parallax_image=&#8221;2125&#8243; padding_top=&#8221;60&#8243; padding_bottom=&#8221;60&#8243; bg_cover=&#8221;true&#8221; enable_parallax=&#8221;false&#8221; css=&#8221;.vc_custom_1526033038594{padding-top: 60px !important;padding-bottom: 60px !important;}&#8221; bg_image=&#8221;https:\/\/www.fordesi.pt\/wp-content\/uploads\/2018\/05\/cta-footer.jpg&#8221;][vc_column width=&#8221;2\/3&#8243;]<div id=\"ultimate-heading-429369f48d040e349\" class=\"uvc-heading ult-adjust-bottom-margin ultimate-heading-429369f48d040e349 uvc-4970 \" data-hspacer=\"no_spacer\"  data-halign=\"left\" style=\"text-align:left\"><div class=\"uvc-heading-spacer no_spacer\" style=\"top\"><\/div><div class=\"uvc-main-heading ult-responsive\"  data-ultimate-target='.uvc-heading.ultimate-heading-429369f48d040e349 h2'  data-responsive-json-new='{\"font-size\":\"desktop:48px;\",\"line-height\":\"desktop:58px;\"}' ><h2 style=\"--font-weight:theme;\">PRECISA DE UMA SOLU\u00c7\u00c3O \u00c0 MEDIDA?<\/h2><\/div><div class=\"uvc-sub-heading ult-responsive\"  data-ultimate-target='.uvc-heading.ultimate-heading-429369f48d040e349 .uvc-sub-heading '  data-responsive-json-new='{\"font-size\":\"desktop:20px;\",\"line-height\":\"desktop:30px;\"}'  style=\"font-weight:normal;\">Contacte-nos para podermos ajud\u00e1-lo.<\/div><\/div>[\/vc_column][vc_column width=&#8221;1\/3&#8243;][vc_empty_space height=&#8221;30px&#8221;]<style type=\"text\/css\" data-type=\"the7_shortcodes-inline-css\">#default-btn-b3794f0929706d8324fbb60160203912.ico-right-side > i {\n  margin-right: 0px;\n  margin-left: 8px;\n}\n#default-btn-b3794f0929706d8324fbb60160203912 > i {\n  margin-right: 8px;\n}\n#default-btn-b3794f0929706d8324fbb60160203912 * {\n  vertical-align: middle;\n}\n<\/style><a href=\"https:\/\/www.fordesi.pt\/quem-somos\/contactos\/\" class=\"default-btn-shortcode dt-btn dt-btn-l link-hover-off ico-right-side btn-inline-left \" id=\"default-btn-b3794f0929706d8324fbb60160203912\" title=\"Contacte-nos\"><span>CONTACTE-NOS<\/span><i class=\"fa fa-arrow-circle-right\"><\/i><\/a>[\/vc_column][\/vc_row]<\/p>\n","protected":false},"excerpt":{"rendered":"<p>[vc_row][vc_column][vc_row_inner equal_height=&#8221;yes&#8221; content_placement=&#8221;middle&#8221;][vc_column_inner width=&#8221;2\/3&#8243;][vc_empty_space height=&#8221;15px&#8221;][vc_column_text] Gest\u00e3o integrada dos terminais de mercadorias e da sua intermodalidade; Integra\u00e7\u00e3o de portarias, parqueamento e mercadorias e expedi\u00e7\u00e3o rodovi\u00e1ria e ferrovi\u00e1ria; Melhoria no servi\u00e7o prestado aos clientes e pela efici\u00eancia de atendimento nas portarias; Rapidez na carga e descarga de ve\u00edculo rodovi\u00e1rios e ferrovi\u00e1rios assim como redu\u00e7\u00e3o da carga administrativa;&hellip;<\/p>\n","protected":false},"author":1,"featured_media":0,"parent":2737,"menu_order":41,"comment_status":"closed","ping_status":"closed","template":"","meta":[],"_links":{"self":[{"href":"https:\/\/www.fordesi.pt\/en\/wp-json\/wp\/v2\/pages\/2740\/"}],"collection":[{"href":"https:\/\/www.fordesi.pt\/en\/wp-json\/wp\/v2\/pages\/"}],"about":[{"href":"https:\/\/www.fordesi.pt\/en\/wp-json\/wp\/v2\/types\/page\/"}],"author":[{"embeddable":true,"href":"https:\/\/www.fordesi.pt\/en\/wp-json\/wp\/v2\/users\/1\/"}],"replies":[{"embeddable":true,"href":"https:\/\/www.fordesi.pt\/en\/wp-json\/wp\/v2\/comments\/?post=2740"}],"version-history":[{"count":3,"href":"https:\/\/www.fordesi.pt\/en\/wp-json\/wp\/v2\/pages\/2740\/revisions\/"}],"predecessor-version":[{"id":3338,"href":"https:\/\/www.fordesi.pt\/en\/wp-json\/wp\/v2\/pages\/2740\/revisions\/3338\/"}],"up":[{"embeddable":true,"href":"https:\/\/www.fordesi.pt\/en\/wp-json\/wp\/v2\/pages\/2737\/"}],"wp:attachment":[{"href":"https:\/\/www.fordesi.pt\/en\/wp-json\/wp\/v2\/media\/?parent=2740"}],"curies":[{"name":"wp","href":"https:\/\/api.w.org\/{rel}","templated":true}]}}