{"id":2742,"date":"2018-04-30T13:26:04","date_gmt":"2018-04-30T12:26:04","guid":{"rendered":"https:\/\/www.fordesi.pt\/solutions\/bulk-terminal-management\/"},"modified":"2018-05-23T10:21:55","modified_gmt":"2018-05-23T10:21:55","slug":"bulk-terminal-management","status":"publish","type":"page","link":"https:\/\/www.fordesi.pt\/en\/solucoes\/bulk-terminal-management\/","title":{"rendered":"Bulk Terminal Management"},"content":{"rendered":"<p>[vc_row][vc_column][vc_row_inner equal_height=&#8221;yes&#8221; content_placement=&#8221;middle&#8221;][vc_column_inner width=&#8221;2\/3&#8243;]<div id=\"ultimate-heading-248369f488a184dbc\" class=\"uvc-heading ult-adjust-bottom-margin ultimate-heading-248369f488a184dbc uvc-367 accent-title-color uvc-heading-default-font-sizes\" data-hspacer=\"no_spacer\"  data-halign=\"left\" style=\"text-align:left\"><div class=\"uvc-heading-spacer no_spacer\" style=\"top\"><\/div><div class=\"uvc-main-heading ult-responsive\"  data-ultimate-target='.uvc-heading.ultimate-heading-248369f488a184dbc h2'  data-responsive-json-new='{\"font-size\":\"\",\"line-height\":\"\"}' ><h2 style=\"--font-weight:theme;margin-top:5px;margin-bottom:5px;\">Desafios e Motiva\u00e7\u00e3o<\/h2><\/div><\/div>[vc_empty_space height=&#8221;15px&#8221;][vc_column_text]<\/p>\n<ul>\n<li>Plataforma \u00fanica para a gest\u00e3o da Rece\u00e7\u00e3o, Armazenagem e Expedi\u00e7\u00e3o de Gran\u00e9is;<\/li>\n<li>Suporte aos modelos de armazenagem vertical (silos) e horizontal (armaz\u00e9ns);<\/li>\n<li>Gest\u00e3o de portarias non-stop e controlo de tr\u00e1fego rodo-ferrovi\u00e1rio;<\/li>\n<li>Produ\u00e7\u00e3o de documenta\u00e7\u00e3o oficial de transporte rodovi\u00e1rio (guias AT);<\/li>\n<li>Gest\u00e3o do Neg\u00f3cio \u201ccom o Cliente\u201d utilizando tecnologias Web e integra\u00e7\u00e3o da cadeia de distribui\u00e7\u00e3o log\u00edstica e \u201cem Cascata\u201d;<\/li>\n<li>Permitir a liga\u00e7\u00e3o em tempo real ao hardware de pesagem, automa\u00e7\u00e3o e salas de comando, assim como sistema de portarias, cancelas, quiosques e dispositivos m\u00f3veis;<\/li>\n<li>Fatura\u00e7\u00e3o integrada e liga\u00e7\u00e3o ao ERP.<\/li>\n<\/ul>\n<p>[\/vc_column_text][vc_empty_space height=&#8221;15px&#8221;][\/vc_column_inner][vc_column_inner width=&#8221;1\/3&#8243;][vc_single_image image=&#8221;2595&#8243; img_size=&#8221;large&#8221; image_hovers=&#8221;false&#8221; lazy_loading=&#8221;true&#8221;][vc_empty_space height=&#8221;30px&#8221;][\/vc_column_inner][\/vc_row_inner][vc_empty_space height=&#8221;30px&#8221;]<div id=\"ultimate-heading-244769f488a184e64\" class=\"uvc-heading ult-adjust-bottom-margin ultimate-heading-244769f488a184e64 uvc-1041 accent-title-color uvc-heading-default-font-sizes\" data-hspacer=\"no_spacer\"  data-halign=\"left\" style=\"text-align:left\"><div class=\"uvc-heading-spacer no_spacer\" style=\"top\"><\/div><div class=\"uvc-main-heading ult-responsive\"  data-ultimate-target='.uvc-heading.ultimate-heading-244769f488a184e64 h2'  data-responsive-json-new='{\"font-size\":\"\",\"line-height\":\"\"}' ><h2 style=\"--font-weight:theme;margin-top:5px;margin-bottom:5px;\">Porqu\u00ea esta Solu\u00e7\u00e3o?<\/h2><\/div><\/div>[vc_empty_space height=&#8221;15px&#8221;]<div id=\"advanced-tabs-desc-wrap-7705\" class=\"ult_tabs \" style=\" margin-top:15px;margin-right:0px;margin-bottom:30px;margin-left:0px;\" data-tabsstyle=\"style3\"\r\n data-titlebg=\"#ffffff\" data-titlecolor=\"#b0bec5\" data-fullheight=\"off\"\r\n data-titlehoverbg=\"#ffffff\" data-titlehovercolor=\"#62727d\"\r\n data-rotatetabs=\"0\" data-responsivemode=\"Both\" data-animation=\"Fade\"\r\ndata-activetitle=\"#08bfdd\" data-activeicon=\"\" data-activebg=\"#ffffff\"  data-respmode=\"Accordion\" data-respwidth=\"768\" data-scroll = \"on\" data-activeindex=\"1\"><ul id=advanced-tabs-wrap-6463 class=\"ult_tabmenu style3 \" style=\"\"><li class=\"ult_tab_li  \" data-iconcolor=\"#74777b\" data-iconhover=\"#ffffff\" style=\"background-color:#ffffff;border-color:transparent;border-width:0px;border-style:solid;border-top-left-radius:0px;\">\r\n\t\t\t\t\t<a href=\"#1525538013266-2\"  id=\"1525538013266-2\"  style=\"color:#b0bec5;; padding:15px; \" class=\"ult_a  \">\r\n\t\t\t\t\t     <span class=\"ult_tab_main Both \">\r\n\t\t\t\t\t \t\t <span class=\"ult_tab_section\">\r\n\t\t\t\t\t   \t\t\t<span  data-ultimate-target='#advanced-tabs-wrap-6463 .ult-span-text'  data-responsive-json-new='{\"font-size\":\"desktop:18px;\",\"line-height\":\"\"}'  class=\"ult-span-text no_icon ult_tab_display_text ult-responsive\" style=\"font-family:Raleway;font-weight:500;;\">Benef\u00edcios<\/span>\r\n\t\t\t\t\t   \t\t<\/span>\r\n\t\t\t\t\t\t<\/span>\r\n\t\t\t\t\t<\/a>\r\n\t\t\t\t\t<\/li><li class=\"ult_tab_li  \" data-iconcolor=\"#74777b\" data-iconhover=\"#ffffff\" style=\"background-color:#ffffff;border-color:transparent;border-width:0px;border-style:solid;border-top-right-radius:0px;\">\r\n\t\t\t\t\t<a href=\"#1525538013339-10\"  id=\"1525538013339-10\"  style=\"color:#b0bec5;; padding:15px; \" class=\"ult_a  \">\r\n\t\t\t\t\t     <span class=\"ult_tab_main Both \">\r\n\t\t\t\t\t \t\t <span class=\"ult_tab_section\">\r\n\t\t\t\t\t   \t\t\t<span  data-ultimate-target='#advanced-tabs-wrap-6463 .ult-span-text'  data-responsive-json-new='{\"font-size\":\"desktop:18px;\",\"line-height\":\"\"}'  class=\"ult-span-text no_icon ult_tab_display_text ult-responsive\" style=\"font-family:Raleway;font-weight:500;;\">Solu\u00e7\u00e3o<\/span>\r\n\t\t\t\t\t   \t\t<\/span>\r\n\t\t\t\t\t\t<\/span>\r\n\t\t\t\t\t<\/a>\r\n\t\t\t\t\t<\/li><\/ul><div  data-ultimate-target='#advanced-tabs-desc-wrap-7705 .ult_tabcontent .ult_tab_min_contain  p'  data-responsive-json-new='{\"font-size\":\"\",\"line-height\":\"\"}' class=\"ult_tabcontent ult-responsive style3\" style=\"background-color:#ffffff;color:#74777b;\"><div class=\"ult_tab_min_contain \" >\n\t\t\t<div  class=\"ult_tabitemname\"  >\n\t\t\t\t[vc_empty_space height=&#8221;30px&#8221;][vc_column_text]<\/p>\n<h3>Benef\u00edcios:<\/h3>\n<ul>\n<li>Melhoria no servi\u00e7o prestado e na comunica\u00e7\u00e3o com os clientes;<\/li>\n<li>Aumento efici\u00eancia operacional e grau de automatiza\u00e7\u00e3o com desmaterializa\u00e7\u00e3o dos processos log\u00edsticos;<\/li>\n<li>Estrutura de recursos humanos otimizada no suporte aos processos;<\/li>\n<li>Redu\u00e7\u00e3o de erros e dos pontos \u00fanicos de falha;<\/li>\n<li>Compliance com a autoridade tribut\u00e1ria, alf\u00e2ndega e autoridade portu\u00e1ria;<\/li>\n<li>Qualidade e quantidade de eventos de rastreabilidade das opera\u00e7\u00f5es e processos com suporte para HACCP.<\/li>\n<\/ul>\n<p>[\/vc_column_text]\n\t\t\t<\/div>\n\t\t\t<div  class=\"ult_tabitemname\"  >\n\t\t\t\t[vc_column_text]<\/p>\n<h3>Solu\u00e7\u00e3o:<\/h3>\n<ul>\n<li>Gest\u00e3o de Terminais &#8211; Rece\u00e7\u00e3o, Armazenagem e Expedi\u00e7\u00e3o;<\/li>\n<li>Armazenagem Vertical (silos) e Horizontal (armaz\u00e9ns);<\/li>\n<li>Gest\u00e3o de Portarias e Controlo de Tr\u00e1fego;<\/li>\n<li>Transporte e Gest\u00e3o de Cadeias de Distribui\u00e7\u00e3o \u201cem Cascata\u201d;<\/li>\n<li>Portal Web para Clientes e Distribuidores com n\u00edveis de acesso e visibilidade restrita;<\/li>\n<li>Monitoriza\u00e7\u00e3o e Controlo dos processos para Salas e Centros de Comando &#8211; SCADA;<\/li>\n<li>Liga\u00e7\u00e3o, em tempo real, ao hardware de pesagem, automa\u00e7\u00e3o, portarias, quiosques de atendimento dos motoristas e dispositivos m\u00f3veis de controle;<\/li>\n<li>Gest\u00e3o de Contratos e Fatura\u00e7\u00e3o Autom\u00e1tica com liga\u00e7\u00e3o a ERP;<\/li>\n<li>Produ\u00e7\u00e3o de documenta\u00e7\u00e3o oficial de transporte (AT);<\/li>\n<li>An\u00e1lise de Performance (Business Intelligence com KPI dedicados ao neg\u00f3cio).<\/li>\n<\/ul>\n<p>[\/vc_column_text][vc_empty_space height=&#8221;30px&#8221;]\n\t\t\t<\/div><\/div><\/div><\/div><div class=\"ult_acord advanced-tabs-desc-wrap-7705\">\r\n   <div class=\"ult-tabto-accordion \" style=\"width:;\"\r\n    data-titlecolor=\"#b0bec5\"  data-titlebg=\"#ffffff\"\r\n     data-titlehoverbg=\"#ffffff\" data-titlehovercolor=\"#62727d\" data-animation=\"Fade\"\r\n     data-activetitle=\"#08bfdd\" data-activeicon=\"\" data-activebg=\"#ffffff\" data-scroll = \"on\" data-activeindex=\"1\" >\r\n     <dl><dt class=\"\">\r\n\t        \t<a class=\"ult-tabto-actitle withBorder ult_a \" id=\"1525538013266-2\" style=\"color:#b0bec5;;background-color:#ffffff;border-bottom-color:transparent;border-bottom-width:0px;border-bottom-style:solid;\" href=\"#1525538013266-2\">\r\n\t        \t\t<i class=\"accordion-icon\"><\/i>\r\n\t        \t\t\t<span class=\"ult_tab_main ult_ac_main ult_noacordicnBoth\">\r\n\r\n\t\t\t\t\t\t<span  data-ultimate-target='#advanced-tabs-wrap-6463 .ult-span-text'  data-responsive-json-new='{\"font-size\":\"desktop:18px;\",\"line-height\":\"\"}'  class=\"ult-span-text no_icon ult_acordian-text ult-responsive\" style=\"font-family:Raleway;font-weight:500;;color:inherit \" >Benef\u00edcios<\/span>\r\n\t\t\t\t\t\t<\/span><\/a><\/dt>\r\n\t            \t\t<dd class=\"ult-tabto-accordionItem ult-tabto-accolapsed\">\r\n\t\t\t\t            <div class=\"ult-tabto-acontent\" style=\"background-color:#ffffff;color:#74777b;\">\r\n\t\t\t\t               [vc_empty_space height=&#8221;30px&#8221;][vc_column_text]<\/p>\n<h3>Benef\u00edcios:<\/h3>\n<ul>\n<li>Melhoria no servi\u00e7o prestado e na comunica\u00e7\u00e3o com os clientes;<\/li>\n<li>Aumento efici\u00eancia operacional e grau de automatiza\u00e7\u00e3o com desmaterializa\u00e7\u00e3o dos processos log\u00edsticos;<\/li>\n<li>Estrutura de recursos humanos otimizada no suporte aos processos;<\/li>\n<li>Redu\u00e7\u00e3o de erros e dos pontos \u00fanicos de falha;<\/li>\n<li>Compliance com a autoridade tribut\u00e1ria, alf\u00e2ndega e autoridade portu\u00e1ria;<\/li>\n<li>Qualidade e quantidade de eventos de rastreabilidade das opera\u00e7\u00f5es e processos com suporte para HACCP.<\/li>\n<\/ul>\n<p>[\/vc_column_text]\r\n\t\t\t\t            <\/div>\r\n\t        \t\t\t<\/dd><dt class=\"\">\r\n\t        \t<a class=\"ult-tabto-actitle withBorder ult_a \" id=\"1525538013339-10\" style=\"color:#b0bec5;;background-color:#ffffff;border-bottom-color:transparent;border-bottom-width:0px;border-bottom-style:solid;border-bottom-color:transparent;border-bottom-width:0px;border-bottom-style:solid;\" href=\"#1525538013339-10\">\r\n\t        \t\t<i class=\"accordion-icon\"><\/i>\r\n\t        \t\t\t<span class=\"ult_tab_main ult_ac_main ult_noacordicnBoth\">\r\n\r\n\t\t\t\t\t\t<span  data-ultimate-target='#advanced-tabs-wrap-6463 .ult-span-text'  data-responsive-json-new='{\"font-size\":\"desktop:18px;\",\"line-height\":\"\"}'  class=\"ult-span-text no_icon ult_acordian-text ult-responsive\" style=\"font-family:Raleway;font-weight:500;;color:inherit \" >Solu\u00e7\u00e3o<\/span>\r\n\t\t\t\t\t\t<\/span><\/a><\/dt>\r\n\t            \t\t<dd class=\"ult-tabto-accordionItem ult-tabto-accolapsed\">\r\n\t\t\t\t            <div class=\"ult-tabto-acontent\" style=\"background-color:#ffffff;color:#74777b;\">\r\n\t\t\t\t               [vc_column_text]<\/p>\n<h3>Solu\u00e7\u00e3o:<\/h3>\n<ul>\n<li>Gest\u00e3o de Terminais &#8211; Rece\u00e7\u00e3o, Armazenagem e Expedi\u00e7\u00e3o;<\/li>\n<li>Armazenagem Vertical (silos) e Horizontal (armaz\u00e9ns);<\/li>\n<li>Gest\u00e3o de Portarias e Controlo de Tr\u00e1fego;<\/li>\n<li>Transporte e Gest\u00e3o de Cadeias de Distribui\u00e7\u00e3o \u201cem Cascata\u201d;<\/li>\n<li>Portal Web para Clientes e Distribuidores com n\u00edveis de acesso e visibilidade restrita;<\/li>\n<li>Monitoriza\u00e7\u00e3o e Controlo dos processos para Salas e Centros de Comando &#8211; SCADA;<\/li>\n<li>Liga\u00e7\u00e3o, em tempo real, ao hardware de pesagem, automa\u00e7\u00e3o, portarias, quiosques de atendimento dos motoristas e dispositivos m\u00f3veis de controle;<\/li>\n<li>Gest\u00e3o de Contratos e Fatura\u00e7\u00e3o Autom\u00e1tica com liga\u00e7\u00e3o a ERP;<\/li>\n<li>Produ\u00e7\u00e3o de documenta\u00e7\u00e3o oficial de transporte (AT);<\/li>\n<li>An\u00e1lise de Performance (Business Intelligence com KPI dedicados ao neg\u00f3cio).<\/li>\n<\/ul>\n<p>[\/vc_column_text][vc_empty_space height=&#8221;30px&#8221;]\r\n\t\t\t\t            <\/div>\r\n\t        \t\t\t<\/dd>\r\n    \t<\/dl>\r\n    <!--<div class=\"extraborder\" style=\"background-color:#ffffff\"><\/div>-->\r\n<\/div>\r\n\r\n<\/div>[vc_empty_space height=&#8221;30px&#8221;]<div id=\"ultimate-heading-931769f488a1859e6\" class=\"uvc-heading ult-adjust-bottom-margin ultimate-heading-931769f488a1859e6 uvc-882  uvc-heading-default-font-sizes\" data-hspacer=\"no_spacer\"  data-halign=\"left\" style=\"text-align:left\"><div class=\"uvc-heading-spacer no_spacer\" style=\"top\"><\/div><div class=\"uvc-main-heading ult-responsive\"  data-ultimate-target='.uvc-heading.ultimate-heading-931769f488a1859e6 h3'  data-responsive-json-new='{\"font-size\":\"\",\"line-height\":\"\"}' ><h3 style=\"--font-weight:theme;margin-top:5px;margin-bottom:5px;\">Terminais Portu\u00e1rios com esta solu\u00e7\u00e3o da FORDESI:<\/h3><\/div><\/div>[vc_empty_space height=&#8221;15px&#8221;][vc_column_text]<\/p>\n<ul>\n<li>Silopor Trafaria &#8211; Porto de Lisboa<\/li>\n<li>Silopor Beato &#8211; Porto de Lisboa<\/li>\n<li>Silopor Vale Figueira &#8211; Silo de Sequeiro em Santar\u00e9m<\/li>\n<li>Silos de Leix\u00f5es &#8211; Porto de Leix\u00f5es<\/li>\n<\/ul>\n<p>[\/vc_column_text][vc_empty_space height=&#8221;60px&#8221;][\/vc_column][\/vc_row][vc_row type=&#8221;5&#8243; equal_height=&#8221;yes&#8221; content_placement=&#8221;middle&#8221; parallax=&#8221;content-moving&#8221; parallax_image=&#8221;2125&#8243; padding_top=&#8221;60&#8243; padding_bottom=&#8221;60&#8243; bg_cover=&#8221;true&#8221; enable_parallax=&#8221;false&#8221; css=&#8221;.vc_custom_1526033038594{padding-top: 60px !important;padding-bottom: 60px !important;}&#8221; bg_image=&#8221;https:\/\/www.fordesi.pt\/wp-content\/uploads\/2018\/05\/cta-footer.jpg&#8221;][vc_column width=&#8221;2\/3&#8243;]<div id=\"ultimate-heading-487369f488a185aab\" class=\"uvc-heading ult-adjust-bottom-margin ultimate-heading-487369f488a185aab uvc-9043 \" data-hspacer=\"no_spacer\"  data-halign=\"left\" style=\"text-align:left\"><div class=\"uvc-heading-spacer no_spacer\" style=\"top\"><\/div><div class=\"uvc-main-heading ult-responsive\"  data-ultimate-target='.uvc-heading.ultimate-heading-487369f488a185aab h2'  data-responsive-json-new='{\"font-size\":\"desktop:48px;\",\"line-height\":\"desktop:58px;\"}' ><h2 style=\"--font-weight:theme;\">PRECISA DE UMA SOLU\u00c7\u00c3O \u00c0 MEDIDA?<\/h2><\/div><div class=\"uvc-sub-heading ult-responsive\"  data-ultimate-target='.uvc-heading.ultimate-heading-487369f488a185aab .uvc-sub-heading '  data-responsive-json-new='{\"font-size\":\"desktop:20px;\",\"line-height\":\"desktop:30px;\"}'  style=\"font-weight:normal;\">Contacte-nos para podermos ajud\u00e1-lo.<\/div><\/div>[\/vc_column][vc_column width=&#8221;1\/3&#8243;][vc_empty_space height=&#8221;30px&#8221;]<style type=\"text\/css\" data-type=\"the7_shortcodes-inline-css\">#default-btn-b3794f0929706d8324fbb60160203912.ico-right-side > i {\n  margin-right: 0px;\n  margin-left: 8px;\n}\n#default-btn-b3794f0929706d8324fbb60160203912 > i {\n  margin-right: 8px;\n}\n#default-btn-b3794f0929706d8324fbb60160203912 * {\n  vertical-align: middle;\n}\n<\/style><a href=\"https:\/\/www.fordesi.pt\/quem-somos\/contactos\/\" class=\"default-btn-shortcode dt-btn dt-btn-l link-hover-off ico-right-side btn-inline-left \" id=\"default-btn-b3794f0929706d8324fbb60160203912\" title=\"Contacte-nos\"><span>CONTACTE-NOS<\/span><i class=\"fa fa-arrow-circle-right\"><\/i><\/a>[\/vc_column][\/vc_row]<\/p>\n","protected":false},"excerpt":{"rendered":"<p>[vc_row][vc_column][vc_row_inner equal_height=&#8221;yes&#8221; content_placement=&#8221;middle&#8221;][vc_column_inner width=&#8221;2\/3&#8243;][vc_empty_space height=&#8221;15px&#8221;][vc_column_text] Plataforma \u00fanica para a gest\u00e3o da Rece\u00e7\u00e3o, Armazenagem e Expedi\u00e7\u00e3o de Gran\u00e9is; Suporte aos modelos de armazenagem vertical (silos) e horizontal (armaz\u00e9ns); Gest\u00e3o de portarias non-stop e controlo de tr\u00e1fego rodo-ferrovi\u00e1rio; Produ\u00e7\u00e3o de documenta\u00e7\u00e3o oficial de transporte rodovi\u00e1rio (guias AT); Gest\u00e3o do Neg\u00f3cio \u201ccom o Cliente\u201d utilizando tecnologias Web e&hellip;<\/p>\n","protected":false},"author":1,"featured_media":0,"parent":2737,"menu_order":42,"comment_status":"closed","ping_status":"closed","template":"","meta":[],"_links":{"self":[{"href":"https:\/\/www.fordesi.pt\/en\/wp-json\/wp\/v2\/pages\/2742\/"}],"collection":[{"href":"https:\/\/www.fordesi.pt\/en\/wp-json\/wp\/v2\/pages\/"}],"about":[{"href":"https:\/\/www.fordesi.pt\/en\/wp-json\/wp\/v2\/types\/page\/"}],"author":[{"embeddable":true,"href":"https:\/\/www.fordesi.pt\/en\/wp-json\/wp\/v2\/users\/1\/"}],"replies":[{"embeddable":true,"href":"https:\/\/www.fordesi.pt\/en\/wp-json\/wp\/v2\/comments\/?post=2742"}],"version-history":[{"count":1,"href":"https:\/\/www.fordesi.pt\/en\/wp-json\/wp\/v2\/pages\/2742\/revisions\/"}],"predecessor-version":[{"id":2743,"href":"https:\/\/www.fordesi.pt\/en\/wp-json\/wp\/v2\/pages\/2742\/revisions\/2743\/"}],"up":[{"embeddable":true,"href":"https:\/\/www.fordesi.pt\/en\/wp-json\/wp\/v2\/pages\/2737\/"}],"wp:attachment":[{"href":"https:\/\/www.fordesi.pt\/en\/wp-json\/wp\/v2\/media\/?parent=2742"}],"curies":[{"name":"wp","href":"https:\/\/api.w.org\/{rel}","templated":true}]}}