{"id":2744,"date":"2018-05-09T08:28:42","date_gmt":"2018-05-09T07:28:42","guid":{"rendered":"https:\/\/www.fordesi.pt\/solutions\/automated-gateway-system\/"},"modified":"2018-05-25T13:32:08","modified_gmt":"2018-05-25T13:32:08","slug":"automated-gateway-system","status":"publish","type":"page","link":"https:\/\/www.fordesi.pt\/en\/solucoes\/automated-gateway-system\/","title":{"rendered":"Automated Gateway System"},"content":{"rendered":"<p>[vc_row][vc_column][vc_row_inner equal_height=&#8221;yes&#8221; content_placement=&#8221;middle&#8221;][vc_column_inner width=&#8221;2\/3&#8243;]<div id=\"ultimate-heading-255069f488d36c444\" class=\"uvc-heading ult-adjust-bottom-margin ultimate-heading-255069f488d36c444 uvc-2819 accent-title-color uvc-heading-default-font-sizes\" data-hspacer=\"no_spacer\"  data-halign=\"left\" style=\"text-align:left\"><div class=\"uvc-heading-spacer no_spacer\" style=\"top\"><\/div><div class=\"uvc-main-heading ult-responsive\"  data-ultimate-target='.uvc-heading.ultimate-heading-255069f488d36c444 h2'  data-responsive-json-new='{\"font-size\":\"\",\"line-height\":\"\"}' ><h2 style=\"--font-weight:theme;margin-top:5px;margin-bottom:5px;\">Desafios e Motiva\u00e7\u00e3o<\/h2><\/div><\/div>[vc_empty_space height=&#8221;15px&#8221;][vc_column_text]<\/p>\n<ul>\n<li>Aumentar a qualidade do servi\u00e7o por via do fortalecimento das liga\u00e7\u00f5es e servi\u00e7os entre os operadores da cadeia log\u00edstica, nomeadamente a liga\u00e7\u00e3o com os clientes, aos seus transportadores e motoristas:\n<ul>\n<li>Disponibilizar servi\u00e7os online \u00e0s transportadoras para otimizar os processos log\u00edsticos entre os motoristas e os terminais;<\/li>\n<li>Disponibilizar servi\u00e7os mobile aos motoristas permitindo gest\u00e3o dos fretes com a sua transportadora e a verifica\u00e7\u00e3o on-line do estado das autoriza\u00e7\u00f5es para entrada e sa\u00edda de mercadoria dos terminais;<\/li>\n<li>Permitir \u00e0s transportadoras e aos motoristas fazer self-check-in nos terminais.<\/li>\n<\/ul>\n<\/li>\n<li>Aumentar a capacidade das portarias rodovi\u00e1rias por via do uso de processos e tecnologias inovadoras:\n<ul>\n<li>Implementar portarias rodovi\u00e1rias self-service non-stop evitando tempos de espera e congestionamentos nas estradas principais;<\/li>\n<li>Minimizar os tempos de gate-in, evitando o parqueamento e a sa\u00edda dos motoristas dos seus ve\u00edculos;<\/li>\n<li>Desmaterializar todo processo de atendimento: autoriza\u00e7\u00e3o de entrada e sa\u00edda para mercadorias, viatura e motorista, assim como toda a documenta\u00e7\u00e3o necess\u00e1ria ao processo log\u00edstico e alfandeg\u00e1rio;<\/li>\n<li>Aumentar a seguran\u00e7a utilizando tecnologia OCR e LPR para identifica\u00e7\u00e3o dos ve\u00edculos e cart\u00f5es f\u00edsicos e\/ou virtuais para identifica\u00e7\u00e3o dos motoristas;<\/li>\n<\/ul>\n<\/li>\n<\/ul>\n<p>[\/vc_column_text][vc_empty_space height=&#8221;15px&#8221;][\/vc_column_inner][vc_column_inner width=&#8221;1\/3&#8243;][vc_single_image image=&#8221;2597&#8243; img_size=&#8221;large&#8221; image_hovers=&#8221;false&#8221; lazy_loading=&#8221;true&#8221;][vc_empty_space height=&#8221;30px&#8221;][\/vc_column_inner][\/vc_row_inner][vc_empty_space height=&#8221;30px&#8221;]<div id=\"ultimate-heading-8969f488d36c4db\" class=\"uvc-heading ult-adjust-bottom-margin ultimate-heading-8969f488d36c4db uvc-8006 accent-title-color uvc-heading-default-font-sizes\" data-hspacer=\"no_spacer\"  data-halign=\"left\" style=\"text-align:left\"><div class=\"uvc-heading-spacer no_spacer\" style=\"top\"><\/div><div class=\"uvc-main-heading ult-responsive\"  data-ultimate-target='.uvc-heading.ultimate-heading-8969f488d36c4db h2'  data-responsive-json-new='{\"font-size\":\"\",\"line-height\":\"\"}' ><h2 style=\"--font-weight:theme;margin-top:5px;margin-bottom:5px;\">Porqu\u00ea esta Solu\u00e7\u00e3o?<\/h2><\/div><\/div>[vc_empty_space height=&#8221;15px&#8221;]<div id=\"advanced-tabs-desc-wrap-2106\" class=\"ult_tabs \" style=\" margin-top:15px;margin-right:0px;margin-bottom:30px;margin-left:0px;\" data-tabsstyle=\"style3\"\r\n data-titlebg=\"#ffffff\" data-titlecolor=\"#b0bec5\" data-fullheight=\"off\"\r\n data-titlehoverbg=\"#ffffff\" data-titlehovercolor=\"#62727d\"\r\n data-rotatetabs=\"0\" data-responsivemode=\"Both\" data-animation=\"Fade\"\r\ndata-activetitle=\"#08bfdd\" data-activeicon=\"\" data-activebg=\"#ffffff\"  data-respmode=\"Accordion\" data-respwidth=\"768\" data-scroll = \"on\" data-activeindex=\"1\"><ul id=advanced-tabs-wrap-6167 class=\"ult_tabmenu style3 \" style=\"\"><li class=\"ult_tab_li  \" data-iconcolor=\"#74777b\" data-iconhover=\"#ffffff\" style=\"background-color:#ffffff;border-color:transparent;border-width:0px;border-style:solid;border-top-left-radius:0px;\">\r\n\t\t\t\t\t<a href=\"#1525538013266-2\"  id=\"1525538013266-2\"  style=\"color:#b0bec5;; padding:15px; \" class=\"ult_a  \">\r\n\t\t\t\t\t     <span class=\"ult_tab_main Both \">\r\n\t\t\t\t\t \t\t <span class=\"ult_tab_section\">\r\n\t\t\t\t\t   \t\t\t<span  data-ultimate-target='#advanced-tabs-wrap-6167 .ult-span-text'  data-responsive-json-new='{\"font-size\":\"desktop:18px;\",\"line-height\":\"\"}'  class=\"ult-span-text no_icon ult_tab_display_text ult-responsive\" style=\"font-family:Raleway;font-weight:500;;\">Benef\u00edcios<\/span>\r\n\t\t\t\t\t   \t\t<\/span>\r\n\t\t\t\t\t\t<\/span>\r\n\t\t\t\t\t<\/a>\r\n\t\t\t\t\t<\/li><li class=\"ult_tab_li  \" data-iconcolor=\"#74777b\" data-iconhover=\"#ffffff\" style=\"background-color:#ffffff;border-color:transparent;border-width:0px;border-style:solid;border-top-right-radius:0px;\">\r\n\t\t\t\t\t<a href=\"#1525538013339-10\"  id=\"1525538013339-10\"  style=\"color:#b0bec5;; padding:15px; \" class=\"ult_a  \">\r\n\t\t\t\t\t     <span class=\"ult_tab_main Both \">\r\n\t\t\t\t\t \t\t <span class=\"ult_tab_section\">\r\n\t\t\t\t\t   \t\t\t<span  data-ultimate-target='#advanced-tabs-wrap-6167 .ult-span-text'  data-responsive-json-new='{\"font-size\":\"desktop:18px;\",\"line-height\":\"\"}'  class=\"ult-span-text no_icon ult_tab_display_text ult-responsive\" style=\"font-family:Raleway;font-weight:500;;\">Solu\u00e7\u00e3o<\/span>\r\n\t\t\t\t\t   \t\t<\/span>\r\n\t\t\t\t\t\t<\/span>\r\n\t\t\t\t\t<\/a>\r\n\t\t\t\t\t<\/li><\/ul><div  data-ultimate-target='#advanced-tabs-desc-wrap-2106 .ult_tabcontent .ult_tab_min_contain  p'  data-responsive-json-new='{\"font-size\":\"\",\"line-height\":\"\"}' class=\"ult_tabcontent ult-responsive style3\" style=\"background-color:#ffffff;color:#74777b;\"><div class=\"ult_tab_min_contain \" >\n\t\t\t<div  class=\"ult_tabitemname\"  >\n\t\t\t\t[vc_empty_space height=&#8221;30px&#8221;][vc_column_text]<\/p>\n<h3>Benef\u00edcios:<\/h3>\n<ul>\n<li>Aumento da efici\u00eancia operacional das portarias e o seu grau de automatiza\u00e7\u00e3o;<\/li>\n<li>Diminui\u00e7\u00e3o dos tempos de atendimento mantendo o controlo e seguran\u00e7a;<\/li>\n<li>Diminui\u00e7\u00e3o da interven\u00e7\u00e3o humana no controlo e seguran\u00e7a;<\/li>\n<li>Rapidez no atendimento, diminui\u00e7\u00e3o dos tempos de entrada e sa\u00edda e dos tempos de estadia dos cami\u00f5es, por via da desmaterializa\u00e7\u00e3o total de processos e documenta\u00e7\u00e3o;<\/li>\n<li>Aplica\u00e7\u00e3o mobile com funcionamento offline que permite realizar o atendimento em conting\u00eancia de ve\u00edculos em caso de falha no sistema central.<\/li>\n<\/ul>\n<p>[\/vc_column_text]\n\t\t\t<\/div>\n\t\t\t<div  class=\"ult_tabitemname\"  >\n\t\t\t\t[vc_column_text]<\/p>\n<h3>Solu\u00e7\u00e3o:<\/h3>\n<ul>\n<li>Seguran\u00e7a e Controlo de acessos;<\/li>\n<li>Identifica\u00e7\u00e3o de motoristas por cart\u00e3o RFID ou Cart\u00e3o \u00danico Portu\u00e1rio (CUP);<\/li>\n<li>Controlo em tempo real de pessoas e ve\u00edculos (ISPS);<\/li>\n<li>Atendimento automatizado, integrado com autoriza\u00e7\u00f5es de entrega e levante;<\/li>\n<li>Integra\u00e7\u00e3o com sistemas de parceiros;<\/li>\n<li>Atendimento com self-service para motoristas;<\/li>\n<li>Sistema integrado de pesagens com liga\u00e7\u00e3o \u00e0s b\u00e1sculas, sensores e meios de pagamentos;<\/li>\n<li>Verifica\u00e7\u00e3o autom\u00e1tica e centralizada de autoriza\u00e7\u00f5es, quantidades e saldos (gran\u00e9is e carga geral);<\/li>\n<li>Gest\u00e3o de tr\u00e1fego e filas de espera;<\/li>\n<li>Integra\u00e7\u00e3o com solu\u00e7\u00f5es de hardware, nomeadamente:\n<ul>\n<li>Cart\u00f5es de proximidade RFID;<\/li>\n<li>P\u00f3rtico OCR para identifica\u00e7\u00e3o de matr\u00edculas e mercadoria contentorizada;<\/li>\n<li>Pain\u00e9is de mensagens para gest\u00e3o de vias;<\/li>\n<li>Caixas de di\u00e1logo para self gate-in e gate-out;<\/li>\n<li>Quiosques para self-check-in de motoristas;<\/li>\n<li>Cancelas autom\u00e1ticas, sem\u00e1foros e sensores de posi\u00e7\u00e3o e\/ou espiras de presen\u00e7a de ve\u00edculo;<\/li>\n<li>Controladores de b\u00e1sculas de pesagem.<\/li>\n<\/ul>\n<\/li>\n<li>Desmaterializa\u00e7\u00e3o da documenta\u00e7\u00e3o;<\/li>\n<li>Portal Web para gest\u00e3o de todo o sistema;<\/li>\n<li>Aplica\u00e7\u00f5es mobile para smartphones ou PDA.<\/li>\n<\/ul>\n<p>[\/vc_column_text][vc_empty_space height=&#8221;30px&#8221;]\n\t\t\t<\/div><\/div><\/div><\/div><div class=\"ult_acord advanced-tabs-desc-wrap-2106\">\r\n   <div class=\"ult-tabto-accordion \" style=\"width:;\"\r\n    data-titlecolor=\"#b0bec5\"  data-titlebg=\"#ffffff\"\r\n     data-titlehoverbg=\"#ffffff\" data-titlehovercolor=\"#62727d\" data-animation=\"Fade\"\r\n     data-activetitle=\"#08bfdd\" data-activeicon=\"\" data-activebg=\"#ffffff\" data-scroll = \"on\" data-activeindex=\"1\" >\r\n     <dl><dt class=\"\">\r\n\t        \t<a class=\"ult-tabto-actitle withBorder ult_a \" id=\"1525538013266-2\" style=\"color:#b0bec5;;background-color:#ffffff;border-bottom-color:transparent;border-bottom-width:0px;border-bottom-style:solid;\" href=\"#1525538013266-2\">\r\n\t        \t\t<i class=\"accordion-icon\"><\/i>\r\n\t        \t\t\t<span class=\"ult_tab_main ult_ac_main ult_noacordicnBoth\">\r\n\r\n\t\t\t\t\t\t<span  data-ultimate-target='#advanced-tabs-wrap-6167 .ult-span-text'  data-responsive-json-new='{\"font-size\":\"desktop:18px;\",\"line-height\":\"\"}'  class=\"ult-span-text no_icon ult_acordian-text ult-responsive\" style=\"font-family:Raleway;font-weight:500;;color:inherit \" >Benef\u00edcios<\/span>\r\n\t\t\t\t\t\t<\/span><\/a><\/dt>\r\n\t            \t\t<dd class=\"ult-tabto-accordionItem ult-tabto-accolapsed\">\r\n\t\t\t\t            <div class=\"ult-tabto-acontent\" style=\"background-color:#ffffff;color:#74777b;\">\r\n\t\t\t\t               [vc_empty_space height=&#8221;30px&#8221;][vc_column_text]<\/p>\n<h3>Benef\u00edcios:<\/h3>\n<ul>\n<li>Aumento da efici\u00eancia operacional das portarias e o seu grau de automatiza\u00e7\u00e3o;<\/li>\n<li>Diminui\u00e7\u00e3o dos tempos de atendimento mantendo o controlo e seguran\u00e7a;<\/li>\n<li>Diminui\u00e7\u00e3o da interven\u00e7\u00e3o humana no controlo e seguran\u00e7a;<\/li>\n<li>Rapidez no atendimento, diminui\u00e7\u00e3o dos tempos de entrada e sa\u00edda e dos tempos de estadia dos cami\u00f5es, por via da desmaterializa\u00e7\u00e3o total de processos e documenta\u00e7\u00e3o;<\/li>\n<li>Aplica\u00e7\u00e3o mobile com funcionamento offline que permite realizar o atendimento em conting\u00eancia de ve\u00edculos em caso de falha no sistema central.<\/li>\n<\/ul>\n<p>[\/vc_column_text]\r\n\t\t\t\t            <\/div>\r\n\t        \t\t\t<\/dd><dt class=\"\">\r\n\t        \t<a class=\"ult-tabto-actitle withBorder ult_a \" id=\"1525538013339-10\" style=\"color:#b0bec5;;background-color:#ffffff;border-bottom-color:transparent;border-bottom-width:0px;border-bottom-style:solid;border-bottom-color:transparent;border-bottom-width:0px;border-bottom-style:solid;\" href=\"#1525538013339-10\">\r\n\t        \t\t<i class=\"accordion-icon\"><\/i>\r\n\t        \t\t\t<span class=\"ult_tab_main ult_ac_main ult_noacordicnBoth\">\r\n\r\n\t\t\t\t\t\t<span  data-ultimate-target='#advanced-tabs-wrap-6167 .ult-span-text'  data-responsive-json-new='{\"font-size\":\"desktop:18px;\",\"line-height\":\"\"}'  class=\"ult-span-text no_icon ult_acordian-text ult-responsive\" style=\"font-family:Raleway;font-weight:500;;color:inherit \" >Solu\u00e7\u00e3o<\/span>\r\n\t\t\t\t\t\t<\/span><\/a><\/dt>\r\n\t            \t\t<dd class=\"ult-tabto-accordionItem ult-tabto-accolapsed\">\r\n\t\t\t\t            <div class=\"ult-tabto-acontent\" style=\"background-color:#ffffff;color:#74777b;\">\r\n\t\t\t\t               [vc_column_text]<\/p>\n<h3>Solu\u00e7\u00e3o:<\/h3>\n<ul>\n<li>Seguran\u00e7a e Controlo de acessos;<\/li>\n<li>Identifica\u00e7\u00e3o de motoristas por cart\u00e3o RFID ou Cart\u00e3o \u00danico Portu\u00e1rio (CUP);<\/li>\n<li>Controlo em tempo real de pessoas e ve\u00edculos (ISPS);<\/li>\n<li>Atendimento automatizado, integrado com autoriza\u00e7\u00f5es de entrega e levante;<\/li>\n<li>Integra\u00e7\u00e3o com sistemas de parceiros;<\/li>\n<li>Atendimento com self-service para motoristas;<\/li>\n<li>Sistema integrado de pesagens com liga\u00e7\u00e3o \u00e0s b\u00e1sculas, sensores e meios de pagamentos;<\/li>\n<li>Verifica\u00e7\u00e3o autom\u00e1tica e centralizada de autoriza\u00e7\u00f5es, quantidades e saldos (gran\u00e9is e carga geral);<\/li>\n<li>Gest\u00e3o de tr\u00e1fego e filas de espera;<\/li>\n<li>Integra\u00e7\u00e3o com solu\u00e7\u00f5es de hardware, nomeadamente:\n<ul>\n<li>Cart\u00f5es de proximidade RFID;<\/li>\n<li>P\u00f3rtico OCR para identifica\u00e7\u00e3o de matr\u00edculas e mercadoria contentorizada;<\/li>\n<li>Pain\u00e9is de mensagens para gest\u00e3o de vias;<\/li>\n<li>Caixas de di\u00e1logo para self gate-in e gate-out;<\/li>\n<li>Quiosques para self-check-in de motoristas;<\/li>\n<li>Cancelas autom\u00e1ticas, sem\u00e1foros e sensores de posi\u00e7\u00e3o e\/ou espiras de presen\u00e7a de ve\u00edculo;<\/li>\n<li>Controladores de b\u00e1sculas de pesagem.<\/li>\n<\/ul>\n<\/li>\n<li>Desmaterializa\u00e7\u00e3o da documenta\u00e7\u00e3o;<\/li>\n<li>Portal Web para gest\u00e3o de todo o sistema;<\/li>\n<li>Aplica\u00e7\u00f5es mobile para smartphones ou PDA.<\/li>\n<\/ul>\n<p>[\/vc_column_text][vc_empty_space height=&#8221;30px&#8221;]\r\n\t\t\t\t            <\/div>\r\n\t        \t\t\t<\/dd>\r\n    \t<\/dl>\r\n    <!--<div class=\"extraborder\" style=\"background-color:#ffffff\"><\/div>-->\r\n<\/div>\r\n\r\n<\/div>[vc_empty_space height=&#8221;60px&#8221;][\/vc_column][\/vc_row][vc_row type=&#8221;5&#8243; equal_height=&#8221;yes&#8221; content_placement=&#8221;middle&#8221; parallax=&#8221;content-moving&#8221; parallax_image=&#8221;2125&#8243; padding_top=&#8221;60&#8243; padding_bottom=&#8221;60&#8243; bg_cover=&#8221;true&#8221; enable_parallax=&#8221;false&#8221; css=&#8221;.vc_custom_1526033038594{padding-top: 60px !important;padding-bottom: 60px !important;}&#8221; bg_image=&#8221;https:\/\/www.fordesi.pt\/wp-content\/uploads\/2018\/05\/cta-footer.jpg&#8221;][vc_column width=&#8221;2\/3&#8243;]<div id=\"ultimate-heading-569f488d36cbd5\" class=\"uvc-heading ult-adjust-bottom-margin ultimate-heading-569f488d36cbd5 uvc-5796 \" data-hspacer=\"no_spacer\"  data-halign=\"left\" style=\"text-align:left\"><div class=\"uvc-heading-spacer no_spacer\" style=\"top\"><\/div><div class=\"uvc-main-heading ult-responsive\"  data-ultimate-target='.uvc-heading.ultimate-heading-569f488d36cbd5 h2'  data-responsive-json-new='{\"font-size\":\"desktop:48px;\",\"line-height\":\"desktop:58px;\"}' ><h2 style=\"--font-weight:theme;\">PRECISA DE UMA SOLU\u00c7\u00c3O \u00c0 MEDIDA?<\/h2><\/div><div class=\"uvc-sub-heading ult-responsive\"  data-ultimate-target='.uvc-heading.ultimate-heading-569f488d36cbd5 .uvc-sub-heading '  data-responsive-json-new='{\"font-size\":\"desktop:20px;\",\"line-height\":\"desktop:30px;\"}'  style=\"font-weight:normal;\">Contacte-nos para podermos ajud\u00e1-lo.<\/div><\/div>[\/vc_column][vc_column width=&#8221;1\/3&#8243;][vc_empty_space height=&#8221;30px&#8221;]<style type=\"text\/css\" data-type=\"the7_shortcodes-inline-css\">#default-btn-b3794f0929706d8324fbb60160203912.ico-right-side > i {\n  margin-right: 0px;\n  margin-left: 8px;\n}\n#default-btn-b3794f0929706d8324fbb60160203912 > i {\n  margin-right: 8px;\n}\n#default-btn-b3794f0929706d8324fbb60160203912 * {\n  vertical-align: middle;\n}\n<\/style><a href=\"https:\/\/www.fordesi.pt\/quem-somos\/contactos\/\" class=\"default-btn-shortcode dt-btn dt-btn-l link-hover-off ico-right-side btn-inline-left \" id=\"default-btn-b3794f0929706d8324fbb60160203912\" title=\"Contacte-nos\"><span>CONTACTE-NOS<\/span><i class=\"fa fa-arrow-circle-right\"><\/i><\/a>[\/vc_column][\/vc_row]<\/p>\n","protected":false},"excerpt":{"rendered":"<p>[vc_row][vc_column][vc_row_inner equal_height=&#8221;yes&#8221; content_placement=&#8221;middle&#8221;][vc_column_inner width=&#8221;2\/3&#8243;][vc_empty_space height=&#8221;15px&#8221;][vc_column_text] Aumentar a qualidade do servi\u00e7o por via do fortalecimento das liga\u00e7\u00f5es e servi\u00e7os entre os operadores da cadeia log\u00edstica, nomeadamente a liga\u00e7\u00e3o com os clientes, aos seus transportadores e motoristas: Disponibilizar servi\u00e7os online \u00e0s transportadoras para otimizar os processos log\u00edsticos entre os motoristas e os terminais; Disponibilizar servi\u00e7os mobile aos&hellip;<\/p>\n","protected":false},"author":1,"featured_media":0,"parent":2737,"menu_order":43,"comment_status":"closed","ping_status":"closed","template":"","meta":[],"_links":{"self":[{"href":"https:\/\/www.fordesi.pt\/en\/wp-json\/wp\/v2\/pages\/2744\/"}],"collection":[{"href":"https:\/\/www.fordesi.pt\/en\/wp-json\/wp\/v2\/pages\/"}],"about":[{"href":"https:\/\/www.fordesi.pt\/en\/wp-json\/wp\/v2\/types\/page\/"}],"author":[{"embeddable":true,"href":"https:\/\/www.fordesi.pt\/en\/wp-json\/wp\/v2\/users\/1\/"}],"replies":[{"embeddable":true,"href":"https:\/\/www.fordesi.pt\/en\/wp-json\/wp\/v2\/comments\/?post=2744"}],"version-history":[{"count":1,"href":"https:\/\/www.fordesi.pt\/en\/wp-json\/wp\/v2\/pages\/2744\/revisions\/"}],"predecessor-version":[{"id":2745,"href":"https:\/\/www.fordesi.pt\/en\/wp-json\/wp\/v2\/pages\/2744\/revisions\/2745\/"}],"up":[{"embeddable":true,"href":"https:\/\/www.fordesi.pt\/en\/wp-json\/wp\/v2\/pages\/2737\/"}],"wp:attachment":[{"href":"https:\/\/www.fordesi.pt\/en\/wp-json\/wp\/v2\/media\/?parent=2744"}],"curies":[{"name":"wp","href":"https:\/\/api.w.org\/{rel}","templated":true}]}}