{"id":2746,"date":"2018-05-09T09:50:57","date_gmt":"2018-05-09T08:50:57","guid":{"rendered":"https:\/\/www.fordesi.pt\/solutions\/port-authority-business-intellingence\/"},"modified":"2018-05-23T10:23:10","modified_gmt":"2018-05-23T10:23:10","slug":"port-authority-business-intellingence","status":"publish","type":"page","link":"https:\/\/www.fordesi.pt\/en\/solucoes\/port-authority-business-intellingence\/","title":{"rendered":"Port Authority Business Intellingence"},"content":{"rendered":"<p>[vc_row][vc_column][vc_row_inner equal_height=&#8221;yes&#8221; content_placement=&#8221;middle&#8221;][vc_column_inner width=&#8221;2\/3&#8243;]<div id=\"ultimate-heading-147069f49f79b0841\" class=\"uvc-heading ult-adjust-bottom-margin ultimate-heading-147069f49f79b0841 uvc-6387 accent-title-color uvc-heading-default-font-sizes\" data-hspacer=\"no_spacer\"  data-halign=\"left\" style=\"text-align:left\"><div class=\"uvc-heading-spacer no_spacer\" style=\"top\"><\/div><div class=\"uvc-main-heading ult-responsive\"  data-ultimate-target='.uvc-heading.ultimate-heading-147069f49f79b0841 h2'  data-responsive-json-new='{\"font-size\":\"\",\"line-height\":\"\"}' ><h2 style=\"--font-weight:theme;margin-top:5px;margin-bottom:5px;\">Desafios e Motiva\u00e7\u00e3o<\/h2><\/div><\/div>[vc_empty_space height=&#8221;15px&#8221;][vc_column_text]As principais din\u00e2micas de desenvolvimento ao n\u00edvel das atividades dos portos colocam um conjunto de desafios de desenvolvimento prementes, relacionadas com a gest\u00e3o de informa\u00e7\u00e3o e do conhecimento:<\/p>\n<ul>\n<li>Maior complexidade e abrang\u00eancia dos dom\u00ednios de atua\u00e7\u00e3o;<\/li>\n<li>Novas compet\u00eancias e atribui\u00e7\u00f5es;<\/li>\n<li>Necessidades de reporting din\u00e2micas e adapt\u00e1veis aos v\u00e1rios n\u00edveis de decis\u00e3o;<\/li>\n<li>Mais riscos como consequ\u00eancia dos tempos de resposta mais apertados e da multiplicidade de solicita\u00e7\u00f5es a que as empresas est\u00e3o sujeitas;<\/li>\n<li>Necessidade de controlar aspectos espec\u00edficos associados ao funcionamento interno;<\/li>\n<li>Necessidade de maior rigor or\u00e7amental.<\/li>\n<\/ul>\n<p>[\/vc_column_text][vc_empty_space height=&#8221;15px&#8221;][\/vc_column_inner][vc_column_inner width=&#8221;1\/3&#8243;][vc_single_image image=&#8221;2599&#8243; img_size=&#8221;large&#8221; image_hovers=&#8221;false&#8221; lazy_loading=&#8221;true&#8221;][vc_empty_space height=&#8221;30px&#8221;][\/vc_column_inner][\/vc_row_inner][vc_empty_space height=&#8221;30px&#8221;]<div id=\"ultimate-heading-527369f49f79b08e3\" class=\"uvc-heading ult-adjust-bottom-margin ultimate-heading-527369f49f79b08e3 uvc-8183 accent-title-color uvc-heading-default-font-sizes\" data-hspacer=\"no_spacer\"  data-halign=\"left\" style=\"text-align:left\"><div class=\"uvc-heading-spacer no_spacer\" style=\"top\"><\/div><div class=\"uvc-main-heading ult-responsive\"  data-ultimate-target='.uvc-heading.ultimate-heading-527369f49f79b08e3 h2'  data-responsive-json-new='{\"font-size\":\"\",\"line-height\":\"\"}' ><h2 style=\"--font-weight:theme;margin-top:5px;margin-bottom:5px;\">Porqu\u00ea esta Solu\u00e7\u00e3o?<\/h2><\/div><\/div>[vc_empty_space height=&#8221;15px&#8221;]<div id=\"advanced-tabs-desc-wrap-8343\" class=\"ult_tabs \" style=\" margin-top:15px;margin-right:0px;margin-bottom:30px;margin-left:0px;\" data-tabsstyle=\"style3\"\r\n data-titlebg=\"#ffffff\" data-titlecolor=\"#b0bec5\" data-fullheight=\"off\"\r\n data-titlehoverbg=\"#ffffff\" data-titlehovercolor=\"#62727d\"\r\n data-rotatetabs=\"0\" data-responsivemode=\"Both\" data-animation=\"Fade\"\r\ndata-activetitle=\"#08bfdd\" data-activeicon=\"\" data-activebg=\"#ffffff\"  data-respmode=\"Accordion\" data-respwidth=\"768\" data-scroll = \"on\" data-activeindex=\"1\"><ul id=advanced-tabs-wrap-9594 class=\"ult_tabmenu style3 \" style=\"\"><li class=\"ult_tab_li  \" data-iconcolor=\"#74777b\" data-iconhover=\"#ffffff\" style=\"background-color:#ffffff;border-color:transparent;border-width:0px;border-style:solid;border-top-left-radius:0px;\">\r\n\t\t\t\t\t<a href=\"#1525538013266-2\"  id=\"1525538013266-2\"  style=\"color:#b0bec5;; padding:15px; \" class=\"ult_a  \">\r\n\t\t\t\t\t     <span class=\"ult_tab_main Both \">\r\n\t\t\t\t\t \t\t <span class=\"ult_tab_section\">\r\n\t\t\t\t\t   \t\t\t<span  data-ultimate-target='#advanced-tabs-wrap-9594 .ult-span-text'  data-responsive-json-new='{\"font-size\":\"desktop:18px;\",\"line-height\":\"\"}'  class=\"ult-span-text no_icon ult_tab_display_text ult-responsive\" style=\"font-family:Raleway;font-weight:500;;\">Benef\u00edcios<\/span>\r\n\t\t\t\t\t   \t\t<\/span>\r\n\t\t\t\t\t\t<\/span>\r\n\t\t\t\t\t<\/a>\r\n\t\t\t\t\t<\/li><li class=\"ult_tab_li  \" data-iconcolor=\"#74777b\" data-iconhover=\"#ffffff\" style=\"background-color:#ffffff;border-color:transparent;border-width:0px;border-style:solid;border-top-right-radius:0px;\">\r\n\t\t\t\t\t<a href=\"#1525538013339-10\"  id=\"1525538013339-10\"  style=\"color:#b0bec5;; padding:15px; \" class=\"ult_a  \">\r\n\t\t\t\t\t     <span class=\"ult_tab_main Both \">\r\n\t\t\t\t\t \t\t <span class=\"ult_tab_section\">\r\n\t\t\t\t\t   \t\t\t<span  data-ultimate-target='#advanced-tabs-wrap-9594 .ult-span-text'  data-responsive-json-new='{\"font-size\":\"desktop:18px;\",\"line-height\":\"\"}'  class=\"ult-span-text no_icon ult_tab_display_text ult-responsive\" style=\"font-family:Raleway;font-weight:500;;\">Solu\u00e7\u00e3o<\/span>\r\n\t\t\t\t\t   \t\t<\/span>\r\n\t\t\t\t\t\t<\/span>\r\n\t\t\t\t\t<\/a>\r\n\t\t\t\t\t<\/li><\/ul><div  data-ultimate-target='#advanced-tabs-desc-wrap-8343 .ult_tabcontent .ult_tab_min_contain  p'  data-responsive-json-new='{\"font-size\":\"\",\"line-height\":\"\"}' class=\"ult_tabcontent ult-responsive style3\" style=\"background-color:#ffffff;color:#74777b;\"><div class=\"ult_tab_min_contain \" >\n\t\t\t<div  class=\"ult_tabitemname\"  >\n\t\t\t\t[vc_empty_space height=&#8221;30px&#8221;][vc_column_text]<\/p>\n<h3>Benef\u00edcios &#8211; Porqu\u00ea esta solu\u00e7\u00e3o:<\/h3>\n<ul>\n<li>A informa\u00e7\u00e3o de gest\u00e3o encontra-se centralizada num \u00fanico ponto de acesso (data warehouse), permitindo o acesso r\u00e1pido e \u00e1gil a toda a informa\u00e7\u00e3o em formato digital;<\/li>\n<li>Maior capacidade de an\u00e1lise acerca da adequabilidade das pol\u00edticas aplicadas permitindo controlar \u00edndices de satisfa\u00e7\u00e3o e identificar as principais necessidades;<\/li>\n<li>Controlar aspectos espec\u00edficos associados ao funcionamento interno:\n<ul>\n<li>Maior controlo or\u00e7amental (Desvios e Varia\u00e7\u00f5es);<\/li>\n<li>Monitorizar a Performance dos servi\u00e7os.<\/li>\n<\/ul>\n<\/li>\n<li>Responder \u00e0s necessidades de reporting sistem\u00e1tico, din\u00e2mico e \u00e1gil adaptado \u00e0 realidade dos Portos e ajustado \u00e0s necessidades dos v\u00e1rios n\u00edveis de decis\u00e3o;<\/li>\n<li>Alavancar o investimento realizado em sistemas de informa\u00e7\u00e3o:\n<ul>\n<li>Explorando a informa\u00e7\u00e3o produzida diariamente, em todo o seu potencial;<\/li>\n<li>Colmatando lacunas de integra\u00e7\u00e3o entre os diversos sistemas em explora\u00e7\u00e3o na organiza\u00e7\u00e3o;<\/li>\n<li>Reutilizar e rentabilizar os sistemas e licenciamento existentes.<\/li>\n<\/ul>\n<\/li>\n<li>Melhorar a \u201cimagem\u201d das organiza\u00e7\u00f5es:\n<ul>\n<li>Alavancar a estrat\u00e9gia pol\u00edtica sobre indicadores estrat\u00e9gicos;<\/li>\n<li>Disponibilizar indicadores de interesse estrat\u00e9gico aos parceiros externos e \u00e0 tutela;<\/li>\n<li>Transmitir uma imagem de modernidade e inova\u00e7\u00e3o;<\/li>\n<li>Melhorar a comunica\u00e7\u00e3o com os agentes externos (clientes, fornecedores).<\/li>\n<\/ul>\n<\/li>\n<\/ul>\n<p>[\/vc_column_text][vc_empty_space height=&#8221;30px&#8221;]\n\t\t\t<\/div>\n\t\t\t<div  class=\"ult_tabitemname\"  >\n\t\t\t\t[vc_empty_space height=&#8221;30px&#8221;][vc_column_text]<\/p>\n<h3>Solu\u00e7\u00e3o:<\/h3>\n<ul>\n<li>Baseia-se num armaz\u00e9m de dados (sistema de data warehousing) que incorpora conhecimento e metodologias espec\u00edficas para a realidade dos Portos;<\/li>\n<li>Acess\u00edvel a partir de qualquer browser, mediante autentica\u00e7\u00e3o a todos os colaboradores da Organiza\u00e7\u00e3o, com gest\u00e3o de perfis de acesso \u00e0 informa\u00e7\u00e3o, e atrav\u00e9s de dispositivo m\u00f3vel;<\/li>\n<li>Realiza a interoperabilidade com os sistemas de base existentes e recolhe, trata, consolida e disponibiliza informa\u00e7\u00e3o para Gest\u00e3o estrat\u00e9gica aos v\u00e1rios decisores;<\/li>\n<li>Suporte \u00e0 Gest\u00e3o Portu\u00e1ria \u2013 Contempla indicadores de gest\u00e3o e respetivas dimens\u00f5es de an\u00e1lise que caracterizam os Portos;<\/li>\n<li>Integra\u00e7\u00e3o com a restante info-estrutura;<\/li>\n<li>Self Service BI &#8211; Cria\u00e7\u00e3o de relat\u00f3rios e dashboards ad-hoc de forma simplificada com acesso direto aos indicadores e suas vertentes de an\u00e1lise;<\/li>\n<li>Alertas de desempenho sobre os indicadores;<\/li>\n<li>Personaliza\u00e7\u00e3o de Dashboards em tempo-real (agrupa\u00e7\u00e3o de informa\u00e7\u00e3o, inibi\u00e7\u00e3o e disponibiliza\u00e7\u00e3o de indicadores, desloca\u00e7\u00e3o de linhas e colunas, cria\u00e7\u00e3o de itens calculados sobre indicadores);<\/li>\n<li>An\u00e1lise de informa\u00e7\u00e3o num conceito mais abrangente at\u00e9 ao seu detalhe, \u201cdrill down\u201d e \u201cdrill up\u201d, tanto na visualiza\u00e7\u00e3o gr\u00e1fica como tabular;<\/li>\n<li>Dashboards com visualiza\u00e7\u00e3o gr\u00e1fica, tabular e KPIs para a dete\u00e7\u00e3o de padr\u00f5es e tend\u00eancias;<\/li>\n<li>Informa\u00e7\u00e3o de gest\u00e3o, dimens\u00f5es de an\u00e1lise e respetivas m\u00e9tricas, que comp\u00f5em a solu\u00e7\u00e3o de BI para suporte \u00e0 gest\u00e3o portu\u00e1ria;<\/li>\n<li>Informa\u00e7\u00e3o de gest\u00e3o para suporte \u00e0 gera\u00e7\u00e3o dos ficheiros para a EUROSTAT com base na informa\u00e7\u00e3o disponibilizada pelo sistema operacional JUPII e integrada na solu\u00e7\u00e3o de BI;<\/li>\n<li>Componente de reporting acess\u00edvel das seguintes formas:\n<ul>\n<li>Cockpits de Gest\u00e3o &#8211; Listas de Indicadores dispon\u00edveis no portal do decisor e adequados ao perfil de cada utilizador;<\/li>\n<li>Mapas de an\u00e1lise \u2013 Permitem a consulta e gera\u00e7\u00e3o autom\u00e1tica de ficheiros planos para controlo interno ou para disponibilizar a terceiros;<\/li>\n<li>Pivot Tables &#8211; Permite consultas ad-hoc e din\u00e2micas atrav\u00e9s da op\u00e7\u00e3o \u201cPivot Tables\u201d do MS Excel e Power Pivot.<\/li>\n<\/ul>\n<\/li>\n<\/ul>\n<p>[\/vc_column_text][vc_empty_space height=&#8221;30px&#8221;]\n\t\t\t<\/div><\/div><\/div><\/div><div class=\"ult_acord advanced-tabs-desc-wrap-8343\">\r\n   <div class=\"ult-tabto-accordion \" style=\"width:;\"\r\n    data-titlecolor=\"#b0bec5\"  data-titlebg=\"#ffffff\"\r\n     data-titlehoverbg=\"#ffffff\" data-titlehovercolor=\"#62727d\" data-animation=\"Fade\"\r\n     data-activetitle=\"#08bfdd\" data-activeicon=\"\" data-activebg=\"#ffffff\" data-scroll = \"on\" data-activeindex=\"1\" >\r\n     <dl><dt class=\"\">\r\n\t        \t<a class=\"ult-tabto-actitle withBorder ult_a \" id=\"1525538013266-2\" style=\"color:#b0bec5;;background-color:#ffffff;border-bottom-color:transparent;border-bottom-width:0px;border-bottom-style:solid;\" href=\"#1525538013266-2\">\r\n\t        \t\t<i class=\"accordion-icon\"><\/i>\r\n\t        \t\t\t<span class=\"ult_tab_main ult_ac_main ult_noacordicnBoth\">\r\n\r\n\t\t\t\t\t\t<span  data-ultimate-target='#advanced-tabs-wrap-9594 .ult-span-text'  data-responsive-json-new='{\"font-size\":\"desktop:18px;\",\"line-height\":\"\"}'  class=\"ult-span-text no_icon ult_acordian-text ult-responsive\" style=\"font-family:Raleway;font-weight:500;;color:inherit \" >Benef\u00edcios<\/span>\r\n\t\t\t\t\t\t<\/span><\/a><\/dt>\r\n\t            \t\t<dd class=\"ult-tabto-accordionItem ult-tabto-accolapsed\">\r\n\t\t\t\t            <div class=\"ult-tabto-acontent\" style=\"background-color:#ffffff;color:#74777b;\">\r\n\t\t\t\t               [vc_empty_space height=&#8221;30px&#8221;][vc_column_text]<\/p>\n<h3>Benef\u00edcios &#8211; Porqu\u00ea esta solu\u00e7\u00e3o:<\/h3>\n<ul>\n<li>A informa\u00e7\u00e3o de gest\u00e3o encontra-se centralizada num \u00fanico ponto de acesso (data warehouse), permitindo o acesso r\u00e1pido e \u00e1gil a toda a informa\u00e7\u00e3o em formato digital;<\/li>\n<li>Maior capacidade de an\u00e1lise acerca da adequabilidade das pol\u00edticas aplicadas permitindo controlar \u00edndices de satisfa\u00e7\u00e3o e identificar as principais necessidades;<\/li>\n<li>Controlar aspectos espec\u00edficos associados ao funcionamento interno:\n<ul>\n<li>Maior controlo or\u00e7amental (Desvios e Varia\u00e7\u00f5es);<\/li>\n<li>Monitorizar a Performance dos servi\u00e7os.<\/li>\n<\/ul>\n<\/li>\n<li>Responder \u00e0s necessidades de reporting sistem\u00e1tico, din\u00e2mico e \u00e1gil adaptado \u00e0 realidade dos Portos e ajustado \u00e0s necessidades dos v\u00e1rios n\u00edveis de decis\u00e3o;<\/li>\n<li>Alavancar o investimento realizado em sistemas de informa\u00e7\u00e3o:\n<ul>\n<li>Explorando a informa\u00e7\u00e3o produzida diariamente, em todo o seu potencial;<\/li>\n<li>Colmatando lacunas de integra\u00e7\u00e3o entre os diversos sistemas em explora\u00e7\u00e3o na organiza\u00e7\u00e3o;<\/li>\n<li>Reutilizar e rentabilizar os sistemas e licenciamento existentes.<\/li>\n<\/ul>\n<\/li>\n<li>Melhorar a \u201cimagem\u201d das organiza\u00e7\u00f5es:\n<ul>\n<li>Alavancar a estrat\u00e9gia pol\u00edtica sobre indicadores estrat\u00e9gicos;<\/li>\n<li>Disponibilizar indicadores de interesse estrat\u00e9gico aos parceiros externos e \u00e0 tutela;<\/li>\n<li>Transmitir uma imagem de modernidade e inova\u00e7\u00e3o;<\/li>\n<li>Melhorar a comunica\u00e7\u00e3o com os agentes externos (clientes, fornecedores).<\/li>\n<\/ul>\n<\/li>\n<\/ul>\n<p>[\/vc_column_text][vc_empty_space height=&#8221;30px&#8221;]\r\n\t\t\t\t            <\/div>\r\n\t        \t\t\t<\/dd><dt class=\"\">\r\n\t        \t<a class=\"ult-tabto-actitle withBorder ult_a \" id=\"1525538013339-10\" style=\"color:#b0bec5;;background-color:#ffffff;border-bottom-color:transparent;border-bottom-width:0px;border-bottom-style:solid;border-bottom-color:transparent;border-bottom-width:0px;border-bottom-style:solid;\" href=\"#1525538013339-10\">\r\n\t        \t\t<i class=\"accordion-icon\"><\/i>\r\n\t        \t\t\t<span class=\"ult_tab_main ult_ac_main ult_noacordicnBoth\">\r\n\r\n\t\t\t\t\t\t<span  data-ultimate-target='#advanced-tabs-wrap-9594 .ult-span-text'  data-responsive-json-new='{\"font-size\":\"desktop:18px;\",\"line-height\":\"\"}'  class=\"ult-span-text no_icon ult_acordian-text ult-responsive\" style=\"font-family:Raleway;font-weight:500;;color:inherit \" >Solu\u00e7\u00e3o<\/span>\r\n\t\t\t\t\t\t<\/span><\/a><\/dt>\r\n\t            \t\t<dd class=\"ult-tabto-accordionItem ult-tabto-accolapsed\">\r\n\t\t\t\t            <div class=\"ult-tabto-acontent\" style=\"background-color:#ffffff;color:#74777b;\">\r\n\t\t\t\t               [vc_empty_space height=&#8221;30px&#8221;][vc_column_text]<\/p>\n<h3>Solu\u00e7\u00e3o:<\/h3>\n<ul>\n<li>Baseia-se num armaz\u00e9m de dados (sistema de data warehousing) que incorpora conhecimento e metodologias espec\u00edficas para a realidade dos Portos;<\/li>\n<li>Acess\u00edvel a partir de qualquer browser, mediante autentica\u00e7\u00e3o a todos os colaboradores da Organiza\u00e7\u00e3o, com gest\u00e3o de perfis de acesso \u00e0 informa\u00e7\u00e3o, e atrav\u00e9s de dispositivo m\u00f3vel;<\/li>\n<li>Realiza a interoperabilidade com os sistemas de base existentes e recolhe, trata, consolida e disponibiliza informa\u00e7\u00e3o para Gest\u00e3o estrat\u00e9gica aos v\u00e1rios decisores;<\/li>\n<li>Suporte \u00e0 Gest\u00e3o Portu\u00e1ria \u2013 Contempla indicadores de gest\u00e3o e respetivas dimens\u00f5es de an\u00e1lise que caracterizam os Portos;<\/li>\n<li>Integra\u00e7\u00e3o com a restante info-estrutura;<\/li>\n<li>Self Service BI &#8211; Cria\u00e7\u00e3o de relat\u00f3rios e dashboards ad-hoc de forma simplificada com acesso direto aos indicadores e suas vertentes de an\u00e1lise;<\/li>\n<li>Alertas de desempenho sobre os indicadores;<\/li>\n<li>Personaliza\u00e7\u00e3o de Dashboards em tempo-real (agrupa\u00e7\u00e3o de informa\u00e7\u00e3o, inibi\u00e7\u00e3o e disponibiliza\u00e7\u00e3o de indicadores, desloca\u00e7\u00e3o de linhas e colunas, cria\u00e7\u00e3o de itens calculados sobre indicadores);<\/li>\n<li>An\u00e1lise de informa\u00e7\u00e3o num conceito mais abrangente at\u00e9 ao seu detalhe, \u201cdrill down\u201d e \u201cdrill up\u201d, tanto na visualiza\u00e7\u00e3o gr\u00e1fica como tabular;<\/li>\n<li>Dashboards com visualiza\u00e7\u00e3o gr\u00e1fica, tabular e KPIs para a dete\u00e7\u00e3o de padr\u00f5es e tend\u00eancias;<\/li>\n<li>Informa\u00e7\u00e3o de gest\u00e3o, dimens\u00f5es de an\u00e1lise e respetivas m\u00e9tricas, que comp\u00f5em a solu\u00e7\u00e3o de BI para suporte \u00e0 gest\u00e3o portu\u00e1ria;<\/li>\n<li>Informa\u00e7\u00e3o de gest\u00e3o para suporte \u00e0 gera\u00e7\u00e3o dos ficheiros para a EUROSTAT com base na informa\u00e7\u00e3o disponibilizada pelo sistema operacional JUPII e integrada na solu\u00e7\u00e3o de BI;<\/li>\n<li>Componente de reporting acess\u00edvel das seguintes formas:\n<ul>\n<li>Cockpits de Gest\u00e3o &#8211; Listas de Indicadores dispon\u00edveis no portal do decisor e adequados ao perfil de cada utilizador;<\/li>\n<li>Mapas de an\u00e1lise \u2013 Permitem a consulta e gera\u00e7\u00e3o autom\u00e1tica de ficheiros planos para controlo interno ou para disponibilizar a terceiros;<\/li>\n<li>Pivot Tables &#8211; Permite consultas ad-hoc e din\u00e2micas atrav\u00e9s da op\u00e7\u00e3o \u201cPivot Tables\u201d do MS Excel e Power Pivot.<\/li>\n<\/ul>\n<\/li>\n<\/ul>\n<p>[\/vc_column_text][vc_empty_space height=&#8221;30px&#8221;]\r\n\t\t\t\t            <\/div>\r\n\t        \t\t\t<\/dd>\r\n    \t<\/dl>\r\n    <!--<div class=\"extraborder\" style=\"background-color:#ffffff\"><\/div>-->\r\n<\/div>\r\n\r\n<\/div>[vc_empty_space height=&#8221;30px&#8221;]<div id=\"ultimate-heading-390469f49f79b1050\" class=\"uvc-heading ult-adjust-bottom-margin ultimate-heading-390469f49f79b1050 uvc-7159  uvc-heading-default-font-sizes\" data-hspacer=\"no_spacer\"  data-halign=\"left\" style=\"text-align:left\"><div class=\"uvc-heading-spacer no_spacer\" style=\"top\"><\/div><div class=\"uvc-main-heading ult-responsive\"  data-ultimate-target='.uvc-heading.ultimate-heading-390469f49f79b1050 h3'  data-responsive-json-new='{\"font-size\":\"\",\"line-height\":\"\"}' ><h3 style=\"--font-weight:theme;margin-top:5px;margin-bottom:5px;\">Terminais Portu\u00e1rios com esta solu\u00e7\u00e3o da FORDESI:<\/h3><\/div><\/div>[vc_empty_space height=&#8221;15px&#8221;][vc_column_text]<\/p>\n<ul>\n<li>Porto de Luanda<\/li>\n<li>Porto de Sines<\/li>\n<li>Porto de Set\u00fabal<\/li>\n<\/ul>\n<p>[\/vc_column_text][vc_empty_space height=&#8221;60px&#8221;][\/vc_column][\/vc_row][vc_row type=&#8221;5&#8243; equal_height=&#8221;yes&#8221; content_placement=&#8221;middle&#8221; parallax=&#8221;content-moving&#8221; parallax_image=&#8221;2125&#8243; padding_top=&#8221;60&#8243; padding_bottom=&#8221;60&#8243; bg_cover=&#8221;true&#8221; enable_parallax=&#8221;false&#8221; css=&#8221;.vc_custom_1526033038594{padding-top: 60px !important;padding-bottom: 60px !important;}&#8221; bg_image=&#8221;https:\/\/www.fordesi.pt\/wp-content\/uploads\/2018\/05\/cta-footer.jpg&#8221;][vc_column width=&#8221;2\/3&#8243;]<div id=\"ultimate-heading-121969f49f79b10cf\" class=\"uvc-heading ult-adjust-bottom-margin ultimate-heading-121969f49f79b10cf uvc-5012 \" data-hspacer=\"no_spacer\"  data-halign=\"left\" style=\"text-align:left\"><div class=\"uvc-heading-spacer no_spacer\" style=\"top\"><\/div><div class=\"uvc-main-heading ult-responsive\"  data-ultimate-target='.uvc-heading.ultimate-heading-121969f49f79b10cf h2'  data-responsive-json-new='{\"font-size\":\"desktop:48px;\",\"line-height\":\"desktop:58px;\"}' ><h2 style=\"--font-weight:theme;\">PRECISA DE UMA SOLU\u00c7\u00c3O \u00c0 MEDIDA?<\/h2><\/div><div class=\"uvc-sub-heading ult-responsive\"  data-ultimate-target='.uvc-heading.ultimate-heading-121969f49f79b10cf .uvc-sub-heading '  data-responsive-json-new='{\"font-size\":\"desktop:20px;\",\"line-height\":\"desktop:30px;\"}'  style=\"font-weight:normal;\">Contacte-nos para podermos ajud\u00e1-lo.<\/div><\/div>[\/vc_column][vc_column width=&#8221;1\/3&#8243;][vc_empty_space height=&#8221;30px&#8221;]<style type=\"text\/css\" data-type=\"the7_shortcodes-inline-css\">#default-btn-b3794f0929706d8324fbb60160203912.ico-right-side > i {\n  margin-right: 0px;\n  margin-left: 8px;\n}\n#default-btn-b3794f0929706d8324fbb60160203912 > i {\n  margin-right: 8px;\n}\n#default-btn-b3794f0929706d8324fbb60160203912 * {\n  vertical-align: middle;\n}\n<\/style><a href=\"https:\/\/www.fordesi.pt\/quem-somos\/contactos\/\" class=\"default-btn-shortcode dt-btn dt-btn-l link-hover-off ico-right-side btn-inline-left \" id=\"default-btn-b3794f0929706d8324fbb60160203912\" title=\"Contacte-nos\"><span>CONTACTE-NOS<\/span><i class=\"fa fa-arrow-circle-right\"><\/i><\/a>[\/vc_column][\/vc_row]<\/p>\n","protected":false},"excerpt":{"rendered":"<p>[vc_row][vc_column][vc_row_inner equal_height=&#8221;yes&#8221; content_placement=&#8221;middle&#8221;][vc_column_inner width=&#8221;2\/3&#8243;][vc_empty_space height=&#8221;15px&#8221;][vc_column_text]As principais din\u00e2micas de desenvolvimento ao n\u00edvel das atividades dos portos colocam um conjunto de desafios de desenvolvimento prementes, relacionadas com a gest\u00e3o de informa\u00e7\u00e3o e do conhecimento: Maior complexidade e abrang\u00eancia dos dom\u00ednios de atua\u00e7\u00e3o; Novas compet\u00eancias e atribui\u00e7\u00f5es; Necessidades de reporting din\u00e2micas e adapt\u00e1veis aos v\u00e1rios n\u00edveis de decis\u00e3o;&hellip;<\/p>\n","protected":false},"author":1,"featured_media":0,"parent":2737,"menu_order":44,"comment_status":"closed","ping_status":"closed","template":"","meta":[],"_links":{"self":[{"href":"https:\/\/www.fordesi.pt\/en\/wp-json\/wp\/v2\/pages\/2746\/"}],"collection":[{"href":"https:\/\/www.fordesi.pt\/en\/wp-json\/wp\/v2\/pages\/"}],"about":[{"href":"https:\/\/www.fordesi.pt\/en\/wp-json\/wp\/v2\/types\/page\/"}],"author":[{"embeddable":true,"href":"https:\/\/www.fordesi.pt\/en\/wp-json\/wp\/v2\/users\/1\/"}],"replies":[{"embeddable":true,"href":"https:\/\/www.fordesi.pt\/en\/wp-json\/wp\/v2\/comments\/?post=2746"}],"version-history":[{"count":1,"href":"https:\/\/www.fordesi.pt\/en\/wp-json\/wp\/v2\/pages\/2746\/revisions\/"}],"predecessor-version":[{"id":2747,"href":"https:\/\/www.fordesi.pt\/en\/wp-json\/wp\/v2\/pages\/2746\/revisions\/2747\/"}],"up":[{"embeddable":true,"href":"https:\/\/www.fordesi.pt\/en\/wp-json\/wp\/v2\/pages\/2737\/"}],"wp:attachment":[{"href":"https:\/\/www.fordesi.pt\/en\/wp-json\/wp\/v2\/media\/?parent=2746"}],"curies":[{"name":"wp","href":"https:\/\/api.w.org\/{rel}","templated":true}]}}