{"id":2748,"date":"2018-05-09T09:58:17","date_gmt":"2018-05-09T08:58:17","guid":{"rendered":"https:\/\/www.fordesi.pt\/solutions\/project-management-to-rd-entities\/"},"modified":"2018-05-23T10:24:03","modified_gmt":"2018-05-23T10:24:03","slug":"project-management-to-rd-entities","status":"publish","type":"page","link":"https:\/\/www.fordesi.pt\/en\/solucoes\/project-management-to-rd-entities\/","title":{"rendered":"Project Management to R&#038;D Entities"},"content":{"rendered":"<p>[vc_row][vc_column][vc_row_inner equal_height=&#8221;yes&#8221; content_placement=&#8221;middle&#8221;][vc_column_inner width=&#8221;2\/3&#8243;]<div id=\"ultimate-heading-85369f48a51656dd\" class=\"uvc-heading ult-adjust-bottom-margin ultimate-heading-85369f48a51656dd uvc-628 accent-title-color uvc-heading-default-font-sizes\" data-hspacer=\"no_spacer\"  data-halign=\"left\" style=\"text-align:left\"><div class=\"uvc-heading-spacer no_spacer\" style=\"top\"><\/div><div class=\"uvc-main-heading ult-responsive\"  data-ultimate-target='.uvc-heading.ultimate-heading-85369f48a51656dd h2'  data-responsive-json-new='{\"font-size\":\"\",\"line-height\":\"\"}' ><h2 style=\"--font-weight:theme;margin-top:5px;margin-bottom:5px;\">Desafios<\/h2><\/div><\/div>[vc_empty_space height=&#8221;15px&#8221;][vc_column_text]Os Institutos de Investiga\u00e7\u00e3o e Laborat\u00f3rios do Estado cuja miss\u00e3o incide no desenvolvimento de atividades avan\u00e7adas de investiga\u00e7\u00e3o em dom\u00ednios espec\u00edficos (energia, geologia, seguran\u00e7a de estruturas, materiais, processos de produ\u00e7\u00e3o, telecomunica\u00e7\u00f5es, etc.) necessitam de que as suas ferramentas de gest\u00e3o estejam alinhadas com a suas atividades que abarcam a investiga\u00e7\u00e3o, emiss\u00e3o de certifica\u00e7\u00f5es, apoio ao tecido empresarial, presta\u00e7\u00e3o de servi\u00e7os e representa\u00e7\u00e3o do Estado e do Pa\u00eds. A conjuga\u00e7\u00e3o destas atividades abarca os seguintes desafios:<\/p>\n<ul>\n<li>Gest\u00e3o integrada das v\u00e1rias tipologias de projeto, equipas, execu\u00e7\u00e3o material, financiamentos, contrata\u00e7\u00e3o, documenta\u00e7\u00e3o e dissemina\u00e7\u00e3o dos resultados;<\/li>\n<li>Agiliza\u00e7\u00e3o e simplifica\u00e7\u00e3o de processos administrativos e financeiros, introduzindo uma l\u00f3gica de workflows e automatiza\u00e7\u00e3o, distribui\u00e7\u00e3o, e desmaterializa\u00e7\u00e3o dos processos e da gest\u00e3o documental;<\/li>\n<li>Rigor na gest\u00e3o dos processos de despesa com controlo or\u00e7amental e cabimenta\u00e7\u00e3o;<\/li>\n<li>Adapta\u00e7\u00e3o a mudan\u00e7as org\u00e2nicas, de legisla\u00e7\u00e3o e relacionamento com outros organismos;<\/li>\n<li>Facilita\u00e7\u00e3o de a\u00e7\u00f5es de promo\u00e7\u00e3o e dissemina\u00e7\u00e3o do trabalho realizado.<\/li>\n<\/ul>\n<p>[\/vc_column_text][vc_empty_space height=&#8221;15px&#8221;][\/vc_column_inner][vc_column_inner width=&#8221;1\/3&#8243;][vc_single_image image=&#8221;2601&#8243; img_size=&#8221;large&#8221; image_hovers=&#8221;false&#8221; lazy_loading=&#8221;true&#8221;][vc_empty_space height=&#8221;30px&#8221;][\/vc_column_inner][\/vc_row_inner][vc_empty_space height=&#8221;30px&#8221;]<div id=\"ultimate-heading-907869f48a51657b1\" class=\"uvc-heading ult-adjust-bottom-margin ultimate-heading-907869f48a51657b1 uvc-2821 accent-title-color uvc-heading-default-font-sizes\" data-hspacer=\"no_spacer\"  data-halign=\"left\" style=\"text-align:left\"><div class=\"uvc-heading-spacer no_spacer\" style=\"top\"><\/div><div class=\"uvc-main-heading ult-responsive\"  data-ultimate-target='.uvc-heading.ultimate-heading-907869f48a51657b1 h2'  data-responsive-json-new='{\"font-size\":\"\",\"line-height\":\"\"}' ><h2 style=\"--font-weight:theme;margin-top:5px;margin-bottom:5px;\">Porqu\u00ea esta Solu\u00e7\u00e3o?<\/h2><\/div><\/div>[vc_empty_space height=&#8221;15px&#8221;]<div id=\"advanced-tabs-desc-wrap-6826\" class=\"ult_tabs \" style=\" margin-top:15px;margin-right:0px;margin-bottom:30px;margin-left:0px;\" data-tabsstyle=\"style3\"\r\n data-titlebg=\"#ffffff\" data-titlecolor=\"#b0bec5\" data-fullheight=\"off\"\r\n data-titlehoverbg=\"#ffffff\" data-titlehovercolor=\"#62727d\"\r\n data-rotatetabs=\"0\" data-responsivemode=\"Both\" data-animation=\"Fade\"\r\ndata-activetitle=\"#08bfdd\" data-activeicon=\"\" data-activebg=\"#ffffff\"  data-respmode=\"Accordion\" data-respwidth=\"768\" data-scroll = \"on\" data-activeindex=\"1\"><ul id=advanced-tabs-wrap-1226 class=\"ult_tabmenu style3 \" style=\"\"><li class=\"ult_tab_li  \" data-iconcolor=\"#74777b\" data-iconhover=\"#ffffff\" style=\"background-color:#ffffff;border-color:transparent;border-width:0px;border-style:solid;border-top-left-radius:0px;\">\r\n\t\t\t\t\t<a href=\"#1525538013266-2\"  id=\"1525538013266-2\"  style=\"color:#b0bec5;; padding:15px; \" class=\"ult_a  \">\r\n\t\t\t\t\t     <span class=\"ult_tab_main Both \">\r\n\t\t\t\t\t \t\t <span class=\"ult_tab_section\">\r\n\t\t\t\t\t   \t\t\t<span  data-ultimate-target='#advanced-tabs-wrap-1226 .ult-span-text'  data-responsive-json-new='{\"font-size\":\"desktop:18px;\",\"line-height\":\"\"}'  class=\"ult-span-text no_icon ult_tab_display_text ult-responsive\" style=\"font-family:Raleway;font-weight:500;;\">Benef\u00edcios<\/span>\r\n\t\t\t\t\t   \t\t<\/span>\r\n\t\t\t\t\t\t<\/span>\r\n\t\t\t\t\t<\/a>\r\n\t\t\t\t\t<\/li><li class=\"ult_tab_li  \" data-iconcolor=\"#74777b\" data-iconhover=\"#ffffff\" style=\"background-color:#ffffff;border-color:transparent;border-width:0px;border-style:solid;border-top-right-radius:0px;\">\r\n\t\t\t\t\t<a href=\"#1525538013339-10\"  id=\"1525538013339-10\"  style=\"color:#b0bec5;; padding:15px; \" class=\"ult_a  \">\r\n\t\t\t\t\t     <span class=\"ult_tab_main Both \">\r\n\t\t\t\t\t \t\t <span class=\"ult_tab_section\">\r\n\t\t\t\t\t   \t\t\t<span  data-ultimate-target='#advanced-tabs-wrap-1226 .ult-span-text'  data-responsive-json-new='{\"font-size\":\"desktop:18px;\",\"line-height\":\"\"}'  class=\"ult-span-text no_icon ult_tab_display_text ult-responsive\" style=\"font-family:Raleway;font-weight:500;;\">Solu\u00e7\u00e3o<\/span>\r\n\t\t\t\t\t   \t\t<\/span>\r\n\t\t\t\t\t\t<\/span>\r\n\t\t\t\t\t<\/a>\r\n\t\t\t\t\t<\/li><\/ul><div  data-ultimate-target='#advanced-tabs-desc-wrap-6826 .ult_tabcontent .ult_tab_min_contain  p'  data-responsive-json-new='{\"font-size\":\"\",\"line-height\":\"\"}' class=\"ult_tabcontent ult-responsive style3\" style=\"background-color:#ffffff;color:#74777b;\"><div class=\"ult_tab_min_contain \" >\n\t\t\t<div  class=\"ult_tabitemname\"  >\n\t\t\t\t[vc_empty_space height=&#8221;30px&#8221;][vc_column_text]<\/p>\n<h3>Benef\u00edcios da solu\u00e7\u00e3o:<\/h3>\n<p>O Sistema de Gest\u00e3o de Projetos para entidades do SCTN para al\u00e9m de disponibilizar informa\u00e7\u00e3o rigorosa, atualizada e devidamente tratada para facilitar a gest\u00e3o e tomada de decis\u00f5es, automatiza os processos administrativos, garantido o seu eficiente funcionamento com um n\u00famero adequado de pessoas afetadas no qual se relevam os seguintes benef\u00edcios:<\/p>\n<ul>\n<li>Apoio \u00e0 gest\u00e3o de projetos, nas vertentes de consumo de horas, despesas, gest\u00e3o de recursos humanos, controlo e avalia\u00e7\u00e3o de resultados;<\/li>\n<li>Gest\u00e3o de projetos e candidaturas a financiamentos, incluindo o controlo or\u00e7amental multiestrutura destes;<\/li>\n<li>Integra\u00e7\u00e3o de informa\u00e7\u00e3o operacional e financeira nas estruturas or\u00e7amentais espec\u00edficas de cada programa, projetos e unidades org\u00e2nicas;<\/li>\n<li>Reporting autom\u00e1tico digital direcionado \u00e0s necessidades das diversas entidades que controlam ou (co)financiam os projetos;<\/li>\n<li>Liga\u00e7\u00e3o ao ERP que implementa a contabilidade e a gest\u00e3o dos recursos humanos.<\/li>\n<\/ul>\n<p>[\/vc_column_text]\n\t\t\t<\/div>\n\t\t\t<div  class=\"ult_tabitemname\"  >\n\t\t\t\t[vc_column_text]<\/p>\n<h3>Solu\u00e7\u00e3o:<\/h3>\n<p>falta informa\u00e7\u00e3o[\/vc_column_text][vc_empty_space height=&#8221;30px&#8221;]\n\t\t\t<\/div><\/div><\/div><\/div><div class=\"ult_acord advanced-tabs-desc-wrap-6826\">\r\n   <div class=\"ult-tabto-accordion \" style=\"width:;\"\r\n    data-titlecolor=\"#b0bec5\"  data-titlebg=\"#ffffff\"\r\n     data-titlehoverbg=\"#ffffff\" data-titlehovercolor=\"#62727d\" data-animation=\"Fade\"\r\n     data-activetitle=\"#08bfdd\" data-activeicon=\"\" data-activebg=\"#ffffff\" data-scroll = \"on\" data-activeindex=\"1\" >\r\n     <dl><dt class=\"\">\r\n\t        \t<a class=\"ult-tabto-actitle withBorder ult_a \" id=\"1525538013266-2\" style=\"color:#b0bec5;;background-color:#ffffff;border-bottom-color:transparent;border-bottom-width:0px;border-bottom-style:solid;\" href=\"#1525538013266-2\">\r\n\t        \t\t<i class=\"accordion-icon\"><\/i>\r\n\t        \t\t\t<span class=\"ult_tab_main ult_ac_main ult_noacordicnBoth\">\r\n\r\n\t\t\t\t\t\t<span  data-ultimate-target='#advanced-tabs-wrap-1226 .ult-span-text'  data-responsive-json-new='{\"font-size\":\"desktop:18px;\",\"line-height\":\"\"}'  class=\"ult-span-text no_icon ult_acordian-text ult-responsive\" style=\"font-family:Raleway;font-weight:500;;color:inherit \" >Benef\u00edcios<\/span>\r\n\t\t\t\t\t\t<\/span><\/a><\/dt>\r\n\t            \t\t<dd class=\"ult-tabto-accordionItem ult-tabto-accolapsed\">\r\n\t\t\t\t            <div class=\"ult-tabto-acontent\" style=\"background-color:#ffffff;color:#74777b;\">\r\n\t\t\t\t               [vc_empty_space height=&#8221;30px&#8221;][vc_column_text]<\/p>\n<h3>Benef\u00edcios da solu\u00e7\u00e3o:<\/h3>\n<p>O Sistema de Gest\u00e3o de Projetos para entidades do SCTN para al\u00e9m de disponibilizar informa\u00e7\u00e3o rigorosa, atualizada e devidamente tratada para facilitar a gest\u00e3o e tomada de decis\u00f5es, automatiza os processos administrativos, garantido o seu eficiente funcionamento com um n\u00famero adequado de pessoas afetadas no qual se relevam os seguintes benef\u00edcios:<\/p>\n<ul>\n<li>Apoio \u00e0 gest\u00e3o de projetos, nas vertentes de consumo de horas, despesas, gest\u00e3o de recursos humanos, controlo e avalia\u00e7\u00e3o de resultados;<\/li>\n<li>Gest\u00e3o de projetos e candidaturas a financiamentos, incluindo o controlo or\u00e7amental multiestrutura destes;<\/li>\n<li>Integra\u00e7\u00e3o de informa\u00e7\u00e3o operacional e financeira nas estruturas or\u00e7amentais espec\u00edficas de cada programa, projetos e unidades org\u00e2nicas;<\/li>\n<li>Reporting autom\u00e1tico digital direcionado \u00e0s necessidades das diversas entidades que controlam ou (co)financiam os projetos;<\/li>\n<li>Liga\u00e7\u00e3o ao ERP que implementa a contabilidade e a gest\u00e3o dos recursos humanos.<\/li>\n<\/ul>\n<p>[\/vc_column_text]\r\n\t\t\t\t            <\/div>\r\n\t        \t\t\t<\/dd><dt class=\"\">\r\n\t        \t<a class=\"ult-tabto-actitle withBorder ult_a \" id=\"1525538013339-10\" style=\"color:#b0bec5;;background-color:#ffffff;border-bottom-color:transparent;border-bottom-width:0px;border-bottom-style:solid;border-bottom-color:transparent;border-bottom-width:0px;border-bottom-style:solid;\" href=\"#1525538013339-10\">\r\n\t        \t\t<i class=\"accordion-icon\"><\/i>\r\n\t        \t\t\t<span class=\"ult_tab_main ult_ac_main ult_noacordicnBoth\">\r\n\r\n\t\t\t\t\t\t<span  data-ultimate-target='#advanced-tabs-wrap-1226 .ult-span-text'  data-responsive-json-new='{\"font-size\":\"desktop:18px;\",\"line-height\":\"\"}'  class=\"ult-span-text no_icon ult_acordian-text ult-responsive\" style=\"font-family:Raleway;font-weight:500;;color:inherit \" >Solu\u00e7\u00e3o<\/span>\r\n\t\t\t\t\t\t<\/span><\/a><\/dt>\r\n\t            \t\t<dd class=\"ult-tabto-accordionItem ult-tabto-accolapsed\">\r\n\t\t\t\t            <div class=\"ult-tabto-acontent\" style=\"background-color:#ffffff;color:#74777b;\">\r\n\t\t\t\t               [vc_column_text]<\/p>\n<h3>Solu\u00e7\u00e3o:<\/h3>\n<p>falta informa\u00e7\u00e3o[\/vc_column_text][vc_empty_space height=&#8221;30px&#8221;]\r\n\t\t\t\t            <\/div>\r\n\t        \t\t\t<\/dd>\r\n    \t<\/dl>\r\n    <!--<div class=\"extraborder\" style=\"background-color:#ffffff\"><\/div>-->\r\n<\/div>\r\n\r\n<\/div>[vc_empty_space height=&#8221;30px&#8221;][vc_empty_space height=&#8221;30px&#8221;][\/vc_column][\/vc_row][vc_row type=&#8221;5&#8243; equal_height=&#8221;yes&#8221; content_placement=&#8221;middle&#8221; parallax=&#8221;content-moving&#8221; parallax_image=&#8221;2125&#8243; padding_top=&#8221;60&#8243; padding_bottom=&#8221;60&#8243; bg_cover=&#8221;true&#8221; enable_parallax=&#8221;false&#8221; css=&#8221;.vc_custom_1526033038594{padding-top: 60px !important;padding-bottom: 60px !important;}&#8221; bg_image=&#8221;https:\/\/www.fordesi.pt\/wp-content\/uploads\/2018\/05\/cta-footer.jpg&#8221;][vc_column width=&#8221;2\/3&#8243;]<div id=\"ultimate-heading-199769f48a5166247\" class=\"uvc-heading ult-adjust-bottom-margin ultimate-heading-199769f48a5166247 uvc-869 \" data-hspacer=\"no_spacer\"  data-halign=\"left\" style=\"text-align:left\"><div class=\"uvc-heading-spacer no_spacer\" style=\"top\"><\/div><div class=\"uvc-main-heading ult-responsive\"  data-ultimate-target='.uvc-heading.ultimate-heading-199769f48a5166247 h2'  data-responsive-json-new='{\"font-size\":\"desktop:48px;\",\"line-height\":\"desktop:58px;\"}' ><h2 style=\"--font-weight:theme;\">PRECISA DE UMA SOLU\u00c7\u00c3O \u00c0 MEDIDA?<\/h2><\/div><div class=\"uvc-sub-heading ult-responsive\"  data-ultimate-target='.uvc-heading.ultimate-heading-199769f48a5166247 .uvc-sub-heading '  data-responsive-json-new='{\"font-size\":\"desktop:20px;\",\"line-height\":\"desktop:30px;\"}'  style=\"font-weight:normal;\">Contacte-nos para podermos ajud\u00e1-lo.<\/div><\/div>[\/vc_column][vc_column width=&#8221;1\/3&#8243;][vc_empty_space height=&#8221;30px&#8221;]<style type=\"text\/css\" data-type=\"the7_shortcodes-inline-css\">#default-btn-b3794f0929706d8324fbb60160203912.ico-right-side > i {\n  margin-right: 0px;\n  margin-left: 8px;\n}\n#default-btn-b3794f0929706d8324fbb60160203912 > i {\n  margin-right: 8px;\n}\n#default-btn-b3794f0929706d8324fbb60160203912 * {\n  vertical-align: middle;\n}\n<\/style><a href=\"https:\/\/www.fordesi.pt\/quem-somos\/contactos\/\" class=\"default-btn-shortcode dt-btn dt-btn-l link-hover-off ico-right-side btn-inline-left \" id=\"default-btn-b3794f0929706d8324fbb60160203912\" title=\"Contacte-nos\"><span>CONTACTE-NOS<\/span><i class=\"fa fa-arrow-circle-right\"><\/i><\/a>[\/vc_column][\/vc_row]<\/p>\n","protected":false},"excerpt":{"rendered":"<p>[vc_row][vc_column][vc_row_inner equal_height=&#8221;yes&#8221; content_placement=&#8221;middle&#8221;][vc_column_inner width=&#8221;2\/3&#8243;][vc_empty_space height=&#8221;15px&#8221;][vc_column_text]Os Institutos de Investiga\u00e7\u00e3o e Laborat\u00f3rios do Estado cuja miss\u00e3o incide no desenvolvimento de atividades avan\u00e7adas de investiga\u00e7\u00e3o em dom\u00ednios espec\u00edficos (energia, geologia, seguran\u00e7a de estruturas, materiais, processos de produ\u00e7\u00e3o, telecomunica\u00e7\u00f5es, etc.) necessitam de que as suas ferramentas de gest\u00e3o estejam alinhadas com a suas atividades que abarcam a investiga\u00e7\u00e3o, emiss\u00e3o&hellip;<\/p>\n","protected":false},"author":1,"featured_media":0,"parent":2737,"menu_order":47,"comment_status":"closed","ping_status":"closed","template":"","meta":[],"_links":{"self":[{"href":"https:\/\/www.fordesi.pt\/en\/wp-json\/wp\/v2\/pages\/2748\/"}],"collection":[{"href":"https:\/\/www.fordesi.pt\/en\/wp-json\/wp\/v2\/pages\/"}],"about":[{"href":"https:\/\/www.fordesi.pt\/en\/wp-json\/wp\/v2\/types\/page\/"}],"author":[{"embeddable":true,"href":"https:\/\/www.fordesi.pt\/en\/wp-json\/wp\/v2\/users\/1\/"}],"replies":[{"embeddable":true,"href":"https:\/\/www.fordesi.pt\/en\/wp-json\/wp\/v2\/comments\/?post=2748"}],"version-history":[{"count":1,"href":"https:\/\/www.fordesi.pt\/en\/wp-json\/wp\/v2\/pages\/2748\/revisions\/"}],"predecessor-version":[{"id":2749,"href":"https:\/\/www.fordesi.pt\/en\/wp-json\/wp\/v2\/pages\/2748\/revisions\/2749\/"}],"up":[{"embeddable":true,"href":"https:\/\/www.fordesi.pt\/en\/wp-json\/wp\/v2\/pages\/2737\/"}],"wp:attachment":[{"href":"https:\/\/www.fordesi.pt\/en\/wp-json\/wp\/v2\/media\/?parent=2748"}],"curies":[{"name":"wp","href":"https:\/\/api.w.org\/{rel}","templated":true}]}}