{"id":2750,"date":"2018-05-09T10:19:46","date_gmt":"2018-05-09T09:19:46","guid":{"rendered":"https:\/\/www.fordesi.pt\/consulting-and-inovation\/"},"modified":"2018-05-23T10:24:43","modified_gmt":"2018-05-23T10:24:43","slug":"consulting-and-inovation","status":"publish","type":"page","link":"https:\/\/www.fordesi.pt\/en\/consulting-and-inovation\/","title":{"rendered":"Consulting and Inovation"},"content":{"rendered":"<p>[vc_row type=&#8221;vc_default&#8221;][vc_column offset=&#8221;vc_hidden-xs&#8221;][vc_row_inner equal_height=&#8221;yes&#8221; content_placement=&#8221;middle&#8221; gap=&#8221;30&#8243;][vc_column_inner width=&#8221;1\/2&#8243;]<div id=\"ultimate-heading-788569f49d4e40760\" class=\"uvc-heading ult-adjust-bottom-margin ultimate-heading-788569f49d4e40760 uvc-2666  uvc-heading-default-font-sizes\" data-hspacer=\"no_spacer\"  data-halign=\"left\" style=\"text-align:left\"><div class=\"uvc-heading-spacer no_spacer\" style=\"top\"><\/div><div class=\"uvc-main-heading ult-responsive\"  data-ultimate-target='.uvc-heading.ultimate-heading-788569f49d4e40760 h3'  data-responsive-json-new='{\"font-size\":\"\",\"line-height\":\"\"}' ><h3 style=\"--font-weight:theme;margin-bottom:5px;\">Trabalhamos num ambiente de verdadeira parceria com os clientes<\/h3><\/div><div class=\"uvc-sub-heading ult-responsive\"  data-ultimate-target='.uvc-heading.ultimate-heading-788569f49d4e40760 .uvc-sub-heading '  data-responsive-json-new='{\"font-size\":\"desktop:20px;\",\"line-height\":\"desktop:30px;\"}'  style=\"font-weight:normal;margin-bottom:15px;\"><span style=\"font-weight: 400;\">para suportar o desenvolvimento competitivo do seu neg\u00f3cio e disponibilizamos compet\u00eancias e metodologias que permitem utilizar uma abordagem multidisciplinar e a 360\u00ba para responder com sucesso aos seus desafios.<\/span><\/div><\/div>[\/vc_column_inner][vc_column_inner width=&#8221;1\/2&#8243;][vc_single_image image=&#8221;2580&#8243; img_size=&#8221;large&#8221; css_animation=&#8221;fadeIn&#8221; image_hovers=&#8221;false&#8221;][\/vc_column_inner][\/vc_row_inner][\/vc_column][\/vc_row][vc_row type=&#8221;vc_default&#8221;][vc_column offset=&#8221;vc_hidden-lg vc_hidden-md vc_hidden-sm&#8221;]<div id=\"ultimate-heading-510369f49d4e4080b\" class=\"uvc-heading ult-adjust-bottom-margin ultimate-heading-510369f49d4e4080b uvc-1091  uvc-heading-default-font-sizes\" data-hspacer=\"no_spacer\"  data-halign=\"center\" style=\"text-align:center\"><div class=\"uvc-heading-spacer no_spacer\" style=\"top\"><\/div><div class=\"uvc-main-heading ult-responsive\"  data-ultimate-target='.uvc-heading.ultimate-heading-510369f49d4e4080b h3'  data-responsive-json-new='{\"font-size\":\"\",\"line-height\":\"\"}' ><h3 style=\"--font-weight:theme;margin-bottom:5px;\">Trabalhamos num ambiente de verdadeira parceria com os clientes<\/h3><\/div><div class=\"uvc-sub-heading ult-responsive\"  data-ultimate-target='.uvc-heading.ultimate-heading-510369f49d4e4080b .uvc-sub-heading '  data-responsive-json-new='{\"font-size\":\"desktop:20px;\",\"line-height\":\"desktop:30px;\"}'  style=\"font-weight:normal;margin-bottom:15px;\"><span style=\"font-weight: 400;\">para suportar o desenvolvimento competitivo do seu neg\u00f3cio e disponibilizamos compet\u00eancias e metodologias que permitem utilizar uma abordagem multidisciplinar e a 360\u00ba para responder com sucesso aos seus desafios.<\/span><\/div><\/div>[vc_empty_space height=&#8221;30px&#8221;][vc_single_image image=&#8221;2580&#8243; img_size=&#8221;large&#8221; alignment=&#8221;center&#8221;][\/vc_column][\/vc_row][vc_row type=&#8221;vc_default&#8221; css=&#8221;.vc_custom_1525862393070{margin-top: 60px !important;margin-bottom: 60px !important;}&#8221;][vc_column]<div id=\"ultimate-heading-371669f49d4e4087e\" class=\"uvc-heading ult-adjust-bottom-margin ultimate-heading-371669f49d4e4087e uvc-4371 accent-title-color uvc-heading-default-font-sizes\" data-hspacer=\"no_spacer\"  data-halign=\"left\" style=\"text-align:left\"><div class=\"uvc-heading-spacer no_spacer\" style=\"top\"><\/div><div class=\"uvc-main-heading ult-responsive\"  data-ultimate-target='.uvc-heading.ultimate-heading-371669f49d4e4087e h2'  data-responsive-json-new='{\"font-size\":\"\",\"line-height\":\"\"}' ><h2 style=\"--font-weight:theme;\">Planeamento Estrat\u00e9gico e Organizacional<\/h2><\/div><\/div>[vc_empty_space height=&#8221;30px&#8221;][vc_column_text]<\/p>\n<ul>\n<li>Gest\u00e3o Estrat\u00e9gica<\/li>\n<li>Avalia\u00e7\u00e3o e Gest\u00e3o de Projetos<\/li>\n<li>Marketing e Vendas<\/li>\n<li>Inova\u00e7\u00e3o e Transfer\u00eancia de Tecnologia<\/li>\n<\/ul>\n<p>[\/vc_column_text][\/vc_column][\/vc_row][vc_row type=&#8221;vc_default&#8221; css=&#8221;.vc_custom_1525862172875{margin-top: 30px !important;margin-bottom: 30px !important;}&#8221;][vc_column]<div id=\"ultimate-heading-563369f49d4e4090d\" class=\"uvc-heading ult-adjust-bottom-margin ultimate-heading-563369f49d4e4090d uvc-9367 accent-title-color uvc-heading-default-font-sizes\" data-hspacer=\"no_spacer\"  data-halign=\"left\" style=\"text-align:left\"><div class=\"uvc-heading-spacer no_spacer\" style=\"top\"><\/div><div class=\"uvc-main-heading ult-responsive\"  data-ultimate-target='.uvc-heading.ultimate-heading-563369f49d4e4090d h2'  data-responsive-json-new='{\"font-size\":\"\",\"line-height\":\"\"}' ><h2 style=\"--font-weight:theme;\">An\u00e1lise, Reengenharia de Processos e Gest\u00e3o da Mudan\u00e7a<\/h2><\/div><\/div>[vc_row_inner css=&#8221;.vc_custom_1525864244265{margin-top: 30px !important;margin-bottom: 0px !important;}&#8221;][vc_column_inner width=&#8221;1\/3&#8243;][vc_column_text]<\/p>\n<h4>Organiza\u00e7\u00e3o e processos organizacionais<\/h4>\n<ul>\n<li>Desenvolvimento organizacional<\/li>\n<li>Conce\u00e7\u00e3o e desenvolvimento de solu\u00e7\u00f5es tecnol\u00f3gicas e de gest\u00e3o de informa\u00e7\u00e3o<\/li>\n<li>Reengenharia de processos<\/li>\n<li>Benchmarking<\/li>\n<li>E-government, Business Intelligence e Balanced ScoreCard<\/li>\n<\/ul>\n<p>[\/vc_column_text][vc_empty_space height=&#8221;30px&#8221;][\/vc_column_inner][vc_column_inner width=&#8221;1\/3&#8243;][vc_column_text]<\/p>\n<h4>Organiza\u00e7\u00e3o e processos organizacionais para a Log\u00edstica e Transportes<\/h4>\n<ul>\n<li>Conce\u00e7\u00e3o e modelos de gest\u00e3o e explora\u00e7\u00e3o para plataformas log\u00edsticas<\/li>\n<li>Conce\u00e7\u00e3o de solu\u00e7\u00f5es de gest\u00e3o de informa\u00e7\u00e3o para plataformas portu\u00e1rias \/ log\u00edsticas e cadeias intermodais<\/li>\n<li>Modela\u00e7\u00e3o e an\u00e1lise de sistemas de transporte<\/li>\n<li>Desenvolvimento de novas alternativas de transporte multimodais<\/li>\n<li>Modelos de gest\u00e3o, explora\u00e7\u00e3o e an\u00e1lise econ\u00f3mico-financeira de investimentos e projetos log\u00edsticos<\/li>\n<li>Estrat\u00e9gia e desenvolvimento mar\u00edtimo-portu\u00e1rio<\/li>\n<li>Log\u00edstica<\/li>\n<li>An\u00e1lise e integra\u00e7\u00e3o intermodal (mar\u00edtimo, rodovi\u00e1rio, ferrovi\u00e1rio e a\u00e9reo)<\/li>\n<\/ul>\n<p>[\/vc_column_text][vc_empty_space height=&#8221;30px&#8221;][\/vc_column_inner][vc_column_inner width=&#8221;1\/3&#8243;][vc_column_text]<\/p>\n<h4>Organiza\u00e7\u00e3o e processos organizacionais para o Desenvolvimento Regional e Setorial<\/h4>\n<ul>\n<li>Planeamento estrat\u00e9gico do desenvolvimento regional e setorial<\/li>\n<li>An\u00e1lises din\u00e2micas e impactos de desenvolvimento induzidos por investimentos estruturantes<\/li>\n<li>Estrat\u00e9gias de promo\u00e7\u00e3o e capta\u00e7\u00e3o de investimento<\/li>\n<li>Estrat\u00e9gias de desenvolvimento industrial \/ empresarial<\/li>\n<\/ul>\n<p>[\/vc_column_text][vc_empty_space height=&#8221;30px&#8221;][\/vc_column_inner][\/vc_row_inner][\/vc_column][\/vc_row][vc_row type=&#8221;vc_default&#8221; css=&#8221;.vc_custom_1525862490541{margin-top: 60px !important;margin-bottom: 60px !important;}&#8221;][vc_column]<div id=\"ultimate-heading-200969f49d4e40989\" class=\"uvc-heading ult-adjust-bottom-margin ultimate-heading-200969f49d4e40989 uvc-9427 accent-title-color uvc-heading-default-font-sizes\" data-hspacer=\"no_spacer\"  data-halign=\"left\" style=\"text-align:left\"><div class=\"uvc-heading-spacer no_spacer\" style=\"top\"><\/div><div class=\"uvc-main-heading ult-responsive\"  data-ultimate-target='.uvc-heading.ultimate-heading-200969f49d4e40989 h2'  data-responsive-json-new='{\"font-size\":\"\",\"line-height\":\"\"}' ><h2 style=\"--font-weight:theme;\">Gest\u00e3o do Conhecimento<\/h2><\/div><\/div>[vc_empty_space height=&#8221;30px&#8221;][vc_column_text]<\/p>\n<ul>\n<li>Solu\u00e7\u00f5es tecnol\u00f3gicas de suporte \u00e0 gest\u00e3o do conhecimento<\/li>\n<li>Estrat\u00e9gias de explora\u00e7\u00e3o dos ativos do conhecimento<\/li>\n<li>Dissemina\u00e7\u00e3o e partilha do conhecimento<\/li>\n<li>Mapas do conhecimento<\/li>\n<\/ul>\n<p>[\/vc_column_text][\/vc_column][\/vc_row][vc_row type=&#8221;5&#8243; equal_height=&#8221;yes&#8221; content_placement=&#8221;middle&#8221; parallax=&#8221;content-moving&#8221; parallax_image=&#8221;2125&#8243; padding_top=&#8221;60&#8243; padding_bottom=&#8221;60&#8243; bg_cover=&#8221;true&#8221; enable_parallax=&#8221;false&#8221; css=&#8221;.vc_custom_1526033038594{padding-top: 60px !important;padding-bottom: 60px !important;}&#8221; bg_image=&#8221;https:\/\/www.fordesi.pt\/wp-content\/uploads\/2018\/05\/cta-footer.jpg&#8221;][vc_column width=&#8221;2\/3&#8243;]<div id=\"ultimate-heading-391969f49d4e409fe\" class=\"uvc-heading ult-adjust-bottom-margin ultimate-heading-391969f49d4e409fe uvc-7419 \" data-hspacer=\"no_spacer\"  data-halign=\"left\" style=\"text-align:left\"><div class=\"uvc-heading-spacer no_spacer\" style=\"top\"><\/div><div class=\"uvc-main-heading ult-responsive\"  data-ultimate-target='.uvc-heading.ultimate-heading-391969f49d4e409fe h2'  data-responsive-json-new='{\"font-size\":\"desktop:48px;\",\"line-height\":\"desktop:58px;\"}' ><h2 style=\"--font-weight:theme;\">TORNE O SEU NEG\u00d3CIO MAIS COMPETITIVO!<\/h2><\/div><div class=\"uvc-sub-heading ult-responsive\"  data-ultimate-target='.uvc-heading.ultimate-heading-391969f49d4e409fe .uvc-sub-heading '  data-responsive-json-new='{\"font-size\":\"desktop:20px;\",\"line-height\":\"desktop:30px;\"}'  style=\"font-weight:normal;\">Disponibilizamos compet\u00eancias e metodologias para responder com sucesso aos seus desafios. Pe\u00e7a-nos uma consulta.<\/div><\/div>[\/vc_column][vc_column width=&#8221;1\/3&#8243;][vc_empty_space height=&#8221;30px&#8221;]<style type=\"text\/css\" data-type=\"the7_shortcodes-inline-css\">#default-btn-b3794f0929706d8324fbb60160203912.ico-right-side > i {\n  margin-right: 0px;\n  margin-left: 8px;\n}\n#default-btn-b3794f0929706d8324fbb60160203912 > i {\n  margin-right: 8px;\n}\n#default-btn-b3794f0929706d8324fbb60160203912 * {\n  vertical-align: middle;\n}\n<\/style><a href=\"https:\/\/www.fordesi.pt\/quem-somos\/contactos\/\" class=\"default-btn-shortcode dt-btn dt-btn-l link-hover-off ico-right-side btn-inline-left \" id=\"default-btn-b3794f0929706d8324fbb60160203912\" title=\"Contacte-nos\"><span>CONTACTE-NOS<\/span><i class=\"fa fa-arrow-circle-right\"><\/i><\/a>[\/vc_column][\/vc_row]<\/p>\n","protected":false},"excerpt":{"rendered":"<p>[vc_row type=&#8221;vc_default&#8221;][vc_column offset=&#8221;vc_hidden-xs&#8221;][vc_row_inner equal_height=&#8221;yes&#8221; content_placement=&#8221;middle&#8221; gap=&#8221;30&#8243;][vc_column_inner width=&#8221;1\/2&#8243;][\/vc_column_inner][vc_column_inner width=&#8221;1\/2&#8243;][vc_single_image image=&#8221;2580&#8243; img_size=&#8221;large&#8221; css_animation=&#8221;fadeIn&#8221; image_hovers=&#8221;false&#8221;][\/vc_column_inner][\/vc_row_inner][\/vc_column][\/vc_row][vc_row type=&#8221;vc_default&#8221;][vc_column offset=&#8221;vc_hidden-lg vc_hidden-md vc_hidden-sm&#8221;][vc_empty_space height=&#8221;30px&#8221;][vc_single_image image=&#8221;2580&#8243; img_size=&#8221;large&#8221; alignment=&#8221;center&#8221;][\/vc_column][\/vc_row][vc_row type=&#8221;vc_default&#8221; css=&#8221;.vc_custom_1525862393070{margin-top: 60px !important;margin-bottom: 60px !important;}&#8221;][vc_column][vc_empty_space height=&#8221;30px&#8221;][vc_column_text] Gest\u00e3o Estrat\u00e9gica Avalia\u00e7\u00e3o e Gest\u00e3o de Projetos Marketing e Vendas Inova\u00e7\u00e3o e Transfer\u00eancia de Tecnologia [\/vc_column_text][\/vc_column][\/vc_row][vc_row type=&#8221;vc_default&#8221; css=&#8221;.vc_custom_1525862172875{margin-top: 30px !important;margin-bottom: 30px !important;}&#8221;][vc_column][vc_row_inner css=&#8221;.vc_custom_1525864244265{margin-top: 30px !important;margin-bottom: 0px !important;}&#8221;][vc_column_inner width=&#8221;1\/3&#8243;][vc_column_text]&hellip;<\/p>\n","protected":false},"author":1,"featured_media":0,"parent":0,"menu_order":50,"comment_status":"closed","ping_status":"closed","template":"","meta":[],"_links":{"self":[{"href":"https:\/\/www.fordesi.pt\/en\/wp-json\/wp\/v2\/pages\/2750\/"}],"collection":[{"href":"https:\/\/www.fordesi.pt\/en\/wp-json\/wp\/v2\/pages\/"}],"about":[{"href":"https:\/\/www.fordesi.pt\/en\/wp-json\/wp\/v2\/types\/page\/"}],"author":[{"embeddable":true,"href":"https:\/\/www.fordesi.pt\/en\/wp-json\/wp\/v2\/users\/1\/"}],"replies":[{"embeddable":true,"href":"https:\/\/www.fordesi.pt\/en\/wp-json\/wp\/v2\/comments\/?post=2750"}],"version-history":[{"count":1,"href":"https:\/\/www.fordesi.pt\/en\/wp-json\/wp\/v2\/pages\/2750\/revisions\/"}],"predecessor-version":[{"id":2751,"href":"https:\/\/www.fordesi.pt\/en\/wp-json\/wp\/v2\/pages\/2750\/revisions\/2751\/"}],"wp:attachment":[{"href":"https:\/\/www.fordesi.pt\/en\/wp-json\/wp\/v2\/media\/?parent=2750"}],"curies":[{"name":"wp","href":"https:\/\/api.w.org\/{rel}","templated":true}]}}