{"id":2754,"date":"2018-05-09T11:29:49","date_gmt":"2018-05-09T10:29:49","guid":{"rendered":"https:\/\/www.fordesi.pt\/references\/"},"modified":"2018-09-27T10:01:42","modified_gmt":"2018-09-27T10:01:42","slug":"references","status":"publish","type":"page","link":"https:\/\/www.fordesi.pt\/en\/references\/","title":{"rendered":"References"},"content":{"rendered":"<p>[vc_row type=&#8221;vc_default&#8221;][vc_column]<div id=\"ultimate-heading-266069f488d291d4e\" class=\"uvc-heading ult-adjust-bottom-margin ultimate-heading-266069f488d291d4e uvc-6881 accent-title-color uvc-heading-default-font-sizes\" data-hspacer=\"no_spacer\"  data-halign=\"left\" style=\"text-align:left\"><div class=\"uvc-heading-spacer no_spacer\" style=\"top\"><\/div><div class=\"uvc-main-heading ult-responsive\"  data-ultimate-target='.uvc-heading.ultimate-heading-266069f488d291d4e h2'  data-responsive-json-new='{\"font-size\":\"\",\"line-height\":\"\"}' ><h2 style=\"--font-weight:theme;\">OUR CLIENTS<\/h2><\/div><\/div>[vc_column_text]We believe on long-lasting and trustworthy relationships with our customers.\u00a0Over the past 30 years, we have helped our customers in various sectors of intervention to respond successfully to current challenges and prepare their future strategy, offering our know-how  and engineering services.[\/vc_column_text][vc_empty_space height=&#8221;30px&#8221;]<div class=\"standard-arrow list-divider\"><ul>\n<li>Implementar novos modelos de neg\u00f3cio<\/li>\n<li>Aumentar a rentabilidade e a efici\u00eancia da opera\u00e7\u00e3o<\/li>\n<li>Melhorar a qualidade da informa\u00e7\u00e3o para monitoriza\u00e7\u00e3o, controlo e suporte \u00e0 decis\u00e3o<\/li>\n<li>Gerir os recursos de forma mais eficaz, libertando tempo para atividades de maior valor acrescentado<\/li>\n<li>Cumprir os requisitos legais e as certifica\u00e7\u00f5es necess\u00e1rias<\/li>\n<li>Racionalizar e alavancar os investimentos em tecnologia<\/li>\n<li>Eliminar as ilhas de informa\u00e7\u00e3o entre os sistemas<\/li>\n<li>Garantir uma alta disponibilidade das aplica\u00e7\u00f5es e processos de conting\u00eancia<\/li>\n<\/ul>\n<p>&nbsp;<\/p>\n<\/div>[\/vc_column][\/vc_row][vc_row type=&#8221;vc_default&#8221; css=&#8221;.vc_custom_1525865909106{margin-top: 60px !important;margin-bottom: 60px !important;}&#8221;][vc_column]<div id=\"ultimate-heading-752669f488d291f2c\" class=\"uvc-heading ult-adjust-bottom-margin ultimate-heading-752669f488d291f2c uvc-874 accent-title-color uvc-heading-default-font-sizes\" data-hspacer=\"no_spacer\"  data-halign=\"left\" style=\"text-align:left\"><div class=\"uvc-heading-spacer no_spacer\" style=\"top\"><\/div><div class=\"uvc-main-heading ult-responsive\"  data-ultimate-target='.uvc-heading.ultimate-heading-752669f488d291f2c h2'  data-responsive-json-new='{\"font-size\":\"\",\"line-height\":\"\"}' ><h2 style=\"--font-weight:theme;\">REFERENCES<\/h2><\/div><\/div>[vc_empty_space height=&#8221;30px&#8221;][\/vc_column][\/vc_row][vc_row type=&#8221;vc_default&#8221;][vc_column width=&#8221;1\/3&#8243; offset=&#8221;vc_hidden-xs&#8221;][vc_single_image image=&#8221;2492&#8243; img_size=&#8221;large&#8221;][\/vc_column][vc_column width=&#8221;2\/3&#8243;]<div id=\"ultimate-heading-887469f488d291fda\" class=\"uvc-heading ult-adjust-bottom-margin ultimate-heading-887469f488d291fda uvc-5263  uvc-heading-default-font-sizes\" data-hspacer=\"no_spacer\"  data-halign=\"left\" style=\"text-align:left\"><div class=\"uvc-heading-spacer no_spacer\" style=\"top\"><\/div><div class=\"uvc-main-heading ult-responsive\"  data-ultimate-target='.uvc-heading.ultimate-heading-887469f488d291fda h4'  data-responsive-json-new='{\"font-size\":\"\",\"line-height\":\"\"}' ><h4 style=\"font-family:&#039;Nunito&#039;;--font-weight:theme;margin-bottom:15px;\">Portugal<\/h4><\/div><\/div>[vc_empty_space height=&#8221;15px&#8221;]<section class=\"logos-grid wf-container\" data-width=\"100px\" data-columns=\"6\"><div class=\"wf-cell\"><div><a class=\"layzr-bg\" href=\"http:\/\/www.portofigueiradafoz.pt\/\" target=\"_blank\" title=\"\" ><img class=\"lazy-load\" src=\"data:image\/svg+xml;charset=utf-8,%3Csvg xmlns%3D&#039;http%3A%2F%2Fwww.w3.org%2F2000%2Fsvg&#039; viewBox%3D&#039;0 0 150 150&#039;%2F%3E\" width=\"150\" height=\"150\" alt=\"APFF &#8211; Administra\u00e7\u00e3o Portu\u00e1ria da Figueira da Foz\" data-srcset=\"https:\/\/www.fordesi.pt\/wp-content\/uploads\/2018\/05\/fordesi-porto-fig-foz.jpg 150w\" data-src=\"https:\/\/www.fordesi.pt\/wp-content\/uploads\/2018\/05\/fordesi-porto-fig-foz.jpg\" \/><\/a><\/div><\/div><div class=\"wf-cell\"><div><a class=\"layzr-bg\" href=\"http:\/\/www.portodelisboa.pt\/portal\/page\/portal\/PORTAL_PORTO_LISBOA\" target=\"_blank\" title=\"\" ><img class=\"lazy-load\" src=\"data:image\/svg+xml;charset=utf-8,%3Csvg xmlns%3D&#039;http%3A%2F%2Fwww.w3.org%2F2000%2Fsvg&#039; viewBox%3D&#039;0 0 150 150&#039;%2F%3E\" width=\"150\" height=\"150\" alt=\"APL &#8211; Administra\u00e7\u00e3o do Porto de Lisboa\" data-srcset=\"https:\/\/www.fordesi.pt\/wp-content\/uploads\/2018\/05\/fordesi-porto-lisboa.jpg 150w\" data-src=\"https:\/\/www.fordesi.pt\/wp-content\/uploads\/2018\/05\/fordesi-porto-lisboa.jpg\" \/><\/a><\/div><\/div><div class=\"wf-cell\"><div><a class=\"layzr-bg\" href=\"http:\/\/www.portosdeportugal.pt\/index2.php\" target=\"_blank\" title=\"\" ><img class=\"lazy-load\" src=\"data:image\/svg+xml;charset=utf-8,%3Csvg xmlns%3D&#039;http%3A%2F%2Fwww.w3.org%2F2000%2Fsvg&#039; viewBox%3D&#039;0 0 150 150&#039;%2F%3E\" width=\"150\" height=\"150\" alt=\"APP \u2013 Associa\u00e7\u00e3o dos Portos de Portugal\" data-srcset=\"https:\/\/www.fordesi.pt\/wp-content\/uploads\/2018\/05\/fordesi-portos-portugal.jpg 150w\" data-src=\"https:\/\/www.fordesi.pt\/wp-content\/uploads\/2018\/05\/fordesi-portos-portugal.jpg\" \/><\/a><\/div><\/div><div class=\"wf-cell\"><div><a class=\"layzr-bg\" href=\"http:\/\/www.apsinesalgarve.pt\/\" target=\"_blank\" title=\"\" ><img class=\"lazy-load\" src=\"data:image\/svg+xml;charset=utf-8,%3Csvg xmlns%3D&#039;http%3A%2F%2Fwww.w3.org%2F2000%2Fsvg&#039; viewBox%3D&#039;0 0 150 150&#039;%2F%3E\" width=\"150\" height=\"150\" alt=\"APS \u2013 Administra\u00e7\u00e3o dos Portos de Sines e do Algarve S.A.\" data-srcset=\"https:\/\/www.fordesi.pt\/wp-content\/uploads\/2018\/05\/fordesi-aps.jpg 150w\" data-src=\"https:\/\/www.fordesi.pt\/wp-content\/uploads\/2018\/05\/fordesi-aps.jpg\" \/><\/a><\/div><\/div><div class=\"wf-cell\"><div><a class=\"layzr-bg\" href=\"http:\/\/www.portodesetubal.pt\/\" target=\"_blank\" title=\"\" ><img class=\"lazy-load\" src=\"data:image\/svg+xml;charset=utf-8,%3Csvg xmlns%3D&#039;http%3A%2F%2Fwww.w3.org%2F2000%2Fsvg&#039; viewBox%3D&#039;0 0 150 150&#039;%2F%3E\" width=\"150\" height=\"150\" alt=\"APSS \u2013 Administra\u00e7\u00e3o do Porto de Porto de Set\u00fabal e Sesimbra\" data-srcset=\"https:\/\/www.fordesi.pt\/wp-content\/uploads\/2018\/05\/fordesi-porto-setubal.jpg 150w\" data-src=\"https:\/\/www.fordesi.pt\/wp-content\/uploads\/2018\/05\/fordesi-porto-setubal.jpg\" \/><\/a><\/div><\/div><div class=\"wf-cell\"><div><a class=\"layzr-bg\" href=\"http:\/\/www.cm-figfoz.pt\/index.php\/municipio\/camara-municipal\" target=\"_blank\" title=\"\" ><img class=\"lazy-load\" src=\"data:image\/svg+xml;charset=utf-8,%3Csvg xmlns%3D&#039;http%3A%2F%2Fwww.w3.org%2F2000%2Fsvg&#039; viewBox%3D&#039;0 0 150 150&#039;%2F%3E\" width=\"150\" height=\"150\" alt=\"C\u00e2mara Municipal da Figueira da Foz\" data-srcset=\"https:\/\/www.fordesi.pt\/wp-content\/uploads\/2018\/05\/fordesi-cm-fig-foz.jpg 150w\" data-src=\"https:\/\/www.fordesi.pt\/wp-content\/uploads\/2018\/05\/fordesi-cm-fig-foz.jpg\" \/><\/a><\/div><\/div><div class=\"wf-cell\"><div><a class=\"layzr-bg\" href=\"https:\/\/www.dssmith.com\/pt\" target=\"_blank\" title=\"\" ><img class=\"lazy-load\" src=\"data:image\/svg+xml;charset=utf-8,%3Csvg xmlns%3D&#039;http%3A%2F%2Fwww.w3.org%2F2000%2Fsvg&#039; viewBox%3D&#039;0 0 150 150&#039;%2F%3E\" width=\"150\" height=\"150\" alt=\"DS Smith\" data-srcset=\"https:\/\/www.fordesi.pt\/wp-content\/uploads\/2023\/10\/DSS_logo.png 150w, https:\/\/www.fordesi.pt\/wp-content\/uploads\/2023\/10\/DSS_logo.png 150w\" data-src=\"https:\/\/www.fordesi.pt\/wp-content\/uploads\/2023\/10\/DSS_logo.png\" \/><\/a><\/div><\/div><div class=\"wf-cell\"><div><a class=\"layzr-bg\" href=\"http:\/\/www.infraestruturasdeportugal.pt\/\" target=\"_blank\" title=\"\" ><img class=\"lazy-load\" src=\"data:image\/svg+xml;charset=utf-8,%3Csvg xmlns%3D&#039;http%3A%2F%2Fwww.w3.org%2F2000%2Fsvg&#039; viewBox%3D&#039;0 0 150 150&#039;%2F%3E\" width=\"150\" height=\"150\" alt=\"I.P. &#8211; Infraestruturas de Portugal\" data-srcset=\"https:\/\/www.fordesi.pt\/wp-content\/uploads\/2018\/05\/fordesi-ip.jpg 150w\" data-src=\"https:\/\/www.fordesi.pt\/wp-content\/uploads\/2018\/05\/fordesi-ip.jpg\" \/><\/a><\/div><\/div><div class=\"wf-cell\"><div><a class=\"layzr-bg\" href=\"https:\/\/www.it.pt\/\" target=\"_blank\" title=\"\" ><img class=\"lazy-load\" src=\"data:image\/svg+xml;charset=utf-8,%3Csvg xmlns%3D&#039;http%3A%2F%2Fwww.w3.org%2F2000%2Fsvg&#039; viewBox%3D&#039;0 0 150 150&#039;%2F%3E\" width=\"150\" height=\"150\" alt=\"IT &#8211; Instituto Telecomunica\u00e7\u00f5es\" data-srcset=\"https:\/\/www.fordesi.pt\/wp-content\/uploads\/2018\/05\/fordesi-it.jpg 150w\" data-src=\"https:\/\/www.fordesi.pt\/wp-content\/uploads\/2018\/05\/fordesi-it.jpg\" \/><\/a><\/div><\/div><div class=\"wf-cell\"><div><a class=\"layzr-bg\" href=\"http:\/\/www.lisnave.pt\/index2.htm\" target=\"_blank\" title=\"\" ><img class=\"lazy-load\" src=\"data:image\/svg+xml;charset=utf-8,%3Csvg xmlns%3D&#039;http%3A%2F%2Fwww.w3.org%2F2000%2Fsvg&#039; viewBox%3D&#039;0 0 150 150&#039;%2F%3E\" width=\"150\" height=\"150\" alt=\"Lisnave Estaleiros Navais, S.A.\" data-srcset=\"https:\/\/www.fordesi.pt\/wp-content\/uploads\/2018\/05\/fordesi-lisnave.jpg 150w\" data-src=\"https:\/\/www.fordesi.pt\/wp-content\/uploads\/2018\/05\/fordesi-lisnave.jpg\" \/><\/a><\/div><\/div><div class=\"wf-cell\"><div><a class=\"layzr-bg\" href=\"http:\/\/www.lneg.pt\/\" target=\"_blank\" title=\"\" ><img class=\"lazy-load\" src=\"data:image\/svg+xml;charset=utf-8,%3Csvg xmlns%3D&#039;http%3A%2F%2Fwww.w3.org%2F2000%2Fsvg&#039; viewBox%3D&#039;0 0 150 150&#039;%2F%3E\" width=\"150\" height=\"150\" alt=\"LNEG- Laborat\u00f3rio Nacional de Energia e Geologia\" data-srcset=\"https:\/\/www.fordesi.pt\/wp-content\/uploads\/2018\/05\/fordesi-lneg.jpg 150w\" data-src=\"https:\/\/www.fordesi.pt\/wp-content\/uploads\/2018\/05\/fordesi-lneg.jpg\" \/><\/a><\/div><\/div><div class=\"wf-cell\"><div><a class=\"layzr-bg\" href=\"https:\/\/www.medway-iberia.com\/\" target=\"_blank\" title=\"\" ><img class=\"lazy-load\" src=\"data:image\/svg+xml;charset=utf-8,%3Csvg xmlns%3D&#039;http%3A%2F%2Fwww.w3.org%2F2000%2Fsvg&#039; viewBox%3D&#039;0 0 150 150&#039;%2F%3E\" width=\"150\" height=\"150\" alt=\"MEDWAY IBERIA\" data-srcset=\"https:\/\/www.fordesi.pt\/wp-content\/uploads\/2020\/10\/Medway_logo.jpg 150w, https:\/\/www.fordesi.pt\/wp-content\/uploads\/2020\/10\/Medway_logo.jpg 150w\" data-src=\"https:\/\/www.fordesi.pt\/wp-content\/uploads\/2020\/10\/Medway_logo.jpg\" \/><\/a><\/div><\/div><div class=\"wf-cell\"><div><a class=\"layzr-bg\" href=\"http:\/\/en.thenavigatorcompany.com\/\" target=\"_blank\" title=\"\" ><img class=\"lazy-load\" src=\"data:image\/svg+xml;charset=utf-8,%3Csvg xmlns%3D&#039;http%3A%2F%2Fwww.w3.org%2F2000%2Fsvg&#039; viewBox%3D&#039;0 0 150 150&#039;%2F%3E\" width=\"150\" height=\"150\" alt=\"Navigator\" data-srcset=\"https:\/\/www.fordesi.pt\/wp-content\/uploads\/2023\/10\/The_Navigator_Company_logo-1.png 150w, https:\/\/www.fordesi.pt\/wp-content\/uploads\/2023\/10\/The_Navigator_Company_logo-1.png 150w\" data-src=\"https:\/\/www.fordesi.pt\/wp-content\/uploads\/2023\/10\/The_Navigator_Company_logo-1.png\" \/><\/a><\/div><\/div><div class=\"wf-cell\"><div><a class=\"layzr-bg\" href=\"https:\/\/www.ojelogistics.pt\/\" target=\"_blank\" title=\"\" ><img class=\"lazy-load\" src=\"data:image\/svg+xml;charset=utf-8,%3Csvg xmlns%3D&#039;http%3A%2F%2Fwww.w3.org%2F2000%2Fsvg&#039; viewBox%3D&#039;0 0 150 150&#039;%2F%3E\" width=\"150\" height=\"150\" alt=\"OJE Logistics\" data-srcset=\"https:\/\/www.fordesi.pt\/wp-content\/uploads\/2025\/09\/logo_oje.png 150w, https:\/\/www.fordesi.pt\/wp-content\/uploads\/2025\/09\/logo_oje.png 150w\" data-src=\"https:\/\/www.fordesi.pt\/wp-content\/uploads\/2025\/09\/logo_oje.png\" \/><\/a><\/div><\/div><div class=\"wf-cell\"><div><a class=\"layzr-bg\" href=\"http:\/\/www.portline-bulk.com\/en\/home\" target=\"_blank\" title=\"\" ><img class=\"lazy-load\" src=\"data:image\/svg+xml;charset=utf-8,%3Csvg xmlns%3D&#039;http%3A%2F%2Fwww.w3.org%2F2000%2Fsvg&#039; viewBox%3D&#039;0 0 150 150&#039;%2F%3E\" width=\"150\" height=\"150\" alt=\"Portline\" data-srcset=\"https:\/\/www.fordesi.pt\/wp-content\/uploads\/2018\/05\/fordesi-portline.jpg 150w\" data-src=\"https:\/\/www.fordesi.pt\/wp-content\/uploads\/2018\/05\/fordesi-portline.jpg\" \/><\/a><\/div><\/div><div class=\"wf-cell\"><div><a class=\"layzr-bg\" href=\"http:\/\/www.portline-bulk.com\/en\/home\" target=\"_blank\" title=\"\" ><img class=\"lazy-load\" src=\"data:image\/svg+xml;charset=utf-8,%3Csvg xmlns%3D&#039;http%3A%2F%2Fwww.w3.org%2F2000%2Fsvg&#039; viewBox%3D&#039;0 0 150 150&#039;%2F%3E\" width=\"150\" height=\"150\" alt=\"Portline Bulk Containers\" data-srcset=\"https:\/\/www.fordesi.pt\/wp-content\/uploads\/2018\/05\/fordesi-portline-containers.jpg 150w\" data-src=\"https:\/\/www.fordesi.pt\/wp-content\/uploads\/2018\/05\/fordesi-portline-containers.jpg\" \/><\/a><\/div><\/div><div class=\"wf-cell\"><div><img class=\"lazy-load\" src=\"data:image\/svg+xml;charset=utf-8,%3Csvg xmlns%3D&#039;http%3A%2F%2Fwww.w3.org%2F2000%2Fsvg&#039; viewBox%3D&#039;0 0 150 150&#039;%2F%3E\" width=\"150\" height=\"150\" alt=\"Porto de Leix\u00f5es\" data-srcset=\"https:\/\/www.fordesi.pt\/wp-content\/uploads\/2018\/05\/fordesi-porto-leixoes.jpg 150w\" data-src=\"https:\/\/www.fordesi.pt\/wp-content\/uploads\/2018\/05\/fordesi-porto-leixoes.jpg\" \/><\/div><\/div><div class=\"wf-cell\"><div><img class=\"lazy-load\" src=\"data:image\/svg+xml;charset=utf-8,%3Csvg xmlns%3D&#039;http%3A%2F%2Fwww.w3.org%2F2000%2Fsvg&#039; viewBox%3D&#039;0 0 150 150&#039;%2F%3E\" width=\"150\" height=\"150\" alt=\"SDL &#8211; Silos de Leix\u00f5es\" data-srcset=\"https:\/\/www.fordesi.pt\/wp-content\/uploads\/2018\/05\/fordesi-silos-leixoes.jpg 150w\" data-src=\"https:\/\/www.fordesi.pt\/wp-content\/uploads\/2018\/05\/fordesi-silos-leixoes.jpg\" \/><\/div><\/div><div class=\"wf-cell\"><div><a class=\"layzr-bg\" href=\"http:\/\/www.silopor.pt\/index.html\" target=\"_blank\" title=\"\" ><img class=\"lazy-load\" src=\"data:image\/svg+xml;charset=utf-8,%3Csvg xmlns%3D&#039;http%3A%2F%2Fwww.w3.org%2F2000%2Fsvg&#039; viewBox%3D&#039;0 0 150 150&#039;%2F%3E\" width=\"150\" height=\"150\" alt=\"Silopor &#8211; Silos Portu\u00e1rios\" data-srcset=\"https:\/\/www.fordesi.pt\/wp-content\/uploads\/2023\/10\/Silopor_2023_logo.png 150w, https:\/\/www.fordesi.pt\/wp-content\/uploads\/2023\/10\/Silopor_2023_logo.png 150w\" data-src=\"https:\/\/www.fordesi.pt\/wp-content\/uploads\/2023\/10\/Silopor_2023_logo.png\" \/><\/a><\/div><\/div><div class=\"wf-cell\"><div><a class=\"layzr-bg\" href=\"https:\/\/www.superbock.pt\/\" target=\"_blank\" title=\"\" ><img class=\"lazy-load\" src=\"data:image\/svg+xml;charset=utf-8,%3Csvg xmlns%3D&#039;http%3A%2F%2Fwww.w3.org%2F2000%2Fsvg&#039; viewBox%3D&#039;0 0 150 150&#039;%2F%3E\" width=\"150\" height=\"150\" alt=\"Super Bock\" data-srcset=\"https:\/\/www.fordesi.pt\/wp-content\/uploads\/2023\/10\/superbock_logo-1.png 150w, https:\/\/www.fordesi.pt\/wp-content\/uploads\/2023\/10\/superbock_logo-1.png 150w\" data-src=\"https:\/\/www.fordesi.pt\/wp-content\/uploads\/2023\/10\/superbock_logo-1.png\" \/><\/a><\/div><\/div><\/section>[vc_empty_space height=&#8221;30px&#8221;]<div id=\"ultimate-heading-264169f488d2a893f\" class=\"uvc-heading ult-adjust-bottom-margin ultimate-heading-264169f488d2a893f uvc-12  uvc-heading-default-font-sizes\" data-hspacer=\"no_spacer\"  data-halign=\"left\" style=\"text-align:left\"><div class=\"uvc-heading-spacer no_spacer\" style=\"top\"><\/div><div class=\"uvc-main-heading ult-responsive\"  data-ultimate-target='.uvc-heading.ultimate-heading-264169f488d2a893f h4'  data-responsive-json-new='{\"font-size\":\"\",\"line-height\":\"\"}' ><h4 style=\"font-family:&#039;Nunito&#039;;--font-weight:theme;margin-bottom:15px;\">International<\/h4><\/div><\/div>[vc_empty_space height=&#8221;15px&#8221;]<section class=\"logos-grid wf-container\" data-width=\"100px\" data-columns=\"6\"><div class=\"wf-cell\"><div><a class=\"layzr-bg\" href=\"http:\/\/www.bpc.ao\/bpc\/pt\/\" target=\"_blank\" title=\"\" ><img class=\"lazy-load\" src=\"data:image\/svg+xml;charset=utf-8,%3Csvg xmlns%3D&#039;http%3A%2F%2Fwww.w3.org%2F2000%2Fsvg&#039; viewBox%3D&#039;0 0 150 150&#039;%2F%3E\" width=\"150\" height=\"150\" alt=\"BPC \u2013 Banco de Poupan\u00e7a e Cr\u00e9dito\" data-srcset=\"https:\/\/www.fordesi.pt\/wp-content\/uploads\/2018\/05\/fordesi-bcp.jpg 150w\" data-src=\"https:\/\/www.fordesi.pt\/wp-content\/uploads\/2018\/05\/fordesi-bcp.jpg\" \/><\/a><\/div><\/div><div class=\"wf-cell\"><div><a class=\"layzr-bg\" href=\"https:\/\/www.catram-consultants.com\/\" target=\"_blank\" title=\"\" ><img class=\"lazy-load\" src=\"data:image\/svg+xml;charset=utf-8,%3Csvg xmlns%3D&#039;http%3A%2F%2Fwww.w3.org%2F2000%2Fsvg&#039; viewBox%3D&#039;0 0 150 150&#039;%2F%3E\" width=\"150\" height=\"150\" alt=\"CATRAM Consultants &#8211; Fran\u00e7a\" data-srcset=\"https:\/\/www.fordesi.pt\/wp-content\/uploads\/2018\/05\/fordesicatramt.jpg 150w\" data-src=\"https:\/\/www.fordesi.pt\/wp-content\/uploads\/2018\/05\/fordesicatramt.jpg\" \/><\/a><\/div><\/div><div class=\"wf-cell\"><div><a class=\"layzr-bg\" href=\"http:\/\/www.enapor.cv\" target=\"_blank\" title=\"\" ><img class=\"lazy-load\" src=\"data:image\/svg+xml;charset=utf-8,%3Csvg xmlns%3D&#039;http%3A%2F%2Fwww.w3.org%2F2000%2Fsvg&#039; viewBox%3D&#039;0 0 150 150&#039;%2F%3E\" width=\"150\" height=\"150\" alt=\"ENAPOR \u2013 Portos de Cabo Verde\" data-srcset=\"https:\/\/www.fordesi.pt\/wp-content\/uploads\/2018\/05\/fordesi-enapor.jpg 150w\" data-src=\"https:\/\/www.fordesi.pt\/wp-content\/uploads\/2018\/05\/fordesi-enapor.jpg\" \/><\/a><\/div><\/div><div class=\"wf-cell\"><div><a class=\"layzr-bg\" href=\"http:\/\/www.portoluanda.co.ao\" target=\"_blank\" title=\"\" ><img class=\"lazy-load\" src=\"data:image\/svg+xml;charset=utf-8,%3Csvg xmlns%3D&#039;http%3A%2F%2Fwww.w3.org%2F2000%2Fsvg&#039; viewBox%3D&#039;0 0 150 150&#039;%2F%3E\" width=\"150\" height=\"150\" alt=\"EPL &#8211; Porto de Luanda\" data-srcset=\"https:\/\/www.fordesi.pt\/wp-content\/uploads\/2018\/05\/fordesi-porto-luanda.jpg 150w\" data-src=\"https:\/\/www.fordesi.pt\/wp-content\/uploads\/2018\/05\/fordesi-porto-luanda.jpg\" \/><\/a><\/div><\/div><div class=\"wf-cell\"><div><img class=\"lazy-load\" src=\"data:image\/svg+xml;charset=utf-8,%3Csvg xmlns%3D&#039;http%3A%2F%2Fwww.w3.org%2F2000%2Fsvg&#039; viewBox%3D&#039;0 0 150 150&#039;%2F%3E\" width=\"150\" height=\"150\" alt=\"IMPA &#8211; Instituto Mar\u00edtimo e Portu\u00e1rio de Angola\" data-srcset=\"https:\/\/www.fordesi.pt\/wp-content\/uploads\/2018\/05\/fordesi-impa.jpg 150w\" data-src=\"https:\/\/www.fordesi.pt\/wp-content\/uploads\/2018\/05\/fordesi-impa.jpg\" \/><\/div><\/div><\/section>[vc_empty_space height=&#8221;15px&#8221;][\/vc_column][\/vc_row][vc_row type=&#8221;vc_default&#8221;][vc_column][vc_empty_space height=&#8221;60px&#8221;][\/vc_column][\/vc_row][vc_row type=&#8221;5&#8243; equal_height=&#8221;yes&#8221; content_placement=&#8221;middle&#8221; parallax=&#8221;content-moving&#8221; parallax_image=&#8221;2125&#8243; padding_top=&#8221;60&#8243; padding_bottom=&#8221;60&#8243; bg_cover=&#8221;true&#8221; enable_parallax=&#8221;false&#8221; css=&#8221;.vc_custom_1526033038594{padding-top: 60px !important;padding-bottom: 60px !important;}&#8221; bg_image=&#8221;https:\/\/www.fordesi.pt\/wp-content\/uploads\/2018\/05\/cta-footer.jpg&#8221;][vc_column width=&#8221;2\/3&#8243;]<div id=\"ultimate-heading-317969f488d2b1a29\" class=\"uvc-heading ult-adjust-bottom-margin ultimate-heading-317969f488d2b1a29 uvc-9888 \" data-hspacer=\"no_spacer\"  data-halign=\"left\" style=\"text-align:left\"><div class=\"uvc-heading-spacer no_spacer\" style=\"top\"><\/div><div class=\"uvc-main-heading ult-responsive\"  data-ultimate-target='.uvc-heading.ultimate-heading-317969f488d2b1a29 h2'  data-responsive-json-new='{\"font-size\":\"desktop:48px;\",\"line-height\":\"desktop:58px;\"}' ><h2 style=\"--font-weight:theme;\">DO YOU NEED A CUSTOM SOLUTION<\/h2><\/div><div class=\"uvc-sub-heading ult-responsive\"  data-ultimate-target='.uvc-heading.ultimate-heading-317969f488d2b1a29 .uvc-sub-heading '  data-responsive-json-new='{\"font-size\":\"desktop:16px;\",\"line-height\":\"desktop:26px;\"}'  style=\"font-weight:normal;\">Contact us<\/div><\/div>[\/vc_column][vc_column width=&#8221;1\/3&#8243;][vc_empty_space height=&#8221;30px&#8221;]<style type=\"text\/css\" data-type=\"the7_shortcodes-inline-css\">#default-btn-b3794f0929706d8324fbb60160203912.ico-right-side > i {\n  margin-right: 0px;\n  margin-left: 8px;\n}\n#default-btn-b3794f0929706d8324fbb60160203912 > i {\n  margin-right: 8px;\n}\n#default-btn-b3794f0929706d8324fbb60160203912 * {\n  vertical-align: middle;\n}\n<\/style><a href=\"https:\/\/www.fordesi.pt\/quem-somos\/contactos\/\" class=\"default-btn-shortcode dt-btn dt-btn-l link-hover-off ico-right-side btn-inline-left \" id=\"default-btn-b3794f0929706d8324fbb60160203912\" title=\"Contacte-nos\"><span>CONTACTE-NOS<\/span><i class=\"fa fa-arrow-circle-right\"><\/i><\/a>[\/vc_column][\/vc_row]<\/p>\n","protected":false},"excerpt":{"rendered":"<p>[vc_row type=&#8221;vc_default&#8221;][vc_column][vc_column_text]We believe on long-lasting and trustworthy relationships with our customers.\u00a0Over the past 30 years, we have helped our customers in various sectors of intervention to respond successfully to current challenges and prepare their future strategy, offering our know-how and engineering services.[\/vc_column_text][vc_empty_space height=&#8221;30px&#8221;][\/vc_column][\/vc_row][vc_row type=&#8221;vc_default&#8221; css=&#8221;.vc_custom_1525865909106{margin-top: 60px !important;margin-bottom: 60px !important;}&#8221;][vc_column][vc_empty_space height=&#8221;30px&#8221;][\/vc_column][\/vc_row][vc_row type=&#8221;vc_default&#8221;][vc_column width=&#8221;1\/3&#8243; offset=&#8221;vc_hidden-xs&#8221;][vc_single_image image=&#8221;2492&#8243; img_size=&#8221;large&#8221;][\/vc_column][vc_column&hellip;<\/p>\n","protected":false},"author":1,"featured_media":0,"parent":0,"menu_order":60,"comment_status":"closed","ping_status":"closed","template":"","meta":[],"_links":{"self":[{"href":"https:\/\/www.fordesi.pt\/en\/wp-json\/wp\/v2\/pages\/2754\/"}],"collection":[{"href":"https:\/\/www.fordesi.pt\/en\/wp-json\/wp\/v2\/pages\/"}],"about":[{"href":"https:\/\/www.fordesi.pt\/en\/wp-json\/wp\/v2\/types\/page\/"}],"author":[{"embeddable":true,"href":"https:\/\/www.fordesi.pt\/en\/wp-json\/wp\/v2\/users\/1\/"}],"replies":[{"embeddable":true,"href":"https:\/\/www.fordesi.pt\/en\/wp-json\/wp\/v2\/comments\/?post=2754"}],"version-history":[{"count":4,"href":"https:\/\/www.fordesi.pt\/en\/wp-json\/wp\/v2\/pages\/2754\/revisions\/"}],"predecessor-version":[{"id":3188,"href":"https:\/\/www.fordesi.pt\/en\/wp-json\/wp\/v2\/pages\/2754\/revisions\/3188\/"}],"wp:attachment":[{"href":"https:\/\/www.fordesi.pt\/en\/wp-json\/wp\/v2\/media\/?parent=2754"}],"curies":[{"name":"wp","href":"https:\/\/api.w.org\/{rel}","templated":true}]}}