{"id":2756,"date":"2018-05-09T11:43:54","date_gmt":"2018-05-09T10:43:54","guid":{"rendered":"https:\/\/www.fordesi.pt\/business-cases\/"},"modified":"2020-10-21T16:59:00","modified_gmt":"2020-10-21T15:59:00","slug":"business-cases","status":"publish","type":"page","link":"https:\/\/www.fordesi.pt\/en\/business-cases\/","title":{"rendered":"Business Cases"},"content":{"rendered":"<p>[vc_row type=&#8221;vc_default&#8221;][vc_column]<div id=\"ultimate-heading-24669f488dbc06fa\" class=\"uvc-heading ult-adjust-bottom-margin ultimate-heading-24669f488dbc06fa uvc-8598 accent-title-color uvc-heading-default-font-sizes\" data-hspacer=\"no_spacer\"  data-halign=\"left\" style=\"text-align:left\"><div class=\"uvc-heading-spacer no_spacer\" style=\"top\"><\/div><div class=\"uvc-main-heading ult-responsive\"  data-ultimate-target='.uvc-heading.ultimate-heading-24669f488dbc06fa h2'  data-responsive-json-new='{\"font-size\":\"\",\"line-height\":\"\"}' ><h2 style=\"--font-weight:theme;margin-bottom:5px;\">DISCOVER OUR BUSINESS CASES<\/h2><\/div><div class=\"uvc-sub-heading ult-responsive\"  data-ultimate-target='.uvc-heading.ultimate-heading-24669f488dbc06fa .uvc-sub-heading '  data-responsive-json-new='{\"font-size\":\"desktop:20px;\",\"line-height\":\"desktop:30px;\"}'  style=\"font-weight:normal;margin-bottom:15px;\"><span style=\"font-weight: 400;\">Em qualquer projeto, mantemos o foco em objetivos concretos, tang\u00edveis e realistas.<\/span><\/div><\/div><div id=\"ultimate-heading-982769f488dbc07ba\" class=\"uvc-heading ult-adjust-bottom-margin ultimate-heading-982769f488dbc07ba uvc-3957 accent-title-color uvc-heading-default-font-sizes\" data-hspacer=\"no_spacer\"  data-halign=\"left\" style=\"text-align:left\"><div class=\"uvc-heading-spacer no_spacer\" style=\"top\"><\/div><div class=\"uvc-sub-heading ult-responsive\"  data-ultimate-target='.uvc-heading.ultimate-heading-982769f488dbc07ba .uvc-sub-heading '  data-responsive-json-new='{\"font-size\":\"\",\"line-height\":\"\"}'  style=\"font-weight:normal;margin-bottom:15px;\"><span style=\"font-weight: 400;\"> Criamos todas as condi\u00e7\u00f5es para que os nossos clientes possam tra\u00e7ar estrat\u00e9gias de desenvolvimento sustentadas e eficientes atrav\u00e9s da combina\u00e7\u00e3o de consultoria, inova\u00e7\u00e3o e tecnologia:<\/span><\/div><\/div>[vc_empty_space height=&#8221;30px&#8221;]<div class=\"standard-arrow list-divider bullet-top\"><ul>\n<li>Estudo de modelos de neg\u00f3cio alternativos e aproveitamento de fatores de inova\u00e7\u00e3o processual e tecnol\u00f3gica como catalisadores do neg\u00f3cio<\/li>\n<li>Promo\u00e7\u00e3o da desmaterializa\u00e7\u00e3o de processos e da transfer\u00eancia da inova\u00e7\u00e3o para o dom\u00ednio pr\u00e1tico, permitindo otimizar os recursos humanos, tecnol\u00f3gicos e financeiros dispon\u00edveis<\/li>\n<li>Constru\u00e7\u00e3o de mapas de KPIs e ferramentas tecnol\u00f3gicas que promovam a tomada de decis\u00e3o fundamentada e em tempo \u00fatil<\/li>\n<li>Desenho e implementa\u00e7\u00e3o de processos operacionais mais lean, integrados e suportados tecnologicamente<\/li>\n<li>Automatiza\u00e7\u00e3o de atividades de menor valor acrescentado, baseada numa transi\u00e7\u00e3o gradual, controlada e de capacita\u00e7\u00e3o dos recursos humanos<\/li>\n<li>Implementa\u00e7\u00e3o de mecanismos de monitoriza\u00e7\u00e3o e controlo operacional que permitam antecipar problemas de gest\u00e3o corrente, minimizando os seus impactos<\/li>\n<li>Suporte operacional, tecnol\u00f3gico e de articula\u00e7\u00e3o com os stakeholders externos para cumprir os requisitos legais e as certifica\u00e7\u00f5es em vigor<\/li>\n<li>Utiliza\u00e7\u00e3o de tecnologias standard para integrar e potenciar o investimento j\u00e1 realizado<\/li>\n<li>Redund\u00e2ncia de sistemas, comunica\u00e7\u00f5es e aplica\u00e7\u00f5es para garantir a alta disponibilidade das aplica\u00e7\u00f5es existentes<\/li>\n<\/ul>\n<\/div>[\/vc_column][\/vc_row][vc_row type=&#8221;vc_default&#8221; css=&#8221;.vc_custom_1525866444427{margin-top: 60px !important;margin-bottom: 60px !important;}&#8221;][vc_column]<div id=\"ultimate-heading-536869f488dbc097c\" class=\"uvc-heading ult-adjust-bottom-margin ultimate-heading-536869f488dbc097c uvc-1398 accent-title-color uvc-heading-default-font-sizes\" data-hspacer=\"no_spacer\"  data-halign=\"left\" style=\"text-align:left\"><div class=\"uvc-heading-spacer no_spacer\" style=\"top\"><\/div><div class=\"uvc-main-heading ult-responsive\"  data-ultimate-target='.uvc-heading.ultimate-heading-536869f488dbc097c h2'  data-responsive-json-new='{\"font-size\":\"\",\"line-height\":\"\"}' ><h2 style=\"--font-weight:theme;margin-bottom:5px;\">FEATURED SUCCESS STORIES<\/h2><\/div><\/div>[vc_empty_space height=&#8221;30px&#8221;]<div class=\"standard-arrow\"><ul>\n<li>IP4Log \u2013 Terminal Management System da Infraestruturas de Portugal \u2013 Last generation logistics HUB<\/li>\n<li>EPL \u2013 Sistema de Portarias do Porto de Luanda &#8211; Sistema de Portarias nos Terminais Concessionados e Portos Secos<\/li>\n<li>SILOPOR &#8211; Gest\u00e3o de Terminais de Armazenagem e Gran\u00e9is Alimentares Trafaria e Beato<\/li>\n<li>SILOS DE LEIX\u00d5ES &#8211; Armazenagem de Gran\u00e9is Alimentares<\/li>\n<li>URBANOS \u2013 Logistics &amp; Express Delivery System<\/li>\n<\/ul>\n<\/div>[\/vc_column][\/vc_row][vc_row type=&#8221;4&#8243; equal_height=&#8221;yes&#8221; content_placement=&#8221;middle&#8221; parallax=&#8221;content-moving&#8221; parallax_image=&#8221;2125&#8243; padding_top=&#8221;60&#8243; padding_bottom=&#8221;60&#8243; bg_cover=&#8221;true&#8221; enable_parallax=&#8221;false&#8221; css=&#8221;.vc_custom_1524072972800{padding-top: 60px !important;padding-bottom: 60px !important;}&#8221; bg_image=&#8221;https:\/\/www.fordesi.pt\/wp-content\/uploads\/revslider\/the7-fullscreen-header-excluded\/ree.gif&#8221;][vc_column width=&#8221;2\/3&#8243;]<div id=\"ultimate-heading-773969f488dbc0ae9\" class=\"uvc-heading ult-adjust-bottom-margin ultimate-heading-773969f488dbc0ae9 uvc-6726 \" data-hspacer=\"no_spacer\"  data-halign=\"left\" style=\"text-align:left\"><div class=\"uvc-heading-spacer no_spacer\" style=\"top\"><\/div><div class=\"uvc-main-heading ult-responsive\"  data-ultimate-target='.uvc-heading.ultimate-heading-773969f488dbc0ae9 h2'  data-responsive-json-new='{\"font-size\":\"desktop:48px;\",\"line-height\":\"desktop:58px;\"}' ><h2 style=\"--font-weight:theme;\">DO YOU NEED A CUSTOM SOLUTION ?<\/h2><\/div><div class=\"uvc-sub-heading ult-responsive\"  data-ultimate-target='.uvc-heading.ultimate-heading-773969f488dbc0ae9 .uvc-sub-heading '  data-responsive-json-new='{\"font-size\":\"desktop:16px;\",\"line-height\":\"desktop:26px;\"}'  style=\"font-weight:normal;\">Contact us we can help you.<\/div><\/div>[\/vc_column][vc_column width=&#8221;1\/3&#8243;][vc_empty_space height=&#8221;30px&#8221;]<style type=\"text\/css\" data-type=\"the7_shortcodes-inline-css\">#default-btn-77c6141cfe50bec5831456e29286d591 {\n  border-radius: 5px;\n  font-size: 16px;\n  line-height: 18px;\n}\n.btn-shadow#default-btn-77c6141cfe50bec5831456e29286d591 {\n  box-shadow: 0 1px 6px rgba(0,0,0,0.12);\n  transition: box-shadow 0.2s ease-out, opacity 0.45s;\n}\n.btn-shadow#default-btn-77c6141cfe50bec5831456e29286d591:hover {\n  box-shadow: 0 5px 11px 0 rgba(0,0,0,0.18), 0 4px 15px 0 rgba(0,0,0,0.15);\n}\n.btn-3d#default-btn-77c6141cfe50bec5831456e29286d591 {\n  box-shadow: 0px 2px 0px 0px #dc7a18;\n}\n.btn-flat#default-btn-77c6141cfe50bec5831456e29286d591 {\n  box-shadow: none;\n}\n.btn-flat#default-btn-77c6141cfe50bec5831456e29286d591:hover {\n  box-shadow: none;\n}\n#default-btn-77c6141cfe50bec5831456e29286d591.ico-right-side > i {\n  margin-right: 0px;\n  margin-left: 8px;\n}\n#default-btn-77c6141cfe50bec5831456e29286d591 > i {\n  margin-right: 8px;\n  font-size: 16px;\n}\n#default-btn-77c6141cfe50bec5831456e29286d591:not(:hover) {\n  border-width: 0px;\n  background: #ff9933 !important;\n  padding: 18px 24px 18px 24px;\n}\n#default-btn-77c6141cfe50bec5831456e29286d591:hover {\n  border-width: 0px;\n  padding: 18px 24px 18px 24px;\n}\n#default-btn-77c6141cfe50bec5831456e29286d591.ico-right-side > i {\n  margin-right: 0px;\n  margin-left: 8px;\n}\n#default-btn-77c6141cfe50bec5831456e29286d591 > i {\n  margin-right: 8px;\n}\n#default-btn-77c6141cfe50bec5831456e29286d591 * {\n  vertical-align: middle;\n}\n<\/style><a href=\"https:\/\/www.fordesi.pt\/contato\/\" class=\"default-btn-shortcode dt-btn link-hover-off ico-right-side btn-inline-left btn-flat \" id=\"default-btn-77c6141cfe50bec5831456e29286d591\" title=\"Contacte-nos\"><span>CONTACT US<\/span><i class=\"fa fa-arrow-circle-right\"><\/i><\/a>[\/vc_column][\/vc_row]<\/p>\n","protected":false},"excerpt":{"rendered":"<p>[vc_row type=&#8221;vc_default&#8221;][vc_column][vc_empty_space height=&#8221;30px&#8221;][\/vc_column][\/vc_row][vc_row type=&#8221;vc_default&#8221; css=&#8221;.vc_custom_1525866444427{margin-top: 60px !important;margin-bottom: 60px !important;}&#8221;][vc_column][vc_empty_space height=&#8221;30px&#8221;][\/vc_column][\/vc_row][vc_row type=&#8221;4&#8243; equal_height=&#8221;yes&#8221; content_placement=&#8221;middle&#8221; parallax=&#8221;content-moving&#8221; parallax_image=&#8221;2125&#8243; padding_top=&#8221;60&#8243; padding_bottom=&#8221;60&#8243; bg_cover=&#8221;true&#8221; enable_parallax=&#8221;false&#8221; css=&#8221;.vc_custom_1524072972800{padding-top: 60px !important;padding-bottom: 60px !important;}&#8221; bg_image=&#8221;https:\/\/www.fordesi.pt\/wp-content\/uploads\/revslider\/the7-fullscreen-header-excluded\/ree.gif&#8221;][vc_column width=&#8221;2\/3&#8243;][\/vc_column][vc_column width=&#8221;1\/3&#8243;][vc_empty_space height=&#8221;30px&#8221;][\/vc_column][\/vc_row]<\/p>\n","protected":false},"author":1,"featured_media":0,"parent":0,"menu_order":65,"comment_status":"closed","ping_status":"closed","template":"","meta":[],"_links":{"self":[{"href":"https:\/\/www.fordesi.pt\/en\/wp-json\/wp\/v2\/pages\/2756\/"}],"collection":[{"href":"https:\/\/www.fordesi.pt\/en\/wp-json\/wp\/v2\/pages\/"}],"about":[{"href":"https:\/\/www.fordesi.pt\/en\/wp-json\/wp\/v2\/types\/page\/"}],"author":[{"embeddable":true,"href":"https:\/\/www.fordesi.pt\/en\/wp-json\/wp\/v2\/users\/1\/"}],"replies":[{"embeddable":true,"href":"https:\/\/www.fordesi.pt\/en\/wp-json\/wp\/v2\/comments\/?post=2756"}],"version-history":[{"count":3,"href":"https:\/\/www.fordesi.pt\/en\/wp-json\/wp\/v2\/pages\/2756\/revisions\/"}],"predecessor-version":[{"id":3676,"href":"https:\/\/www.fordesi.pt\/en\/wp-json\/wp\/v2\/pages\/2756\/revisions\/3676\/"}],"wp:attachment":[{"href":"https:\/\/www.fordesi.pt\/en\/wp-json\/wp\/v2\/media\/?parent=2756"}],"curies":[{"name":"wp","href":"https:\/\/api.w.org\/{rel}","templated":true}]}}