{"id":2765,"date":"2018-05-09T12:09:17","date_gmt":"2018-05-09T11:09:17","guid":{"rendered":"https:\/\/www.fordesi.pt\/about-us\/carrers\/"},"modified":"2018-09-26T17:54:16","modified_gmt":"2018-09-26T17:54:16","slug":"carrers","status":"publish","type":"page","link":"https:\/\/www.fordesi.pt\/en\/carrers\/","title":{"rendered":"Carrers"},"content":{"rendered":"<p>[vc_row type=&#8221;vc_default&#8221; gap=&#8221;30&#8243; equal_height=&#8221;yes&#8221; content_placement=&#8221;middle&#8221;][vc_column width=&#8221;2\/3&#8243;][vc_empty_space height=&#8221;30px&#8221;]<div id=\"ultimate-heading-165669f48873ce3eb\" class=\"uvc-heading ult-adjust-bottom-margin ultimate-heading-165669f48873ce3eb uvc-1174 \" data-hspacer=\"no_spacer\"  data-halign=\"left\" style=\"text-align:left\"><div class=\"uvc-heading-spacer no_spacer\" style=\"top\"><\/div><div class=\"uvc-main-heading ult-responsive\"  data-ultimate-target='.uvc-heading.ultimate-heading-165669f48873ce3eb h3'  data-responsive-json-new='{\"font-size\":\"desktop:20px;\",\"line-height\":\"desktop:30px;\"}' ><h3 style=\"--font-weight:theme;\">Para responder ao crescimento e aos desafios dos nossos clientes, estamos continuamente \u00e0 procura dos melhores talentos.<\/h3><\/div><\/div>[vc_empty_space height=&#8221;30px&#8221;][vc_column_text]Veja em baixo as posi\u00e7\u00f5es que temos em aberto e fa\u00e7a parte de uma equipa vencedora, que valoriza sempre o seu ativo mais importante \u2013 as pessoas, e proporciona uma experi\u00eancia enriquecedora e estimulante.[\/vc_column_text][vc_empty_space height=&#8221;30px&#8221;][\/vc_column][vc_column width=&#8221;1\/3&#8243;]<div class=\"aio-icon-component    style_1\"><div id=\"Info-box-wrap-6968\" class=\"aio-icon-box top-icon\" style=\"\"  ><div class=\"aio-icon-top\"><div class=\"ult-just-icon-wrapper  \"><div class=\"align-icon\" style=\"text-align:center;\">\n<div class=\"aio-icon circle \"  style=\"color:#ffffff;background:#08bfdd;font-size:32px;display:inline-block;\">\n\t<i class=\"Defaults-pencil\"><\/i>\n<\/div><\/div><\/div><\/div><div class=\"aio-icon-header\" ><h3 class=\"aio-icon-title ult-responsive\"  data-ultimate-target='#Info-box-wrap-6968 .aio-icon-title'  data-responsive-json-new='{\"font-size\":\"\",\"line-height\":\"\"}'  style=\"font-family:&#039;Raleway&#039;;font-weight:500;\">CANDIDATURA<\/h3><\/div> <!-- header --><div class=\"aio-icon-description ult-responsive\"  data-ultimate-target='#Info-box-wrap-6968 .aio-icon-description'  data-responsive-json-new='{\"font-size\":\"\",\"line-height\":\"\"}'  style=\"\">As candidaturas espont\u00e2neas podem ser enviadas para o email <strong>xpto@fordesi.pt<\/strong>.<\/p>\n<p>Todas elas ser\u00e3o analisadas e respondidas.<\/div> <!-- description --><\/div> <!-- aio-icon-box --><\/div> <!-- aio-icon-component -->[\/vc_column][\/vc_row][vc_row type=&#8221;vc_default&#8221; css=&#8221;.vc_custom_1525868096000{margin-top: 60px !important;margin-bottom: 60px !important;}&#8221;][vc_column]<div id=\"ultimate-heading-209469f48873ce630\" class=\"uvc-heading ult-adjust-bottom-margin ultimate-heading-209469f48873ce630 uvc-3429 accent-title-color uvc-heading-default-font-sizes\" data-hspacer=\"no_spacer\"  data-halign=\"center\" style=\"text-align:center\"><div class=\"uvc-heading-spacer no_spacer\" style=\"top\"><\/div><div class=\"uvc-main-heading ult-responsive\"  data-ultimate-target='.uvc-heading.ultimate-heading-209469f48873ce630 h2'  data-responsive-json-new='{\"font-size\":\"\",\"line-height\":\"\"}' ><h2 style=\"--font-weight:theme;\">Open positions<\/h2><\/div><\/div>[vc_empty_space height=&#8221;30px&#8221;][vc_row_inner gap=&#8221;30&#8243; css=&#8221;.vc_custom_1525868242105{margin-top: 15px !important;margin-bottom: 15px !important;}&#8221;][vc_column_inner width=&#8221;1\/2&#8243;][vc_column_text]<\/p>\n<h4>Posi\u00e7\u00e3o XPTO<\/h4>\n<p><strong>Perfil:<\/strong><\/p>\n<p>Lorem ipsum dolor sit amet, ex sit iudico scripserit, dicam constituam ius id, ea aliquip molestiae consetetur eum. Et eum causae veritus officiis, pro in ullum denique. Nam mollis urbanitas an, fugit latine appetere ex sed, est at brute ponderum. Ea rebum quaeque vocibus eos, eu legimus deseruisse nam. Ei idque tibique duo.<\/p>\n<p>Pri altera invenire cu. Ut laudem temporibus est, paulo mucius intellegat usu et. Eam no ponderum patrioque. Est ex assum quando iisque. Sea verterem conclusionemque no, meis propriae mel in, ex eius vidit duo.<\/p>\n<p><strong>Local:<\/strong> Lisboa<\/p>\n<p><strong>Hor\u00e1rio de trabalho:<\/strong> 9:00 \u00e0s 13:00 &#8211; 14:00 \u00e0s 18:00<\/p>\n<p>[\/vc_column_text][\/vc_column_inner][vc_column_inner width=&#8221;1\/2&#8243;][vc_column_text]<\/p>\n<h4>Posi\u00e7\u00e3o XPTO<\/h4>\n<p><strong>Perfil:<\/strong><\/p>\n<p>Lorem ipsum dolor sit amet, ex sit iudico scripserit, dicam constituam ius id, ea aliquip molestiae consetetur eum. Et eum causae veritus officiis, pro in ullum denique. Nam mollis urbanitas an, fugit latine appetere ex sed, est at brute ponderum. Ea rebum quaeque vocibus eos, eu legimus deseruisse nam. Ei idque tibique duo.<\/p>\n<p>Pri altera invenire cu. Ut laudem temporibus est, paulo mucius intellegat usu et. Eam no ponderum patrioque. Est ex assum quando iisque. Sea verterem conclusionemque no, meis propriae mel in, ex eius vidit duo.<\/p>\n<p><strong>Local:<\/strong> Lisboa<\/p>\n<p><strong>Hor\u00e1rio de trabalho:<\/strong> 9:00 \u00e0s 13:00 &#8211; 14:00 \u00e0s 18:00<\/p>\n<p>[\/vc_column_text][\/vc_column_inner][\/vc_row_inner][\/vc_column][\/vc_row][vc_row type=&#8221;5&#8243; equal_height=&#8221;yes&#8221; content_placement=&#8221;middle&#8221; parallax=&#8221;content-moving&#8221; parallax_image=&#8221;2125&#8243; padding_top=&#8221;60&#8243; padding_bottom=&#8221;60&#8243; bg_cover=&#8221;true&#8221; enable_parallax=&#8221;false&#8221; css=&#8221;.vc_custom_1526556856271{padding-top: 60px !important;padding-bottom: 60px !important;}&#8221; bg_image=&#8221;https:\/\/www.fordesi.pt\/wp-content\/uploads\/2018\/05\/cta-footer.jpg&#8221;][vc_column width=&#8221;2\/3&#8243;]<div id=\"ultimate-heading-40969f48873ce6ec\" class=\"uvc-heading ult-adjust-bottom-margin ultimate-heading-40969f48873ce6ec uvc-4120 \" data-hspacer=\"no_spacer\"  data-halign=\"left\" style=\"text-align:left\"><div class=\"uvc-heading-spacer no_spacer\" style=\"top\"><\/div><div class=\"uvc-main-heading ult-responsive\"  data-ultimate-target='.uvc-heading.ultimate-heading-40969f48873ce6ec h2'  data-responsive-json-new='{\"font-size\":\"desktop:48px;\",\"line-height\":\"desktop:58px;\"}' ><h2 style=\"--font-weight:theme;\">ENVIE-NOS A SUA CANDIDATURA<\/h2><\/div><div class=\"uvc-sub-heading ult-responsive\"  data-ultimate-target='.uvc-heading.ultimate-heading-40969f48873ce6ec .uvc-sub-heading '  data-responsive-json-new='{\"font-size\":\"desktop:16px;\",\"line-height\":\"desktop:26px;\"}'  style=\"font-weight:normal;\">Estamos continuamente \u00e0 procura dos melhores talento.<\/div><\/div>[\/vc_column][vc_column width=&#8221;1\/3&#8243;][vc_empty_space height=&#8221;30px&#8221;]<style type=\"text\/css\" data-type=\"the7_shortcodes-inline-css\">#default-btn-8977535003dca57d59ef9dbd369ba896.ico-right-side > i {\n  margin-right: 0px;\n  margin-left: 8px;\n}\n#default-btn-8977535003dca57d59ef9dbd369ba896 > i {\n  margin-right: 8px;\n}\n#default-btn-8977535003dca57d59ef9dbd369ba896 * {\n  vertical-align: middle;\n}\n<\/style><a href=\"mailto:xpto@fordesi.pt\" class=\"default-btn-shortcode dt-btn dt-btn-l link-hover-off ico-right-side btn-inline-left \" id=\"default-btn-8977535003dca57d59ef9dbd369ba896\" title=\"Contacte-nos\" rel=\"nofollow\"><span>CANDIDATURA<\/span><i class=\"fa fa-arrow-circle-right\"><\/i><\/a>[\/vc_column][\/vc_row]<\/p>\n","protected":false},"excerpt":{"rendered":"<p>[vc_row type=&#8221;vc_default&#8221; gap=&#8221;30&#8243; equal_height=&#8221;yes&#8221; content_placement=&#8221;middle&#8221;][vc_column width=&#8221;2\/3&#8243;][vc_empty_space height=&#8221;30px&#8221;][vc_empty_space height=&#8221;30px&#8221;][vc_column_text]Veja em baixo as posi\u00e7\u00f5es que temos em aberto e fa\u00e7a parte de uma equipa vencedora, que valoriza sempre o seu ativo mais importante \u2013 as pessoas, e proporciona uma experi\u00eancia enriquecedora e estimulante.[\/vc_column_text][vc_empty_space height=&#8221;30px&#8221;][\/vc_column][vc_column width=&#8221;1\/3&#8243;][\/vc_column][\/vc_row][vc_row type=&#8221;vc_default&#8221; css=&#8221;.vc_custom_1525868096000{margin-top: 60px !important;margin-bottom: 60px !important;}&#8221;][vc_column][vc_empty_space height=&#8221;30px&#8221;][vc_row_inner gap=&#8221;30&#8243; css=&#8221;.vc_custom_1525868242105{margin-top: 15px !important;margin-bottom: 15px&hellip;<\/p>\n","protected":false},"author":1,"featured_media":0,"parent":0,"menu_order":92,"comment_status":"closed","ping_status":"closed","template":"","meta":[],"_links":{"self":[{"href":"https:\/\/www.fordesi.pt\/en\/wp-json\/wp\/v2\/pages\/2765\/"}],"collection":[{"href":"https:\/\/www.fordesi.pt\/en\/wp-json\/wp\/v2\/pages\/"}],"about":[{"href":"https:\/\/www.fordesi.pt\/en\/wp-json\/wp\/v2\/types\/page\/"}],"author":[{"embeddable":true,"href":"https:\/\/www.fordesi.pt\/en\/wp-json\/wp\/v2\/users\/1\/"}],"replies":[{"embeddable":true,"href":"https:\/\/www.fordesi.pt\/en\/wp-json\/wp\/v2\/comments\/?post=2765"}],"version-history":[{"count":2,"href":"https:\/\/www.fordesi.pt\/en\/wp-json\/wp\/v2\/pages\/2765\/revisions\/"}],"predecessor-version":[{"id":3169,"href":"https:\/\/www.fordesi.pt\/en\/wp-json\/wp\/v2\/pages\/2765\/revisions\/3169\/"}],"wp:attachment":[{"href":"https:\/\/www.fordesi.pt\/en\/wp-json\/wp\/v2\/media\/?parent=2765"}],"curies":[{"name":"wp","href":"https:\/\/api.w.org\/{rel}","templated":true}]}}