{"id":2767,"date":"2018-05-23T07:53:02","date_gmt":"2018-05-23T07:53:02","guid":{"rendered":"https:\/\/www.fordesi.pt\/privacy-policy\/"},"modified":"2018-07-13T15:49:15","modified_gmt":"2018-07-13T15:49:15","slug":"privacy-policy","status":"publish","type":"page","link":"https:\/\/www.fordesi.pt\/en\/privacy-policy\/","title":{"rendered":"Terms of Use and Privacy Policy"},"content":{"rendered":"<h2>Termos de utiliza\u00e7\u00e3o do site<\/h2>\n<p>Ao navegar no nosso site significa que est\u00e1 a aceitar o registo de cookies no seu browser de navega\u00e7\u00e3o para nossa utiliza\u00e7\u00e3o. Caso n\u00e3o pretenda poder\u00e1 desligar as cookies do seu browser de navega\u00e7\u00e3o e continuar no nosso site, podendo perder algumas funcionalidades.<\/p>\n<h2><\/h2>\n<h2>Pol\u00edtica de privacidade<\/h2>\n<h4 style=\"margin-top: 15px;\">Que dados guardamos e o que fazemos com eles?<\/h4>\n<p>A FORDESI recolhe dados para atuar de forma eficaz e divulgar as sua atividades e solu\u00e7\u00f5es, onde alguns destes dados s\u00e3o fornecidos diretamente pelo utilizador quando preenche um formul\u00e1rio no website, seja para solicitar um contacto ou para receber algum tipo de conte\u00fados de marketing (newsletters, ebooks, case studies, etc). Os dados pessoais recolhidos ser\u00e3o unicamente usados para as comunica\u00e7\u00f5es descritas acima e ap\u00f3s obtermos o seu consentimento pr\u00e9vio e expresso, sendo a FORDESI a entidade respons\u00e1vel pelo seu tratamento. Os dados em quest\u00e3o n\u00e3o ser\u00e3o utilizados para nenhuma outra finalidade, sendo conservados durante 24 meses.<\/p>\n<p>Poder\u00e1 exercer o seus direitos previstos na legisla\u00e7\u00e3o (acesso, retifica\u00e7\u00e3o, apagamento, limita\u00e7\u00e3o, oposi\u00e7\u00e3o, portabilidade) atrav\u00e9s de contacto escrito para o seguinte email: <a href=\"mailto:geral@fordesi.pt\">geral@fordesi.pt<\/a> . Poder\u00e1 retirar o presente consentimento a qualquer momento.<\/p>\n<div id=\"cookies\">\n<p>&nbsp;<\/p>\n<\/div>\n<div>\n<h2>Cookies<\/h2>\n<h4 style=\"margin-top: 15px;\">Que cookies guardamos?<\/h4>\n<ul style=\"margin-top: 30px;\">\n<li>Cookies de Google analytics: O Google Analytics \u00e9 uma ferramenta de an\u00e1lise, que nos ajuda a entender como os visitantes interagem com o nosso website. Utilizamos cookies para recolher informa\u00e7\u00f5es e estat\u00edsticas de utiliza\u00e7\u00e3o e visitas no website que n\u00e3o permitem identificar pessoalmente os utilizadores para o google. Estas cookies t\u00eam uma dura\u00e7\u00e3o no tempo de 24 meses, a partir do momento que visita o site, sendo esse prazo renovado por 24 meses a cada vez que entra no site. A perda das informa\u00e7\u00f5es armazenadas nestes cookies n\u00e3o o impede de funcionar.<\/li>\n<li>Al\u00e9m de relat\u00f3rios e estat\u00edsticas de utiliza\u00e7\u00e3o do website, o Google Analytics em conjunto com as cookies de acompanhamento do nosso sistema de CRM permitem-nos criar campanhas de re-marketing e publicidade para ajudar a mostrar conte\u00fados mais relevantes aos utilizadores, como a Pesquisa Google e em toda a Web, assim como para medir intera\u00e7\u00f5es com os conte\u00fados que apresentamos.<\/li>\n<li>Cookies de prefer\u00eancias: Estes cookies permitem que o nosso website se lembre de prefer\u00eancias suas, como o idioma que costuma selecionar. A perda das informa\u00e7\u00f5es armazenadas nestes cookies de prefer\u00eancia pode tornar a experi\u00eancia no website menos funcional, mas n\u00e3o o impede de funcionar.<\/li>\n<li>Cookies de convers\u00e3o: As cookies de convers\u00e3o, t\u00eam como principal prop\u00f3sito ajudar-nos a determinar quantas vezes as pessoas enviam os nossos formul\u00e1rios e retornam ao site. Permitem determinar que um utilizador que preencheu um formul\u00e1rio regressou ao site novamente ou voltou a contactar-nos nos formul\u00e1rios do site e que p\u00e1ginas do site visitou. Estas cookies perduram no tempo enquanto n\u00e3o as apagar.<\/li>\n<li>Cookies de funcionamento: Estas cookies servem apenas para podermos fornecer algumas funcionalidades extra, como sejam, mostrar v\u00eddeos, permitir a partilha em redes sociais, etc. S\u00e3o cookies por visita que expiram quando fecha o site.<\/li>\n<\/ul>\n<p>&nbsp;<\/p>\n<p><strong>\u00daltima atualiza\u00e7\u00e3o: Maio de 2018<\/strong><\/p>\n<\/div>\n","protected":false},"excerpt":{"rendered":"<p>Termos de utiliza\u00e7\u00e3o do site Ao navegar no nosso site significa que est\u00e1 a aceitar o registo de cookies no seu browser de navega\u00e7\u00e3o para nossa utiliza\u00e7\u00e3o. Caso n\u00e3o pretenda poder\u00e1 desligar as cookies do seu browser de navega\u00e7\u00e3o e continuar no nosso site, podendo perder algumas funcionalidades. Pol\u00edtica de privacidade Que dados guardamos e&hellip;<\/p>\n","protected":false},"author":1,"featured_media":0,"parent":0,"menu_order":120,"comment_status":"closed","ping_status":"closed","template":"","meta":[],"_links":{"self":[{"href":"https:\/\/www.fordesi.pt\/en\/wp-json\/wp\/v2\/pages\/2767\/"}],"collection":[{"href":"https:\/\/www.fordesi.pt\/en\/wp-json\/wp\/v2\/pages\/"}],"about":[{"href":"https:\/\/www.fordesi.pt\/en\/wp-json\/wp\/v2\/types\/page\/"}],"author":[{"embeddable":true,"href":"https:\/\/www.fordesi.pt\/en\/wp-json\/wp\/v2\/users\/1\/"}],"replies":[{"embeddable":true,"href":"https:\/\/www.fordesi.pt\/en\/wp-json\/wp\/v2\/comments\/?post=2767"}],"version-history":[{"count":3,"href":"https:\/\/www.fordesi.pt\/en\/wp-json\/wp\/v2\/pages\/2767\/revisions\/"}],"predecessor-version":[{"id":3025,"href":"https:\/\/www.fordesi.pt\/en\/wp-json\/wp\/v2\/pages\/2767\/revisions\/3025\/"}],"wp:attachment":[{"href":"https:\/\/www.fordesi.pt\/en\/wp-json\/wp\/v2\/media\/?parent=2767"}],"curies":[{"name":"wp","href":"https:\/\/api.w.org\/{rel}","templated":true}]}}